{"id":10,"date":"2017-03-02T15:26:27","date_gmt":"2017-03-02T15:26:27","guid":{"rendered":"http:\/\/www.fcn.unp.edu.ar\/sitio\/biologiaevolutiva\/?page_id=10"},"modified":"2023-03-08T17:40:02","modified_gmt":"2023-03-08T17:40:02","slug":"contenidos-minimos","status":"publish","type":"page","link":"https:\/\/www.fcn.unp.edu.ar\/biologiaevolutiva\/index.php\/contenidos-minimos\/","title":{"rendered":"Contenidos M\u00ednimos"},"content":{"rendered":"\n<h3 class=\"wp-block-heading\"><strong>Biolog\u00eda Evolutiva- Contenidos M\u00ednimos:<\/strong><\/h3>\n\n\n\n<p>Naturaleza del registro f\u00f3sil. Fuentes para el conocimiento de la historia prec\u00e1mbrica de la vida. Tipos de especies en el registro f\u00f3sil: evoluci\u00f3n gradual, \u201cpuntual\u201d y explosiva. Medici\u00f3n de la tasa evolutiva. La reconstrucci\u00f3n filogen\u00e9tica. Concepto de Evoluci\u00f3n. Tendencia o leyes de la evoluci\u00f3n. Naturaleza de la \u201csucesi\u00f3n\u201d evolutiva. Extinciones masivas. Paleogeograf\u00eda y tect\u00f3nica global. Aplicaciones de la Paleontolog\u00eda en el an\u00e1lisis de cuencas sedimentarias.<\/p>\n\n\n\n<h3 class=\"wp-block-heading\"><strong> Evoluci\u00f3n &#8211; Contenidos M\u00ednimos:<\/strong><\/h3>\n\n\n\n<p>Introducci\u00f3n hist\u00f3rica. Evidencias de la evoluci\u00f3n. Teor\u00edas de la evoluci\u00f3n. Origen y grandes rasgos de la evoluci\u00f3n de la vida. La poblaci\u00f3n como escenario del proceso evolutivo. La din\u00e1mica de los procesos microevolutivos. Filogenia. Clasificaci\u00f3n. Sistem\u00e1tica: escuelas. Procesos de macroevoluci\u00f3n. Cambios en la diversidad. Patrones de origen y de extinci\u00f3n de los taxones. Tendencias evolutivas en distintos grupos taxon\u00f3micos. Evoluci\u00f3n humana.<\/p>\n\n\n<p><a href=\"http:\/\/www.fcn.unp.edu.ar\/sitio\/biologiaevolutiva\/wp-content\/uploads\/2017\/03\/Contenidos-M\u00ednimos-1.doc\"><img decoding=\"async\" src=\"http:\/\/www.fcn.unp.edu.ar\/sitio\/biologiaevolutiva\/wp-content\/uploads\/2021\/04\/word.ico\" alt=\"\" width=\"35\"> Contenidos M\u00ednimos <\/a><\/p>\n\n\n<p><\/p>\n","protected":false},"excerpt":{"rendered":"<p>Biolog\u00eda Evolutiva- Contenidos M\u00ednimos: Naturaleza del registro f\u00f3sil. Fuentes para el conocimiento de la historia prec\u00e1mbrica de la vida. Tipos&hellip;<\/p>\n","protected":false},"author":1,"featured_media":0,"parent":0,"menu_order":0,"comment_status":"closed","ping_status":"closed","template":"","meta":{"footnotes":""},"class_list":["post-10","page","type-page","status-publish","hentry"],"_links":{"self":[{"href":"https:\/\/www.fcn.unp.edu.ar\/biologiaevolutiva\/index.php\/wp-json\/wp\/v2\/pages\/10","targetHints":{"allow":["GET"]}}],"collection":[{"href":"https:\/\/www.fcn.unp.edu.ar\/biologiaevolutiva\/index.php\/wp-json\/wp\/v2\/pages"}],"about":[{"href":"https:\/\/www.fcn.unp.edu.ar\/biologiaevolutiva\/index.php\/wp-json\/wp\/v2\/types\/page"}],"author":[{"embeddable":true,"href":"https:\/\/www.fcn.unp.edu.ar\/biologiaevolutiva\/index.php\/wp-json\/wp\/v2\/users\/1"}],"replies":[{"embeddable":true,"href":"https:\/\/www.fcn.unp.edu.ar\/biologiaevolutiva\/index.php\/wp-json\/wp\/v2\/comments?post=10"}],"version-history":[{"count":25,"href":"https:\/\/www.fcn.unp.edu.ar\/biologiaevolutiva\/index.php\/wp-json\/wp\/v2\/pages\/10\/revisions"}],"predecessor-version":[{"id":1349,"href":"https:\/\/www.fcn.unp.edu.ar\/biologiaevolutiva\/index.php\/wp-json\/wp\/v2\/pages\/10\/revisions\/1349"}],"wp:attachment":[{"href":"https:\/\/www.fcn.unp.edu.ar\/biologiaevolutiva\/index.php\/wp-json\/wp\/v2\/media?parent=10"}],"curies":[{"name":"wp","href":"https:\/\/api.w.org\/{rel}","templated":true}]}}