{"id":1185,"date":"2022-03-06T15:35:29","date_gmt":"2022-03-06T15:35:29","guid":{"rendered":"http:\/\/www.fcn.unp.edu.ar\/sitio\/biologiaevolutiva\/?page_id=1185"},"modified":"2024-03-18T12:39:16","modified_gmt":"2024-03-18T12:39:16","slug":"criterios-de-evaluacion","status":"publish","type":"page","link":"https:\/\/www.fcn.unp.edu.ar\/biologiaevolutiva\/index.php\/criterios-de-evaluacion\/","title":{"rendered":"Criterios de evaluaci\u00f3n"},"content":{"rendered":"\n<p><strong><u>\u00bfC\u00f3mo se les va a evaluar en la asignatura Biolog\u00eda Evolutiva\/Evoluci\u00f3n?<\/u><\/strong><\/p>\n\n\n\n<p>El estudiante ser\u00e1 evaluado de manera continua a lo largo del trayecto, verificando el cumplimiento de las siguientes condiciones:<\/p>\n\n\n\n<ul class=\"wp-block-list\">\n<li><em>Responsabilidad:<\/em> se valorar\u00e1 la entrega en tiempo y forma de las diferentes actividades, el respeto y compa\u00f1erismo, as\u00ed como el trabajo en equipo y la actitud profesional.<\/li>\n<\/ul>\n\n\n\n<ul class=\"wp-block-list\">\n<li><em>Participaci\u00f3n en clase:<\/em> se valorar\u00e1 el intercambio de ideas, la reflexi\u00f3n sobre las diferentes tem\u00e1ticas que se aborden, la capacidad de integraci\u00f3n de conceptos vistos en otras materias previamente cursadas.<\/li>\n<\/ul>\n\n\n\n<ul class=\"wp-block-list\">\n<li><em>Aprobaci\u00f3n de trabajos te\u00f3rico-pr\u00e1cticos<\/em>: Al finalizar cada tema, se les entregar\u00e1 un trabajo pr\u00e1ctico con actividades diversas, de resoluci\u00f3n domiciliaria o presencial, en los cuales se pretende que el alumno pueda desarrollar de forma progresiva la resoluci\u00f3n y redacci\u00f3n de respuestas con sus propias palabras, lo cual denota la capacidad de resumen, manejo y apropiaci\u00f3n de conceptos. En los encuentros se brindar\u00e1 la posibilidad de consulta\/tutor\u00eda sobre el tema. Para cada actividad entregada se realizar\u00e1 la correspondiente retroalimentaci\u00f3n, previendo la posibilidad de reentregas en el caso de considerarse necesario.<\/li>\n<\/ul>\n\n\n\n<ul class=\"wp-block-list\">\n<li><em>Aprobaci\u00f3n de 2 ex\u00e1menes parciales: <\/em>Al finalizar cada m\u00f3dulo, se tomar\u00e1n ex\u00e1menes parciales escritos, los cuales requieren la obtenci\u00f3n de un m\u00ednimo de siete (7) puntos para acceder a la promoci\u00f3n de la asignatura.<\/li>\n<\/ul>\n\n\n\n<ul class=\"wp-block-list\">\n<li><em>Aprobaci\u00f3n de actividades complementarias:<\/em> se les solicitar\u00e1 la elaboraci\u00f3n y exposici\u00f3n de un (1) trabajo de seminario, referido a alg\u00fan tema del m\u00f3dulo 2 preestablecido por la c\u00e1tedra. Mientras que al finalizar la cursada se les solicitar\u00e1 la entrega de una (1) infograf\u00eda de un tema a elecci\u00f3n del estudiante, el cual ser\u00e1 material did\u00e1ctico para futuros estudiantes que transiten la asignatura, y dicho material podr\u00e1 ser consultado en la p\u00e1gina web de la asignatura.<\/li>\n<\/ul>\n\n\n\n<figure class=\"wp-block-table\"><table><tbody><tr><td>Responsabilidad<\/td><td>Participaci\u00f3n<\/td><td>TPs<\/td><td>Parciales<\/td><td>Act. Complementarias<\/td><\/tr><tr><td>25%<\/td><td>25%<\/td><td>10%<\/td><td>20%<\/td><td>20%<\/td><\/tr><\/tbody><\/table><\/figure>\n\n\n\n<p>La idea de brindar un porcentaje (%) a cada una de las condiciones a cumplimentar tiene como fin visualizar que, en esta materia, daremos mucho valor a aquellos alumnos que presenten actitud proactiva, que participen en clase, que consulten las veces que sean necesarias todas sus dudas y que demuestren <strong>esfuerzo, compromiso y responsabilidad<\/strong> por la materia. Desde la c\u00e1tedra resaltamos estos \u00faltimos como valores fundamentales que debe adquirir y presentar un futuro profesional.<\/p>\n\n\n\n<p><strong><u>Aprobaci\u00f3n de la asignatura:<\/u><\/strong><\/p>\n\n\n\n<p>Instancias de recuperaci\u00f3n de TPs: Aquellos alumnos que antes de la fecha establecida de los parciales adeuden alg\u00fan trabajo pr\u00e1ctico, podr\u00e1n realizar la entrega de los mismos, en fecha que ser\u00e1 comunicada por las profesoras.<\/p>\n\n\n\n<p>Instancia de recuperaci\u00f3n de parciales: Aquellos alumnos que en los ex\u00e1menes parciales no alcancen la nota seis (6), podr\u00e1n acceder a una instancia de recuperaci\u00f3n oral complementaria sobre los temas que presentaron mayor dificultad, en una fecha a coordinar con el equipo de c\u00e1tedra, despu\u00e9s del examen.<\/p>\n\n\n\n<p>R\u00e9gimen promoci\u00f3n directa: Aquellos alumnos que cumplimenten todas las condiciones anteriormente mencionadas, podr\u00e1n acceder al R\u00e9gimen de Promoci\u00f3n directa sin examen final cumpliendo con la asistencia y aprobaci\u00f3n de la totalidad de los Trabajos Pr\u00e1cticos (100%), parciales con un m\u00ednimo de siete (7) puntos y actividades complementarias.<\/p>\n\n\n\n<p>R\u00e9gimen aprobaci\u00f3n cursada: Los alumnos que no acceden al r\u00e9gimen promocional, podr\u00e1n aprobar la asignatura con un examen final de acuerdo a las pautas fijadas en el Reglamento Acad\u00e9mico para las carreras de grado de la Facultad de Ciencias Naturales.<\/p>\n\n\n\n<div class=\"wp-block-file\"><a id=\"wp-block-file--media-519aea53-786b-4dec-bd00-23de549254ed\" href=\"http:\/\/www.fcn.unp.edu.ar\/sitio\/biologiaevolutiva\/wp-content\/uploads\/2024\/03\/Como-se-les-va-a-evaluar-en-la-asignatura-Biologia-Evolutiva.docx\">Criterios de evaluaci\u00f3n<\/a><a href=\"http:\/\/www.fcn.unp.edu.ar\/sitio\/biologiaevolutiva\/wp-content\/uploads\/2024\/03\/Como-se-les-va-a-evaluar-en-la-asignatura-Biologia-Evolutiva.docx\" class=\"wp-block-file__button wp-element-button\" download aria-describedby=\"wp-block-file--media-519aea53-786b-4dec-bd00-23de549254ed\">Descarga<\/a><\/div>\n","protected":false},"excerpt":{"rendered":"<p>\u00bfC\u00f3mo se les va a evaluar en la asignatura Biolog\u00eda Evolutiva\/Evoluci\u00f3n? El estudiante ser\u00e1 evaluado de manera continua a lo&hellip;<\/p>\n","protected":false},"author":1,"featured_media":0,"parent":0,"menu_order":0,"comment_status":"closed","ping_status":"closed","template":"","meta":{"footnotes":""},"class_list":["post-1185","page","type-page","status-publish","hentry"],"_links":{"self":[{"href":"https:\/\/www.fcn.unp.edu.ar\/biologiaevolutiva\/index.php\/wp-json\/wp\/v2\/pages\/1185","targetHints":{"allow":["GET"]}}],"collection":[{"href":"https:\/\/www.fcn.unp.edu.ar\/biologiaevolutiva\/index.php\/wp-json\/wp\/v2\/pages"}],"about":[{"href":"https:\/\/www.fcn.unp.edu.ar\/biologiaevolutiva\/index.php\/wp-json\/wp\/v2\/types\/page"}],"author":[{"embeddable":true,"href":"https:\/\/www.fcn.unp.edu.ar\/biologiaevolutiva\/index.php\/wp-json\/wp\/v2\/users\/1"}],"replies":[{"embeddable":true,"href":"https:\/\/www.fcn.unp.edu.ar\/biologiaevolutiva\/index.php\/wp-json\/wp\/v2\/comments?post=1185"}],"version-history":[{"count":7,"href":"https:\/\/www.fcn.unp.edu.ar\/biologiaevolutiva\/index.php\/wp-json\/wp\/v2\/pages\/1185\/revisions"}],"predecessor-version":[{"id":1534,"href":"https:\/\/www.fcn.unp.edu.ar\/biologiaevolutiva\/index.php\/wp-json\/wp\/v2\/pages\/1185\/revisions\/1534"}],"wp:attachment":[{"href":"https:\/\/www.fcn.unp.edu.ar\/biologiaevolutiva\/index.php\/wp-json\/wp\/v2\/media?parent=1185"}],"curies":[{"name":"wp","href":"https:\/\/api.w.org\/{rel}","templated":true}]}}