{"id":2,"date":"2017-03-02T15:17:04","date_gmt":"2017-03-02T15:17:04","guid":{"rendered":"http:\/\/www.fcn.unp.edu.ar\/sitio\/biologiaevolutiva\/?page_id=2"},"modified":"2021-04-11T00:20:28","modified_gmt":"2021-04-11T00:20:28","slug":"pagina-ejemplo","status":"publish","type":"page","link":"https:\/\/www.fcn.unp.edu.ar\/biologiaevolutiva\/index.php\/pagina-ejemplo\/","title":{"rendered":"Introducci\u00f3n"},"content":{"rendered":"\n<p>&nbsp; &nbsp; &nbsp; &nbsp; &nbsp;La asignatura Biolog\u00eda Evolutiva es una disciplina integradora que superpone su \u00e1mbito de incumbencia con otras ramas de las Ciencias Naturales y la Paleontolog\u00eda. El programa de la asignatura aborda de forma sistem\u00e1tica el estudio te\u00f3rico y pr\u00e1ctico de la evoluci\u00f3n biol\u00f3gica, considerando los mecanismos gen\u00e9ticos responsables del cambio evolutivo y de la variabilidad de poblaciones, la importancia de la selecci\u00f3n natural como mecanismo generador de adaptaciones, la inferencia filogen\u00e9tica y sus implicaciones para la clasificaci\u00f3n de la biodiversidad, y la documentaci\u00f3n de los principales procesos de cambio a lo largo de la historia de la vida.<\/p>\n\n\n\n<p>&nbsp; &nbsp; &nbsp; &nbsp; &nbsp;La asignatura Biolog\u00eda Evolutiva es una disciplina integradora que superpone su \u00e1mbito de incumbencia con otras ramas de las Ciencias Naturales y la Paleontolog\u00eda. El programa de la asignatura aborda de forma sistem\u00e1tica el estudio te\u00f3rico y pr\u00e1ctico de la evoluci\u00f3n biol\u00f3gica, considerando los mecanismos gen\u00e9ticos responsables del cambio evolutivo y de la variabilidad de poblaciones, la importancia de la selecci\u00f3n natural como mecanismo generador de adaptaciones, la inferencia filogen\u00e9tica y sus implicaciones para la clasificaci\u00f3n de la biodiversidad, y la documentaci\u00f3n de los principales procesos de cambio a lo largo de la historia de la vida.<\/p>\n\n\n\n<p>&nbsp; &nbsp; &nbsp; &nbsp; &nbsp;Durante el a\u00f1o 2017, la asignatura Evoluci\u00f3n, ser\u00e1 acreditada como&nbsp;materia electiva de acuerdo al plan de estudios vigente de la carrera Licenciatura en&nbsp;Ciencias&nbsp;Biol\u00f3gicas.&nbsp;La misma ser\u00e1 dictada&nbsp;en conjunto con&nbsp;Biolog\u00eda&nbsp;Evolutiva de la carrera Profesorado en Ciencias&nbsp;Biol\u00f3gicas y a&nbsp;partir de la&nbsp;implementaci\u00f3n del&nbsp;nuevo plan de estudios, acreditado&nbsp;&nbsp;por&nbsp;CONEAU y Avalado por el&nbsp;Ministerio&nbsp;de&nbsp;Educaci\u00f3n,&nbsp;en 2018 se incluye en la curr\u00edcula fija&nbsp;del 3er a\u00f1o&nbsp;de la carrera Licenciatura en&nbsp;Ciencias&nbsp;Biol\u00f3gicas.<\/p>\n\n\n<p><a href=\"http:\/\/www.fcn.unp.edu.ar\/sitio\/biologiaevolutiva\/wp-content\/uploads\/2017\/03\/INTRODUCCI\u00d3N-1.doc\"><img decoding=\"async\" src=\"http:\/\/www.fcn.unp.edu.ar\/sitio\/biologiaevolutiva\/wp-content\/uploads\/2021\/04\/word.ico\" alt=\"\" width=\"35\"> INTRODUCCI\u00d3N<\/a><\/p>","protected":false},"excerpt":{"rendered":"<p>&nbsp; &nbsp; &nbsp; &nbsp; &nbsp;La asignatura Biolog\u00eda Evolutiva es una disciplina integradora que superpone su \u00e1mbito de incumbencia con otras&hellip;<\/p>\n","protected":false},"author":1,"featured_media":0,"parent":0,"menu_order":0,"comment_status":"closed","ping_status":"open","template":"","meta":{"footnotes":""},"class_list":["post-2","page","type-page","status-publish","hentry"],"_links":{"self":[{"href":"https:\/\/www.fcn.unp.edu.ar\/biologiaevolutiva\/index.php\/wp-json\/wp\/v2\/pages\/2","targetHints":{"allow":["GET"]}}],"collection":[{"href":"https:\/\/www.fcn.unp.edu.ar\/biologiaevolutiva\/index.php\/wp-json\/wp\/v2\/pages"}],"about":[{"href":"https:\/\/www.fcn.unp.edu.ar\/biologiaevolutiva\/index.php\/wp-json\/wp\/v2\/types\/page"}],"author":[{"embeddable":true,"href":"https:\/\/www.fcn.unp.edu.ar\/biologiaevolutiva\/index.php\/wp-json\/wp\/v2\/users\/1"}],"replies":[{"embeddable":true,"href":"https:\/\/www.fcn.unp.edu.ar\/biologiaevolutiva\/index.php\/wp-json\/wp\/v2\/comments?post=2"}],"version-history":[{"count":9,"href":"https:\/\/www.fcn.unp.edu.ar\/biologiaevolutiva\/index.php\/wp-json\/wp\/v2\/pages\/2\/revisions"}],"predecessor-version":[{"id":991,"href":"https:\/\/www.fcn.unp.edu.ar\/biologiaevolutiva\/index.php\/wp-json\/wp\/v2\/pages\/2\/revisions\/991"}],"wp:attachment":[{"href":"https:\/\/www.fcn.unp.edu.ar\/biologiaevolutiva\/index.php\/wp-json\/wp\/v2\/media?parent=2"}],"curies":[{"name":"wp","href":"https:\/\/api.w.org\/{rel}","templated":true}]}}