{"id":28,"date":"2017-03-02T15:28:29","date_gmt":"2017-03-02T15:28:29","guid":{"rendered":"http:\/\/www.fcn.unp.edu.ar\/sitio\/biologiaevolutiva\/?page_id=28"},"modified":"2026-03-17T00:51:37","modified_gmt":"2026-03-17T00:51:37","slug":"equipo-de-catedra","status":"publish","type":"page","link":"https:\/\/www.fcn.unp.edu.ar\/biologiaevolutiva\/index.php\/equipo-de-catedra\/","title":{"rendered":"Equipo de c\u00e1tedra"},"content":{"rendered":"\n<p class=\"has-large-font-size\">Docentes Responsables<\/p>\n\n\n\n<p><\/p>\n\n\n\n\n\n<div class=\"wp-block-card-block-main card\"><img decoding=\"async\" class=\"card__image\" src=\"http:\/\/www.fcn.unp.edu.ar\/sitio\/biologiaevolutiva\/wp-content\/uploads\/2022\/06\/susana-perales-1.png\" alt=\"\" aria-hidden=\"true\"\/><div class=\"card__content\"><h3 class=\"card__title\">Susana Perales<\/h3><div class=\"card__body\"><p>Mag\u00edster en Ecolog\u00eda Marina (UNPSJB) y Mag\u00edster en Biotecnolog\u00eda de plantas (Universidad Internacional de Andaluc\u00eda-Espa\u00f1a).<\/p><p>Fue Docente de la c\u00e1tedra Biolog\u00eda Evolutiva de la FCNyCS.<\/p><p>Actualmente es nuestra Vicedecana de la FCNyCS y Docente de la c\u00e1tedra Biolog\u00eda en la carrera de Medicina, en la UNPSJB.<\/p><\/div><\/div><\/div>\n\n\n\n<div class=\"wp-block-card-block-main card\"><img decoding=\"async\" class=\"card__image\" src=\"http:\/\/www.fcn.unp.edu.ar\/sitio\/biologiaevolutiva\/wp-content\/uploads\/2022\/06\/marina-riera.jpeg\" alt=\"\" aria-hidden=\"true\"\/><div class=\"card__content\"><h3 class=\"card__title\">Marina Griselda Riera<\/h3><div class=\"card__body\"><p>Profesora responsable de Evoluci\u00f3n \/ Biolog\u00eda Evolutiva<\/p><p>JTP Biolog\u00eda (Medicina)<\/p><p>Lic. en Ciencias Biol\u00f3gicas FCNyCS-UNPSJB. Actualmente realizando el Doctorado en Cs. Biol\u00f3gicas, con el tema: \u00a0&#8220;Balenopt\u00e9ridos en cercan\u00edas al \u00c1rea Natural Protegida Punta Marqu\u00e9s (Golfo San Jorge, Argentina): Abundancia, uso de h\u00e1bitat y su relaci\u00f3n con otros stocks&#8221;.<\/p><\/div><\/div><\/div>\n\n\n","protected":false},"excerpt":{"rendered":"<p>Docentes Responsables<\/p>\n","protected":false},"author":1,"featured_media":0,"parent":0,"menu_order":0,"comment_status":"closed","ping_status":"closed","template":"","meta":{"footnotes":""},"class_list":["post-28","page","type-page","status-publish","hentry"],"_links":{"self":[{"href":"https:\/\/www.fcn.unp.edu.ar\/biologiaevolutiva\/index.php\/wp-json\/wp\/v2\/pages\/28","targetHints":{"allow":["GET"]}}],"collection":[{"href":"https:\/\/www.fcn.unp.edu.ar\/biologiaevolutiva\/index.php\/wp-json\/wp\/v2\/pages"}],"about":[{"href":"https:\/\/www.fcn.unp.edu.ar\/biologiaevolutiva\/index.php\/wp-json\/wp\/v2\/types\/page"}],"author":[{"embeddable":true,"href":"https:\/\/www.fcn.unp.edu.ar\/biologiaevolutiva\/index.php\/wp-json\/wp\/v2\/users\/1"}],"replies":[{"embeddable":true,"href":"https:\/\/www.fcn.unp.edu.ar\/biologiaevolutiva\/index.php\/wp-json\/wp\/v2\/comments?post=28"}],"version-history":[{"count":12,"href":"https:\/\/www.fcn.unp.edu.ar\/biologiaevolutiva\/index.php\/wp-json\/wp\/v2\/pages\/28\/revisions"}],"predecessor-version":[{"id":1713,"href":"https:\/\/www.fcn.unp.edu.ar\/biologiaevolutiva\/index.php\/wp-json\/wp\/v2\/pages\/28\/revisions\/1713"}],"wp:attachment":[{"href":"https:\/\/www.fcn.unp.edu.ar\/biologiaevolutiva\/index.php\/wp-json\/wp\/v2\/media?parent=28"}],"curies":[{"name":"wp","href":"https:\/\/api.w.org\/{rel}","templated":true}]}}