{"id":18,"date":"2015-09-07T12:36:13","date_gmt":"2015-09-07T15:36:13","guid":{"rendered":"http:\/\/www.fcn.unp.edu.ar\/sitio\/biologiaparamedicina\/?page_id=18"},"modified":"2026-04-29T17:22:40","modified_gmt":"2026-04-29T20:22:40","slug":"fechas-importantes","status":"publish","type":"page","link":"https:\/\/www.fcn.unp.edu.ar\/biologiaparamedicina\/index.php\/fechas-importantes\/","title":{"rendered":"AVISOS! IMPORTANTE VER DIARIAMENTE"},"content":{"rendered":"<p><span style=\"color: #000080;\"><strong>29 de Abril de 2026<\/strong><\/span><\/p>\n<p>La presentaci\u00f3n teorica del dia de hoy se encuentra en la solapa correspondiente a Presentaciones teoricas 2026 . <strong><span style=\"color: #ff0000;\">Incluye actividades para resolver\u00a1.<\/span><\/strong><\/p>\n<p><span style=\"color: #000080;\"><strong>28 de Abril de 2026<\/strong><\/span><\/p>\n<p><strong><span style=\"color: #ff0000;\">Comunicado<\/span><\/strong><\/p>\n<p>La clase teorica del dia de ma\u00f1ana miercoles 29 de abril iniciar\u00e1 en AULA MAGNA a las <strong><span style=\"color: #0000ff;\">10,30 hs (en lugar de 10 h)\u00a0<\/span><\/strong><\/p>\n<p><span style=\"color: #000080;\"><strong>27 de abril de 2026<\/strong><\/span><\/p>\n<p>La presentaci\u00f3n teorica del dia de hoy se encuentra en la solapa correspondiente. Incluye actividades al final.\u00a0\u00a0<\/p>\n<p><span style=\"color: #000080;\"><strong>23 de abril de 2026<\/strong><\/span><\/p>\n<p>Solo por este viernes 24\/4, la entrega de TPs corregidos se realizar\u00e1 en el aula 12 en lugar del aula JAP. El horario es el mismo que se inform\u00f3.<\/p>\n<p><span style=\"color: #0000ff;\"><strong>22 de Abril de 2026<\/strong><\/span><\/p>\n<p><strong>a.-La clase teorica del dia de hoy se encuentra en la solapa correspondiente. Incluye las consignas para la actividad opcional propuesta. <span style=\"color: #0000ff;\">VER al final de la presentacion<\/span><\/strong><\/p>\n<p><strong>b. Las comisiones de TPs asignadas en esta semana concurren al laboratorio. <span style=\"color: #0000ff;\">Cursan normalmente<\/span><\/strong><\/p>\n<p><strong>c.-<\/strong> <span style=\"color: #ff6600;\"><strong>RECORDATORIO de COMUNICADO<\/strong><\/span><\/p>\n<ol>\n<li><strong>Los Estudiantes que estuvieron AUSENTES al TP o\u00a0 tienen el TP DESAPROBADO o figuran en las COMISIONES AFECTADAS POR alg\u00fan paro, ya sea PARO de colectivos (Comisi\u00f3n 3) o PARO docente (Comisiones 4, 5 y 6), d<\/strong><strong style=\"font-size: 1rem;\">eben presentarse el <span style=\"color: #993300;\">martes 05\/5 a las 9 h en el Lab. de Geolog\u00eda<\/span> <strong>(<\/strong>excepcionalmente si cursan Histolog\u00eda ese d\u00eda, presentarse a las 11h puntual).<\/strong><\/li>\n<\/ol>\n<ol start=\"2\">\n<li><b> Los estudiantes de <\/b><b>COMISIONES <\/b><b>VESPERTINAS <\/b><b>encuadrados<\/b> <b>en<\/b> <b>alguna<\/b> <b>de<\/b> <b>las<\/b> <b>situaciones<\/b> <b>mencionadas anteriormente (Ausentes, desaprobados o afectados por alg\u00fan paro), deben <\/b>p<strong>resentarse el <span style=\"color: #993300;\">jueves 07\/5 a las 17,30 h<\/span> en el Lab 2 de Biolog\u00eda.<\/strong><\/li>\n<\/ol>\n<p><b>EN TODOS LOS CASOS, ASISTIR CON ACTIVIDADES PREVIAS COMPLETAS Y TPS IMPRESOS.<\/b><\/p>\n<p><span style=\"color: #000080;\"><strong>20 de Abril de 2026<\/strong><\/span><\/p>\n<p>La presentaci\u00f3n del dia de hoy se encuentra disponible en la pesta\u00f1a correspondiente a<strong> clases te\u00f3ricas 2026<\/strong><\/p>\n<p><span style=\"color: #000080;\"><strong>17 de Abril de 2026<\/strong><\/span><\/p>\n<p>Estimados estudiantes, para aquellos alumnos ausentes, desaprobados o cuyas comisiones hayan sido afectadas por el paro de colectivos (Comisi\u00f3n 3) o docente (Comisi\u00f3n 4, 5 y 6), se informa que la recuperaci\u00f3n de TPs de comisiones matutinas se realizar\u00e1 el martes 5\/5 a las 9h en Lab. Geolog\u00eda (excepcionalmente si cursan Histolog\u00eda ese d\u00eda, presentarse por favor a las 11h puntual). Para alumnos de comisiones vespertinas, jueves 7\/5 1730h en Lab 2 Biolog\u00eda.<br \/>\n<strong>En todos los casos, asistir con actividades previas completas y TPs impresos.<\/strong><\/p>\n<p><span style=\"color: #000080;\"><strong>10 de Abril de 2026<\/strong><\/span><\/p>\n<p><span style=\"font-size: 20px; color: #ff0000;\"><strong>COMUNICADO<\/strong><\/span><\/p>\n<ol>\n<li>Ante la medida de fuerza gremial que afect\u00f3 al transporte p\u00fablico de pasajeros en la ciudad de Comodoro Rivadavia, se comunica que las inasistencias de las y los estudiantes a la clase presencial del d\u00eda de hoy ser\u00e1 justificada<\/li>\n<\/ol>\n<p>2 . Informamos que la catedra se adhiere a las medidas de fuerza nacionales que se llevar\u00e1n adelante . El reclamo central se focaliza en la exigencia al Gobierno Nacional para que aplique de manera inmediata la Ley de Financiamiento Universitario, amparada bajo un reciente fallo judicial que obliga al poder Ejecutivo a garantizar los fondos necesarios para el normal funcionamiento de las universidades y la actualizaci\u00f3n salarial del sector.<\/p>\n<p><img loading=\"lazy\" decoding=\"async\" class=\"alignnone size-large wp-image-3703\" src=\"https:\/\/www.fcn.unp.edu.ar\/biologiaparamedicina\/wp-content\/uploads\/2026\/04\/Paro-Nacional-13-al-18-de-Abril-576x1024.png\" alt=\"\" width=\"525\" height=\"933\" srcset=\"https:\/\/www.fcn.unp.edu.ar\/biologiaparamedicina\/wp-content\/uploads\/2026\/04\/Paro-Nacional-13-al-18-de-Abril-576x1024.png 576w, https:\/\/www.fcn.unp.edu.ar\/biologiaparamedicina\/wp-content\/uploads\/2026\/04\/Paro-Nacional-13-al-18-de-Abril-169x300.png 169w, https:\/\/www.fcn.unp.edu.ar\/biologiaparamedicina\/wp-content\/uploads\/2026\/04\/Paro-Nacional-13-al-18-de-Abril.png 900w\" sizes=\"auto, (max-width: 525px) 100vw, 525px\" \/><\/p>\n<p>Se invita a estudiantes, a participar de las actividades propuestas en la asamblea interclaustros<\/p>\n<p><img loading=\"lazy\" decoding=\"async\" class=\"alignnone  wp-image-3704\" src=\"https:\/\/www.fcn.unp.edu.ar\/biologiaparamedicina\/wp-content\/uploads\/2026\/04\/WhatsApp-Image-2026-04-10-at-10.43.51-AM-530x1024.jpeg\" alt=\"\" width=\"429\" height=\"829\" srcset=\"https:\/\/www.fcn.unp.edu.ar\/biologiaparamedicina\/wp-content\/uploads\/2026\/04\/WhatsApp-Image-2026-04-10-at-10.43.51-AM-530x1024.jpeg 530w, https:\/\/www.fcn.unp.edu.ar\/biologiaparamedicina\/wp-content\/uploads\/2026\/04\/WhatsApp-Image-2026-04-10-at-10.43.51-AM-155x300.jpeg 155w, https:\/\/www.fcn.unp.edu.ar\/biologiaparamedicina\/wp-content\/uploads\/2026\/04\/WhatsApp-Image-2026-04-10-at-10.43.51-AM-768x1485.jpeg 768w, https:\/\/www.fcn.unp.edu.ar\/biologiaparamedicina\/wp-content\/uploads\/2026\/04\/WhatsApp-Image-2026-04-10-at-10.43.51-AM-794x1536.jpeg 794w, https:\/\/www.fcn.unp.edu.ar\/biologiaparamedicina\/wp-content\/uploads\/2026\/04\/WhatsApp-Image-2026-04-10-at-10.43.51-AM.jpeg 827w\" sizes=\"auto, (max-width: 429px) 100vw, 429px\" \/><\/p>\n<p><span style=\"color: #000080;\"><strong>09 de Abril de 2026<\/strong><\/span><\/p>\n<p>Estimados alumnos. Los <strong>TPs corregidos<\/strong> se podr\u00e1n retirar una semana despu\u00e9s de haberlos realizado (no antes). El retiro se realiza de manera personal en los siguientes horarios y lugares:<\/p>\n<p>-Martes y viernes de 11 a 1130h en aula JAP, entre los dos lab Geolog\u00eda.<\/p>\n<p>-Jueves de 19 a 1930h en Depto Medicina, en subsuelo -1 frente a ba\u00f1os.<\/p>\n<p>Se ruega puntualidad ya que solo se entregar\u00e1n en esos horarios y d\u00edas.<\/p>\n<p><strong><span style=\"color: #000080;\">08 de Abril de 2026<\/span><\/strong><\/p>\n<p>La presentaci\u00f3n del dia de hoy ya se encuentra disponible en la pesta\u00f1a correspondiente a<strong> clases te\u00f3ricas 2026<\/strong><\/p>\n<p><strong><span style=\"color: #000080;\">06 de Abril de 2026<\/span><\/strong><\/p>\n<p>La presentaci\u00f3n del dia de hoy ya se encuentra disponible en la pesta\u00f1a correspondiente a<strong> clases te\u00f3ricas 2026<\/strong><\/p>\n<p>Se recuerda a los estudiantes recursantes que el pr\u00f3ximo jueves a las 1630h en el Lab. 3 de Biolog\u00eda se registrar\u00e1n los TPs realizados en a\u00f1os anteriores.<\/p>\n<p><strong><span style=\"color: #000080;\">03 de Abril de 2026<\/span><\/strong><\/p>\n<p>La presentaci\u00f3n del dia miercoles 01-04 se encuentra disponible en la pesta\u00f1a correspondiente a<strong> clases te\u00f3ricas 2026<\/strong><\/p>\n<p><strong><span style=\"color: #000080;\">31 de Marzo de 2026<\/span><\/strong><\/p>\n<p>Estimados estudiantes, informamos que:<\/p>\n<p>Dejamos los <span style=\"color: #ff0000;\">listados de alumnos ubicados en cada comisi\u00f3n y el d\u00eda y hora en que deben asistir<\/span> (<strong>VER SOLAPA<\/strong>)<\/p>\n<p>Solicitamos revisar con detenimiento cada comisi\u00f3n. Si no apareces en alguna, escrib\u00ed un correo electr\u00f3nico con tu Nombre\/s y Apellido\/s tal cual figura en tu DNI y tu n\u00famero de DNI.<\/p>\n<p>Para solicitar cambios de comision, es indispensable buscar un compa\u00f1ero\/a que pueda concurrir a la que se te asign\u00f3 inicialmente y escribir un mail a la catedra indicando cu\u00e1l es el cambio que se pretende realizar. Colocar en copia el mail de ese compa\u00f1ero.<\/p>\n<p>Revisar el aviso completo publicado el d\u00eda de ayer (30-3-26) y respetar cada una de las consignas establecidas (donde dice <span style=\"font-size: 20px;\"><strong><span style=\"color: #ff0000;\">\u00a1IMPORTANTE! <\/span><\/strong><\/span><span style=\"font-size: 20px;\"><strong><span style=\"color: #ff0000;\">\u00a0 \u00a0 \u00a0 \u00a0 \u00a0 \u00a0 \u00a0 \u00a0 \u00a0 LEER)<\/span><\/strong><\/span><\/p>\n<p>Tal como lo indicamos en el aviso, tendremos 10 minutos de tolerancia, luego de ese tiempo no podr\u00e1n ingresar a realizar el TP.<\/p>\n<p>&nbsp;<\/p>\n<p><span style=\"color: #0000ff;\"><strong>30 de Marzo de 2026\u00a0<\/strong><\/span><\/p>\n<p><span style=\"font-size: 20px;\"><strong><span style=\"color: #ff0000;\">\u00a0 \u00a0 \u00a0 \u00a0 \u00a0 \u00a0 \u00a0 \u00a0 \u00a0 \u00a0 \u00a0 \u00a0 \u00a0 \u00a0 \u00a0 \u00a0 \u00a0 \u00a0 \u00a0 \u00a0 \u00a0 \u00a0 \u00a0 \u00a1IMPORTANTE!<\/span><\/strong><\/span><\/p>\n<p><span style=\"font-size: 20px;\"><strong><span style=\"color: #ff0000;\">\u00a0 \u00a0 \u00a0 \u00a0 \u00a0 \u00a0 \u00a0 \u00a0 \u00a0 \u00a0 \u00a0 \u00a0 \u00a0 \u00a0 \u00a0 \u00a0 \u00a0 \u00a0 \u00a0 \u00a0 \u00a0 \u00a0 \u00a0 \u00a0 \u00a0 \u00a0 \u00a0 \u00a0 LEER<\/span><\/strong><\/span><br \/>\n<b>En breve subiremos el listado de comisiones matutinas (martes o viernes por la ma\u00f1ana en Laboratorios del \u00e1rea Geolog\u00eda, 2do piso) y vespertinas (jueves por la tarde en <\/b><b>Lab<\/b><b> 2 del \u00e1rea Biolog\u00eda, 2do piso).<\/b><br \/>\n<b>\u00a0<\/b><br \/>\n<b>PUEDEN AVANZAR CON LO SIGUIENTE ANTES DE CONCURRIR EN LA FECHA Y HORARIO INDICADO<\/b><\/p>\n<p><span style=\"color: #ff0000;\"><strong>1.-<\/strong> <\/span>En la pesta\u00f1a (o solapa) <b>Trabajos Pr\u00e1cticos<\/b> podr\u00e1n encontrar las mencionadas gu\u00edas de TP1 y TP2, que se resolver\u00e1n y entregar\u00e1n impresas el mismo d\u00eda del Trabajo Practico (TP) (NO antes).<\/p>\n<p><span style=\"color: #ff0000;\"><strong>2<\/strong>.<\/span>Leer en detalle las consignas y propuesta de actividades detalladas en las gu\u00edas de los Trabajos practico N\u00b0 1 y 2.<\/p>\n<p><strong><span style=\"color: #ff0000;\">3<\/span>.<\/strong> Les solicitamos puntualidad, la tolerancia es de 10 min, pasado ese tiempo no podr\u00e1n ingresar.<\/p>\n<p><span style=\"color: #ff0000;\"><strong>4.<\/strong><\/span>-Asistir al laboratorio con:<\/p>\n<p style=\"padding-left: 80px;\"><span style=\"color: #ff0000;\"><span style=\"color: #339966; font-size: 24px;\"><strong>*<\/strong><\/span>guardapolvo<\/span> de cualquier color (o una camisa en desuso reciclada para proteger la ropa, en caso de no tener alg\u00fan delantal o ambo, su\u00a0 uso es obligatorio)<br \/>\n\u00a0<br \/>\n<span style=\"color: #339966; font-size: 24px;\"><strong>*<\/strong><\/span>la <span style=\"color: #ff0000;\">gu\u00eda del TP 1 Y 2 impresa,<\/span> con las <span style=\"color: #ff0000;\"><strong>actividades previas que se indican ya realizadas<\/strong> <\/span>(condici\u00f3n necesaria para ingresar al laboratorio).<br \/>\n\u00a0<br \/>\n<span style=\"color: #339966;\"><strong><span style=\"font-size: 24px;\">*<\/span><\/strong><\/span><span style=\"font-size: 16px;\">l<\/span>levar adem\u00e1s: birome, l\u00e1piz negro y goma de borrar<br \/>\n\u00a0<strong><span style=\"color: #008080;\">Leer en detalle las consignas y propuesta de actividades a realizar\u00a0 antes de concurrir al laboratorio el d\u00eda y hora que corresponde a su comisi\u00f3n<\/span><\/strong><\/p>\n<p><span style=\"color: #993300;\"><strong>Informamos<\/strong><\/span><\/p>\n<ol style=\"list-style-type: upper-alpha;\">\n<li>que la presentaci\u00f3n del dia de hoy se encuentra disponible en la pesta\u00f1a correspondiente a<strong> clases te\u00f3ricas 2026. <span style=\"color: #0000ff;\">(VER EN DRIVE, SE COPIAN ENLACES)<\/span><\/strong><\/li>\n<li>que en la solapa<strong> <em>Infograf\u00edas Alumnos<\/em> <\/strong>pueden encontrar DIFERENTES modelos de presentaciones en formato infograf\u00eda elaboradas por otros estudiantes de\u00a0 temas biol\u00f3gicos DIVERSOS<\/li>\n<\/ol>\n<p><span style=\"color: #0000ff;\"><strong>18 de Marzo de 2026\u00a0<\/strong><\/span><\/p>\n<ol>\n<li><span style=\"font-size: 20px;\"><strong>TODOS los alumnos que cursaran la materia en 2026<\/strong><\/span>. Recuerden que es necesario inscribirse en el formulario indicado en la presentaci\u00f3n de la materia. Tienen tiempo <strong><span style=\"color: #000000;\">hasta el dia sabado 28\/03\u00a0 (22hs)<\/span><\/strong><\/li>\n<\/ol>\n<p><img loading=\"lazy\" decoding=\"async\" class=\"aligncenter wp-image-3648 \" src=\"http:\/\/www.fcn.unp.edu.ar\/sitio\/biologiaparamedicina\/wp-content\/uploads\/2026\/03\/Inscripcion-en-formulario-2026-e1773859741809-300x227.png\" alt=\"\" width=\"370\" height=\"280\" srcset=\"https:\/\/www.fcn.unp.edu.ar\/biologiaparamedicina\/wp-content\/uploads\/2026\/03\/Inscripcion-en-formulario-2026-e1773859741809-300x227.png 300w, https:\/\/www.fcn.unp.edu.ar\/biologiaparamedicina\/wp-content\/uploads\/2026\/03\/Inscripcion-en-formulario-2026-e1773859741809-768x580.png 768w, https:\/\/www.fcn.unp.edu.ar\/biologiaparamedicina\/wp-content\/uploads\/2026\/03\/Inscripcion-en-formulario-2026-e1773859741809.png 962w\" sizes=\"auto, (max-width: 370px) 100vw, 370px\" \/><\/p>\n<p><span style=\"font-size: 20px;\"><strong><span style=\"color: #ff6600;\">\u00a0<\/span><\/strong><\/span><span style=\"font-size: 20px;\"><strong><span style=\"color: #ff6600;\"><span style=\"color: #000000;\">2. CAMBIO DE AULA TEORIA <\/span><\/span><\/strong><\/span><\/p>\n<p>Se informa que\u00a0 debido a que el Colegio Universitario realizara un acto en el aula magna, <span style=\"color: #0000ff;\">el dia <\/span><span style=\"font-size: 1rem;\"><span style=\"color: #0000ff;\"><strong>25\/03 de 10 a 12hs<\/strong> <\/span>, nuestra materia <\/span><span style=\"font-size: 1rem;\">Biolog\u00eda (Medicina) pasa al <span style=\"font-size: 20px;\"><strong>Aula 200 (La clase NO sera en Aula Magna).<span style=\"color: #0000ff;\">\u00a0<\/span><\/strong><\/span><\/span><\/p>\n<p><span style=\"color: #0000ff;\">Los espero!<\/span><\/p>\n<p><span style=\"color: #0000ff;\"><strong>16 de Marzo de 2026<\/strong><\/span><\/p>\n<p><span style=\"font-size: 28px;\"><strong><span style=\"color: #ff6600;\">Bienvenidos!!!<\/span><\/strong><\/span><\/p>\n<p>Informamos que la presentacion de la catedra del dia de hoy se encuentra disponible en la pesta\u00f1a correspondiente a<strong> clases teoricas.<\/strong><\/p>\n<p>\u00a0Resolver las guias de estudio 1 a 3\u00a0<strong> incorporadas en la pagina<\/strong><\/p>\n<p><span style=\"color: #ff0000;\"><b>\u00a0<\/b><b>\u00a1\u00a1\u00a1<\/b><b>IMPORTANTE !!<\/b><\/span><\/p>\n<p><b>POR EL <\/b><b>PARO <\/b><b>DE ACTIVIDADES <\/b><b>ANUNCIADO EN <\/b><b>LAS UNIVERSIDADES NACIONALES <\/b><b>SE INFORMA QUE NO HABRA CLASES DURANTE LA SEMANA <span style=\"color: #008080;\">EN CURSO<\/span><\/b><\/p>\n<p><img loading=\"lazy\" decoding=\"async\" class=\"alignnone size-medium wp-image-3640\" src=\"http:\/\/www.fcn.unp.edu.ar\/sitio\/biologiaparamedicina\/wp-content\/uploads\/2026\/03\/paro-16-de-marzo-228x300.jpeg\" alt=\"\" width=\"228\" height=\"300\" srcset=\"https:\/\/www.fcn.unp.edu.ar\/biologiaparamedicina\/wp-content\/uploads\/2026\/03\/paro-16-de-marzo-228x300.jpeg 228w, https:\/\/www.fcn.unp.edu.ar\/biologiaparamedicina\/wp-content\/uploads\/2026\/03\/paro-16-de-marzo-778x1024.jpeg 778w, https:\/\/www.fcn.unp.edu.ar\/biologiaparamedicina\/wp-content\/uploads\/2026\/03\/paro-16-de-marzo-768x1011.jpeg 768w, https:\/\/www.fcn.unp.edu.ar\/biologiaparamedicina\/wp-content\/uploads\/2026\/03\/paro-16-de-marzo.jpeg 1080w\" sizes=\"auto, (max-width: 228px) 100vw, 228px\" \/><\/p>\n<p><img loading=\"lazy\" decoding=\"async\" class=\"alignnone size-medium wp-image-3641\" src=\"http:\/\/www.fcn.unp.edu.ar\/sitio\/biologiaparamedicina\/wp-content\/uploads\/2026\/03\/1-paro-16-de-marzo-224x300.jpeg\" alt=\"\" width=\"224\" height=\"300\" srcset=\"https:\/\/www.fcn.unp.edu.ar\/biologiaparamedicina\/wp-content\/uploads\/2026\/03\/1-paro-16-de-marzo-224x300.jpeg 224w, https:\/\/www.fcn.unp.edu.ar\/biologiaparamedicina\/wp-content\/uploads\/2026\/03\/1-paro-16-de-marzo-765x1024.jpeg 765w, https:\/\/www.fcn.unp.edu.ar\/biologiaparamedicina\/wp-content\/uploads\/2026\/03\/1-paro-16-de-marzo-768x1028.jpeg 768w, https:\/\/www.fcn.unp.edu.ar\/biologiaparamedicina\/wp-content\/uploads\/2026\/03\/1-paro-16-de-marzo.jpeg 1080w\" sizes=\"auto, (max-width: 224px) 100vw, 224px\" \/><\/p>\n<p>&nbsp;<\/p>\n<p><b style=\"color: #0000ff; font-size: 1rem;\">26 de febrero 2026<\/b><\/p>\n<div>\n<p><b>BIOLOGIA<\/b><\/p>\n<p><span style=\"color: #ff0000;\"><b>\u00a0<\/b><b>\u00a1\u00a1\u00a1<\/b><b>IMPORTANTE INGRESANTES!<\/b><\/span><\/p>\n<p><b>POR EL <\/b><b>PARO <\/b><b>DE ACTIVIDADES <\/b><b>ANUNCIADO EN <\/b><b>LAS UNIVERSIDADES NACIONALES <\/b><b>SE INFORMA QUE ESTE VIERNES 27-02 <\/b><span style=\"color: #008080;\"><b>NO SE REALIZARA EL ENCUENTRO <\/b><\/span><b>PLANIFICADO EN LOS LABORATORIOS DE LA FACULTAD<\/b><b>.<\/b><\/p>\n<p>&nbsp;<\/p>\n<\/div>\n<div><img loading=\"lazy\" decoding=\"async\" class=\"alignnone  wp-image-3626\" src=\"http:\/\/www.fcn.unp.edu.ar\/sitio\/biologiaparamedicina\/wp-content\/uploads\/2026\/02\/Paro-27-de-feb-2026-221x300.jpeg\" alt=\"\" width=\"296\" height=\"402\" srcset=\"https:\/\/www.fcn.unp.edu.ar\/biologiaparamedicina\/wp-content\/uploads\/2026\/02\/Paro-27-de-feb-2026-221x300.jpeg 221w, https:\/\/www.fcn.unp.edu.ar\/biologiaparamedicina\/wp-content\/uploads\/2026\/02\/Paro-27-de-feb-2026-756x1024.jpeg 756w, https:\/\/www.fcn.unp.edu.ar\/biologiaparamedicina\/wp-content\/uploads\/2026\/02\/Paro-27-de-feb-2026-768x1040.jpeg 768w, https:\/\/www.fcn.unp.edu.ar\/biologiaparamedicina\/wp-content\/uploads\/2026\/02\/Paro-27-de-feb-2026.jpeg 1080w\" sizes=\"auto, (max-width: 296px) 100vw, 296px\" \/><\/div>\n<p>&nbsp;<\/p>\n<p><span style=\"color: #0000ff;\"><strong>23 de Febrero de 2026<\/strong><\/span><\/p>\n<p>Bienvenidos!<\/p>\n<p>Les dejamos inforamcion para esta semana:<\/p>\n<p><img loading=\"lazy\" decoding=\"async\" class=\" wp-image-3619 aligncenter\" src=\"http:\/\/www.fcn.unp.edu.ar\/sitio\/biologiaparamedicina\/wp-content\/uploads\/2026\/02\/3-Afiche-encuentro-20-de-febrero-en-laboratorio-180x300.jpg\" alt=\"\" width=\"296\" height=\"493\" srcset=\"https:\/\/www.fcn.unp.edu.ar\/biologiaparamedicina\/wp-content\/uploads\/2026\/02\/3-Afiche-encuentro-20-de-febrero-en-laboratorio-180x300.jpg 180w, https:\/\/www.fcn.unp.edu.ar\/biologiaparamedicina\/wp-content\/uploads\/2026\/02\/3-Afiche-encuentro-20-de-febrero-en-laboratorio-614x1024.jpg 614w, https:\/\/www.fcn.unp.edu.ar\/biologiaparamedicina\/wp-content\/uploads\/2026\/02\/3-Afiche-encuentro-20-de-febrero-en-laboratorio-768x1280.jpg 768w, https:\/\/www.fcn.unp.edu.ar\/biologiaparamedicina\/wp-content\/uploads\/2026\/02\/3-Afiche-encuentro-20-de-febrero-en-laboratorio-922x1536.jpg 922w, https:\/\/www.fcn.unp.edu.ar\/biologiaparamedicina\/wp-content\/uploads\/2026\/02\/3-Afiche-encuentro-20-de-febrero-en-laboratorio.jpg 1134w\" sizes=\"auto, (max-width: 296px) 100vw, 296px\" \/><\/p>\n<div>\u00a0<\/div>\n<div>\u00a0<\/div>\n<p>&nbsp;<\/p>\n<div>\n<div dir=\"auto\">\n<p>&nbsp;<\/p>\n<\/div>\n<p>&nbsp;<\/p>\n<p>&nbsp;<\/p>\n<\/div>\n<div>\n<div>\u00a0<\/div>\n<div>\u00a0<\/div>\n<div>\u00a0<\/div>\n<\/div>\n<div>\u00a0<\/div>\n<div>\u00a0<\/div>\n<div>\u00a0<\/div>\n<div>\u00a0<\/div>\n<div>\u00a0<\/div>\n<div>\u00a0<\/div>\n<div>\u00a0<\/div>\n<div style=\"text-align: center;\">\u00a0<\/div>\n<div>\n<div>\u00a0<\/div>\n<div>\u00a0<\/div>\n<\/div>\n<div>\u00a0<\/div>\n<div>\u00a0<\/div>\n<div>\u00a0<\/div>\n<div>\u00a0<\/div>\n<ul>\n<li style=\"list-style-type: none;\">\n<ul>\n<li style=\"list-style-type: none;\">\u00a0<\/li>\n<\/ul>\n<\/li>\n<\/ul>\n<p>&nbsp;<\/p>\n<div>\n<div>\u00a0<\/div>\n<div>\u00a0<\/div>\n<\/div>\n<div>\n<div>\u00a0<\/div>\n<div>\u00a0<\/div>\n<\/div>\n","protected":false},"excerpt":{"rendered":"<p>29 de Abril de 2026 La presentaci\u00f3n teorica del dia de hoy se encuentra en la solapa correspondiente a Presentaciones teoricas 2026 . Incluye actividades para resolver\u00a1. 28 de Abril de 2026 Comunicado La clase teorica del dia de ma\u00f1ana miercoles 29 de abril iniciar\u00e1 en AULA MAGNA a las 10,30 hs (en lugar de &hellip; <\/p>\n<p class=\"link-more\"><a href=\"https:\/\/www.fcn.unp.edu.ar\/biologiaparamedicina\/index.php\/fechas-importantes\/\" class=\"more-link\">Continuar leyendo<span class=\"screen-reader-text\"> \u00abAVISOS! IMPORTANTE VER DIARIAMENTE\u00bb<\/span><\/a><\/p>\n","protected":false},"author":3,"featured_media":0,"parent":0,"menu_order":0,"comment_status":"closed","ping_status":"closed","template":"","meta":{"footnotes":""},"class_list":["post-18","page","type-page","status-publish","hentry"],"_links":{"self":[{"href":"https:\/\/www.fcn.unp.edu.ar\/biologiaparamedicina\/index.php\/wp-json\/wp\/v2\/pages\/18","targetHints":{"allow":["GET"]}}],"collection":[{"href":"https:\/\/www.fcn.unp.edu.ar\/biologiaparamedicina\/index.php\/wp-json\/wp\/v2\/pages"}],"about":[{"href":"https:\/\/www.fcn.unp.edu.ar\/biologiaparamedicina\/index.php\/wp-json\/wp\/v2\/types\/page"}],"author":[{"embeddable":true,"href":"https:\/\/www.fcn.unp.edu.ar\/biologiaparamedicina\/index.php\/wp-json\/wp\/v2\/users\/3"}],"replies":[{"embeddable":true,"href":"https:\/\/www.fcn.unp.edu.ar\/biologiaparamedicina\/index.php\/wp-json\/wp\/v2\/comments?post=18"}],"version-history":[{"count":1318,"href":"https:\/\/www.fcn.unp.edu.ar\/biologiaparamedicina\/index.php\/wp-json\/wp\/v2\/pages\/18\/revisions"}],"predecessor-version":[{"id":3739,"href":"https:\/\/www.fcn.unp.edu.ar\/biologiaparamedicina\/index.php\/wp-json\/wp\/v2\/pages\/18\/revisions\/3739"}],"wp:attachment":[{"href":"https:\/\/www.fcn.unp.edu.ar\/biologiaparamedicina\/index.php\/wp-json\/wp\/v2\/media?parent=18"}],"curies":[{"name":"wp","href":"https:\/\/api.w.org\/{rel}","templated":true}]}}