{"id":3041,"date":"2024-03-14T09:50:35","date_gmt":"2024-03-14T12:50:35","guid":{"rendered":"http:\/\/www.fcn.unp.edu.ar\/sitio\/biologiaparamedicina\/?page_id=3041"},"modified":"2026-04-29T17:20:08","modified_gmt":"2026-04-29T20:20:08","slug":"presentaciones-teoricas-2024","status":"publish","type":"page","link":"https:\/\/www.fcn.unp.edu.ar\/biologiaparamedicina\/index.php\/presentaciones-teoricas-2024\/","title":{"rendered":"Presentaciones TE\u00d3RICAS 2026"},"content":{"rendered":"<p style=\"text-align: center;\"><strong>Las presentaciones te\u00f3ricas 2026 se subir\u00e1n en esta pesta\u00f1a luego de <\/strong><\/p>\n<p><span style=\"color: #0000ff;\"><a href=\"http:\/\/www.fcn.unp.edu.ar\/sitio\/biologiaparamedicina\/wp-content\/uploads\/2026\/03\/Alumnos-pag-2026-Presentacion-Programa.pdf\">\u00a01. <span style=\"color: #0000ff;\">2026 Presentaci\u00f3n catedra y Programa<\/span><\/a><\/span><\/p>\n<p><span style=\"color: #0000ff;\">2. Caracter\u00edsticas de los seres vivos 2026 <strong>(VER EN ENLACE)<\/strong><\/span><\/p>\n<p><strong><span style=\"color: #ff0000;\">https:\/\/drive.google.com\/file\/d\/1YE86CV3qqt_iFvz26oDZePwa45WJOa0G\/view?usp=sharing<\/span><\/strong><\/p>\n<p><span style=\"color: #0000ff;\">3. \u00a0Virus, viroides, virusoides, priones <strong>(VER EN ENLACE)<\/strong><\/span><\/p>\n<p><span style=\"color: #ff0000;\"><strong>https:\/\/drive.google.com\/file\/d\/1JDgqVgnWSYqHaJxxEmn7FaA1hFPT5EIP\/view?usp=sharing<\/strong><\/span><\/p>\n<p>4.\u00a0<span style=\"color: #0000ff;\"> <a style=\"color: #0000ff;\" href=\"https:\/\/www.fcn.unp.edu.ar\/biologiaparamedicina\/wp-content\/uploads\/2026\/04\/Biomoleculas-I-2026.pdf\">Biomoleculas (I) 2026<\/a><\/span><\/p>\n<p><span style=\"color: #0000ff;\">5.<a style=\"color: #0000ff;\" href=\"https:\/\/www.fcn.unp.edu.ar\/biologiaparamedicina\/wp-content\/uploads\/2026\/04\/PaginaBiomoleculas-II-2026-y-Celula-Procariota.pdf\">Biomoleculas (II) 2026 y Celula Procariota<\/a><\/span><\/p>\n<p><span style=\"color: #0000ff;\">6. <a style=\"color: #0000ff;\" href=\"https:\/\/www.fcn.unp.edu.ar\/biologiaparamedicina\/wp-content\/uploads\/2026\/04\/PAGINA-2026-Celula-Procariota-II-y-Celula-Eucariota-1.pdf\">\u00a02026 Celula Procariota (II) y Celula Eucariota (1)<\/a><\/span><\/p>\n<p><span style=\"color: #0000ff;\">7. Transporte<a style=\"color: #0000ff;\" href=\"https:\/\/www.fcn.unp.edu.ar\/biologiaparamedicina\/wp-content\/uploads\/2026\/04\/Pag-transporte-a-traves-de-membrana-2026-1.pdf\"> a traves de membrana 2026<\/a><\/span><\/p>\n<p><span style=\"color: #0000ff;\">8. A<a style=\"color: #0000ff;\" href=\"https:\/\/www.fcn.unp.edu.ar\/biologiaparamedicina\/wp-content\/uploads\/2026\/04\/Pagina-Citosol-Sistema-Endomembranas2026-a.pdf\"> Citosol Sistema Endomembranas2026 <\/a><\/span><\/p>\n<p>9<span style=\"color: #0000ff;\">. B<a style=\"color: #0000ff;\" href=\"https:\/\/www.fcn.unp.edu.ar\/biologiaparamedicina\/wp-content\/uploads\/2026\/04\/Pag-B-Citosol-Sistema-Endomembranas-2026.pdf\">\u00a0Citosol Sistema Endomembranas 2026<\/a><\/span><\/p>\n<p><span style=\"color: #0000ff;\">. <a style=\"color: #0000ff;\" href=\"http:\/\/www.fcn.unp.edu.ar\/sitio\/biologiaparamedicina\/wp-content\/uploads\/2025\/05\/Sintesis-de-proteinas.pdf\">Sintesis de proteinas <\/a>(Repasar)<\/span><\/p>\n<p><span style=\"color: #0000ff;\">10.- <a style=\"color: #0000ff;\" href=\"https:\/\/www.fcn.unp.edu.ar\/biologiaparamedicina\/wp-content\/uploads\/2026\/04\/Pag-Citosol-organelas-con-doble-membrana-2026.pdf\">Citosol organelas con doble membrana 2026<\/a><\/span><\/p>\n<p>\u00a0<img loading=\"lazy\" decoding=\"async\" class=\"alignnone  wp-image-3458\" src=\"http:\/\/www.fcn.unp.edu.ar\/sitio\/biologiaparamedicina\/wp-content\/uploads\/2025\/04\/image-4-300x148.png\" alt=\"\" width=\"501\" height=\"247\" srcset=\"https:\/\/www.fcn.unp.edu.ar\/biologiaparamedicina\/wp-content\/uploads\/2025\/04\/image-4-300x148.png 300w, https:\/\/www.fcn.unp.edu.ar\/biologiaparamedicina\/wp-content\/uploads\/2025\/04\/image-4-1024x504.png 1024w, https:\/\/www.fcn.unp.edu.ar\/biologiaparamedicina\/wp-content\/uploads\/2025\/04\/image-4-768x378.png 768w, https:\/\/www.fcn.unp.edu.ar\/biologiaparamedicina\/wp-content\/uploads\/2025\/04\/image-4-1536x756.png 1536w, https:\/\/www.fcn.unp.edu.ar\/biologiaparamedicina\/wp-content\/uploads\/2025\/04\/image-4.png 1584w\" sizes=\"auto, (max-width: 501px) 100vw, 501px\" \/><\/p>\n<p><strong><span style=\"font-size: 36px; color: #0000ff;\">\u00a0 \u00a0 \u00a0 \u00a0 \u00a0 \u00a0 \u00a0 \u00a0\u21d3<\/span><\/strong><\/p>\n<p><span style=\"color: #0000ff;\"><a style=\"color: #0000ff;\" href=\"http:\/\/www.fcn.unp.edu.ar\/sitio\/biologiaparamedicina\/wp-content\/uploads\/2025\/04\/2025-Programa-Biolo-Medicina.pdf\">2026 Programa ANALITICO Biologia Medicina<\/a> <\/span><\/p>\n<p><span style=\"color: #0000ff;\">2026. Celula Eucariota mitocondrias cloroplastos<\/span><\/p>\n<p><span style=\"color: #0000ff;\">12.-2026. Mitocondrias (2 ) Cloroplastos Muerte celular<\/span><\/p>\n<p><span style=\"color: #0000ff;\">13. Sintesis de proteinas<\/span><\/p>\n<p style=\"text-align: center;\"><span style=\"font-size: 20px;\"><strong><span style=\"color: #33cccc;\">2026 repaso primera parte<\/span><\/strong><\/span><\/p>\n<p><span style=\"color: #993366; font-size: 20px;\"><strong>2da Parte<\/strong><\/span><\/p>\n<p><span style=\"color: #0000ff;\"><strong>. <\/strong><a style=\"color: #0000ff;\" href=\"http:\/\/www.fcn.unp.edu.ar\/sitio\/biologiaparamedicina\/wp-content\/uploads\/2025\/05\/Sintesis-de-proteinas.pdf\"><strong>Sintesis de proteinas<\/strong> <\/a><strong>(Repasar- tema dado antes del primer parcial)<\/strong><\/span><\/p>\n<p><span style=\"color: #0000ff;\"><strong>\u00a0Muerte celular (tema dado antes del 1er parcial entra en\u00a0 2do bloque)<\/strong><\/span><\/p>\n<p><span style=\"color: #0000ff;\">\u00a0<strong><span style=\"font-size: 14px;\"> NUCLEO\u00a0\u00a0<\/span><\/strong><\/span><\/p>\n<p><span style=\"color: #0000ff;\"><strong>.-Ciclo celular (a)<\/strong><\/span><\/p>\n<p><span style=\"color: #0000ff;\"><strong>. Ciclo celular (b)<\/strong><\/span><\/p>\n<p><span style=\"color: #0000ff;\"><strong>. \u00a0 Genetica<\/strong><\/span><\/p>\n<p><span style=\"color: #000080;\"><strong>Matriz extracelular Uniones celulares\u00a0<\/strong><\/span><\/p>\n<p><span style=\"color: #808000;\"><strong>REPASO primera parte <\/strong><\/span><\/p>\n<p><strong><span style=\"color: #808000;\">\u00a0REPASO Segunda Parte<\/span><\/strong><\/p>\n<p>&nbsp;<\/p>\n","protected":false},"excerpt":{"rendered":"<p>Las presentaciones te\u00f3ricas 2026 se subir\u00e1n en esta pesta\u00f1a luego de \u00a01. 2026 Presentaci\u00f3n catedra y Programa 2. Caracter\u00edsticas de los seres vivos 2026 (VER EN ENLACE) https:\/\/drive.google.com\/file\/d\/1YE86CV3qqt_iFvz26oDZePwa45WJOa0G\/view?usp=sharing 3. \u00a0Virus, viroides, virusoides, priones (VER EN ENLACE) https:\/\/drive.google.com\/file\/d\/1JDgqVgnWSYqHaJxxEmn7FaA1hFPT5EIP\/view?usp=sharing 4.\u00a0 Biomoleculas (I) 2026 5.Biomoleculas (II) 2026 y Celula Procariota 6. \u00a02026 Celula Procariota (II) y Celula Eucariota &hellip; <\/p>\n<p class=\"link-more\"><a href=\"https:\/\/www.fcn.unp.edu.ar\/biologiaparamedicina\/index.php\/presentaciones-teoricas-2024\/\" class=\"more-link\">Continuar leyendo<span class=\"screen-reader-text\"> \u00abPresentaciones TE\u00d3RICAS 2026\u00bb<\/span><\/a><\/p>\n","protected":false},"author":5,"featured_media":0,"parent":0,"menu_order":0,"comment_status":"closed","ping_status":"closed","template":"","meta":{"footnotes":""},"class_list":["post-3041","page","type-page","status-publish","hentry"],"_links":{"self":[{"href":"https:\/\/www.fcn.unp.edu.ar\/biologiaparamedicina\/index.php\/wp-json\/wp\/v2\/pages\/3041","targetHints":{"allow":["GET"]}}],"collection":[{"href":"https:\/\/www.fcn.unp.edu.ar\/biologiaparamedicina\/index.php\/wp-json\/wp\/v2\/pages"}],"about":[{"href":"https:\/\/www.fcn.unp.edu.ar\/biologiaparamedicina\/index.php\/wp-json\/wp\/v2\/types\/page"}],"author":[{"embeddable":true,"href":"https:\/\/www.fcn.unp.edu.ar\/biologiaparamedicina\/index.php\/wp-json\/wp\/v2\/users\/5"}],"replies":[{"embeddable":true,"href":"https:\/\/www.fcn.unp.edu.ar\/biologiaparamedicina\/index.php\/wp-json\/wp\/v2\/comments?post=3041"}],"version-history":[{"count":88,"href":"https:\/\/www.fcn.unp.edu.ar\/biologiaparamedicina\/index.php\/wp-json\/wp\/v2\/pages\/3041\/revisions"}],"predecessor-version":[{"id":3738,"href":"https:\/\/www.fcn.unp.edu.ar\/biologiaparamedicina\/index.php\/wp-json\/wp\/v2\/pages\/3041\/revisions\/3738"}],"wp:attachment":[{"href":"https:\/\/www.fcn.unp.edu.ar\/biologiaparamedicina\/index.php\/wp-json\/wp\/v2\/media?parent=3041"}],"curies":[{"name":"wp","href":"https:\/\/api.w.org\/{rel}","templated":true}]}}