{"id":57,"date":"2015-09-07T13:45:01","date_gmt":"2015-09-07T16:45:01","guid":{"rendered":"http:\/\/www.fcn.unp.edu.ar\/sitio\/biologiaparamedicina\/?page_id=57"},"modified":"2026-02-20T23:36:16","modified_gmt":"2026-02-21T02:36:16","slug":"contenidos-minimos","status":"publish","type":"page","link":"https:\/\/www.fcn.unp.edu.ar\/biologiaparamedicina\/index.php\/contenidos-minimos\/","title":{"rendered":"Contenidos M\u00ednimos y Programa 2026"},"content":{"rendered":"<p style=\"text-align: center;\"><strong><span style=\"color: #0000ff;\">A\u00d1O 2026<\/span><\/strong><\/p>\n<p style=\"text-align: center;\"><span style=\"color: #0000ff;\"><strong>BIOLOG\u00cdA<\/strong><\/span><\/p>\n<p style=\"text-align: center;\"><strong><span style=\"color: #0000ff;\">CONTENIDOS M\u00edNIMOS<\/span><\/strong><\/p>\n<p style=\"text-align: left;\"><span style=\"font-size: 14px; font-family: arial, helvetica, sans-serif;\">Generalidades de los fen\u00f3menos biol\u00f3gicos. Relaci\u00f3n Biolog\u00eda-Ciencias de la Salud humana. Acelulares: Virus. Priones. Biolog\u00eda celular y molecular. Biomol\u00e9culas. Metodolog\u00edas y t\u00e9cnicas del estudio de las c\u00e9lulas. Microscop\u00eda. C\u00e9lulas procariota y eucariota. Biomembranas. Tipos de transportes a trav\u00e9s de las membranas celulares. Citoesqueleto. Sistema de endomembranas. Org\u00e1nulos subcelulares. Transformaciones de la energ\u00eda en los organismos vivos. N\u00facleo celular. Ciclo celular. Mecanismos gen\u00e9ticos b\u00e1sicos. Control de la expresi\u00f3n g\u00e9nica. La c\u00e9lula y su entorno. Uniones celulares y matriz extracelular. Muerte celular: Apoptosis, Necrosis y Autofagia.<\/span><\/p>\n<p style=\"text-align: center;\"><strong><span style=\"color: #0000ff;\">\u00a0PROGRAMA ANALITICO<\/span><\/strong><\/p>\n<p style=\"text-align: left;\"><span style=\"font-size: 12px;\"><strong>UNIDAD I<\/strong>: La ciencia de la biolog\u00eda. Biolog\u00eda y Medicina. La ciencia de la biolog\u00eda y el m\u00e9todo cient\u00edfico. Breve rese\u00f1a hist\u00f3rica. El origen de la vida. Principales principios unificadores. Las propiedades de los seres vivos: irritabilidad; organizaci\u00f3n y complejidad; crecimiento y desarrollo; autorregulaci\u00f3n; metabolismo; reproducci\u00f3n y herencia. Organismos acelulares: virus viroides, virusoides y priones. M\u00e9todos y t\u00e9cnicas de estudio en biolog\u00eda celular.<\/span><\/p>\n<p style=\"text-align: left;\"><span style=\"font-size: 12px;\"><strong>UNIDAD II:<\/strong> La c\u00e9lula y sus componentes. Agua. Compuestos de carbono. Tipos b\u00e1sicos de mol\u00e9culas peque\u00f1as: az\u00facares sencillos, \u00e1cidos grasos, amino\u00e1cidos y nucle\u00f3tidos. Polisac\u00e1ridos y l\u00edpidos. \u00c1cidos Nucleicos: ADN. ARN: ARNm. ARNt. ARNr. Estructura y Funci\u00f3n de las prote\u00ednas.<\/span><\/p>\n<p style=\"text-align: left;\">\n<span style=\"font-size: 12px;\"><strong>UNIDAD III:<\/strong> La c\u00e9lula procariota. Organizaci\u00f3n general. C\u00e1psula. Pared celular. Membrana plasm\u00e1tica. Laminillas. Mesosoma. Ribosomas y polirribosomas. Pl\u00e1smidos. Nucleoide: caracter\u00edsticas del ADN. Bacterias. Clasificaci\u00f3n. Estructura de la c\u00e1psula y la pared. Flagelo: estructura y distribuci\u00f3n. Nutrici\u00f3n. Cianobacterias: morfolog\u00eda, nutrici\u00f3n, reproducci\u00f3n<\/span><\/p>\n<p style=\"text-align: left;\"><span style=\"font-size: 12px;\"><strong>UNIDAD IV:<\/strong> La c\u00e9lula eucariota. Diferencias entre la c\u00e9lula procariota y eucariota. Caracter\u00edsticas de la c\u00e9lula eucariota. Organizaci\u00f3n general. Origen de la c\u00e9lula eucariota seg\u00fan la teor\u00eda endosimbi\u00f3tica. Componentes intracelulares. Principales diferencias entre la c\u00e9lula vegetal y animal. Estructura y funci\u00f3n de una c\u00e9lula eucariota. Tipos de c\u00e9lula eucariota.<\/span><\/p>\n<p style=\"text-align: left;\"><span style=\"font-size: 12px;\"><strong>UNIDAD V:<\/strong> Membrana celular: La bicapa lip\u00eddica: composici\u00f3n, fluidez y funci\u00f3n. Unidad de membrana. Modelo de mosaico fluido de la membrana. Las relaciones entre los componentes de la membrana y sus funciones. Asimetr\u00eda. Carbohidratos de membrana. Fosfol\u00edpidos y colesterol. Prote\u00ednas de membrana. Prote\u00ednas: integrales o intr\u00ednsecas (de un solo paso, de dos o varios pasos). Extr\u00ednsecas o perif\u00e9ricas. Prote\u00ednas de transmembrana. Glicocalix: estructura y funciones. Permeabilidad relativa de la membrana plasm\u00e1tica. Transporte de mol\u00e9culas peque\u00f1as a trav\u00e9s de la membrana celular eucariota. Transporte activo y pasivo. Transportadores, canales y bombas. Difusi\u00f3n facilitada y difusi\u00f3n simple. Regiones especializadas de la membrana celular eucariota. Aspectos din\u00e1micos de la membrana celular: fagocitosis, pinocitosis, endocitosis, exocitosis.<\/span><\/p>\n<p style=\"text-align: left;\"><span style=\"font-size: 12px;\"><strong>UNIDAD VI:<\/strong> Citosol y citoesqueleto: Composici\u00f3n. Estructura. Funciones. Ribosomas. Proteosomas. Citoesqueleto: Forma y movimiento. Componentes: Microfilamentos: estructura y din\u00e1mica de la actina y prote\u00ednas asociadas. Microt\u00fabulos: estructura y din\u00e1mica de los microt\u00fabulos y prote\u00ednas asociadas. Organelas microtubulares permanentes (cilios, flagelos, cuerpos b\u00e1sales y centr\u00edolos) y estructuras microtubulares transitorias (\u00e1steres y huso mit\u00f3tico). Transporte intracelular. Filamentos intermedios: Definici\u00f3n, caracter\u00edsticas generales, clasificaci\u00f3n. Organizaci\u00f3n molecular. Prote\u00ednas estructurales. Prote\u00ednas asociadas.<\/span><\/p>\n<p style=\"text-align: left;\"><span style=\"font-size: 12px;\"><strong>UNIDAD VII:<\/strong> Sistema de endomembranas: Morfolog\u00eda general. Estructura y funciones: Ret\u00edculo endopl\u00e1smico: liso y rugoso. Aparato de Golgi. Lisosomas. Peroxisomas. Glioxisomas. Transporte vesicular. V\u00eda endoc\u00edtica-exoc\u00edtica..<\/span><\/p>\n<p><span style=\"font-size: 12px;\"><strong>UNIDAD VIII:<\/strong> Energ\u00e9tica celular: mitocondria y cloroplastos: Estructura y compartimentos. Obtenci\u00f3n de la energ\u00eda celular. El genoma de las mitocondrias. Genes mitocondriales y herencia citoplasm\u00e1tica. Cloroplasto: organizaci\u00f3n. Funciones.<\/span><\/p>\n<p><span style=\"font-size: 12px;\"><strong>UNIDAD IX:<\/strong> N\u00facleo: Envoltura nuclear: Estructura. Transporte de mol\u00e9culas. Nucleolo: Estructura y funci\u00f3n. Cromatina: ADN e histonas. Cromatina sexual. ADN repetitivo. Nucleosomas. Cromosomas. Heterocromatina. S\u00edntesis de ARN. S\u00edntesis de prote\u00ednas. Estrategias del control g\u00e9nico.<\/span><\/p>\n<p><span style=\"font-size: 12px;\"><strong>UNIDAD X:<\/strong> Crecimiento, Divisi\u00f3n y Muerte Celular: Ciclo celular. Controles de divisi\u00f3n celular. Muerte celular programada y necrosis. Mecanismos de la divisi\u00f3n celular: mitosis y meiosis. Ciclos de vida. Gametog\u00e9nesis.<\/span><\/p>\n<p><span style=\"font-size: 12px;\"><strong>UNIDAD XI:<\/strong> Transmisi\u00f3n y Distribuci\u00f3n del Material Gen\u00e9tico: Principios mendelianos: Segregaci\u00f3n de caracteres (Primera Ley de Mendel). Genes y alelos. Genotipo y fenotipo Monoh\u00edbrido, monocigota y heterocigota. Dominancia y recesividad. Tipos de herencia: autos\u00f3mica y sexual. Distribuci\u00f3n independiente (Segunda Ley de Mendel). Proporciones. Ligamiento y recombinaci\u00f3n. Determinaci\u00f3n del sexo. Genes ligados al sexo. Mutaciones: tipos, importancia. Alteraciones cromos\u00f3micas y num\u00e9ricas. Alteraciones estructurales.<\/span><\/p>\n<p><span style=\"font-size: 12px;\"><strong>UNIDAD XII:<\/strong> La C\u00e9lula en su entorno: Estrategias de la se\u00f1alizaci\u00f3n qu\u00edmica y mecanismos de transducci\u00f3n. Tipos de uniones celulares: Uniones herm\u00e9ticas. Uniones de anclaje y de adherencia. Desmosomas. Uniones tipo gap. Matriz extracelular. Adherencia y reconocimiento c\u00e9lula-c\u00e9lula. Matriz extracelular de los animales.<\/span><\/p>\n","protected":false},"excerpt":{"rendered":"<p>A\u00d1O 2026 BIOLOG\u00cdA CONTENIDOS M\u00edNIMOS Generalidades de los fen\u00f3menos biol\u00f3gicos. Relaci\u00f3n Biolog\u00eda-Ciencias de la Salud humana. Acelulares: Virus. Priones. Biolog\u00eda celular y molecular. Biomol\u00e9culas. Metodolog\u00edas y t\u00e9cnicas del estudio de las c\u00e9lulas. Microscop\u00eda. C\u00e9lulas procariota y eucariota. Biomembranas. Tipos de transportes a trav\u00e9s de las membranas celulares. Citoesqueleto. Sistema de endomembranas. Org\u00e1nulos subcelulares. Transformaciones de &hellip; <\/p>\n<p class=\"link-more\"><a href=\"https:\/\/www.fcn.unp.edu.ar\/biologiaparamedicina\/index.php\/contenidos-minimos\/\" class=\"more-link\">Continuar leyendo<span class=\"screen-reader-text\"> \u00abContenidos M\u00ednimos y Programa 2026\u00bb<\/span><\/a><\/p>\n","protected":false},"author":5,"featured_media":0,"parent":0,"menu_order":0,"comment_status":"closed","ping_status":"closed","template":"","meta":{"footnotes":""},"class_list":["post-57","page","type-page","status-publish","hentry"],"_links":{"self":[{"href":"https:\/\/www.fcn.unp.edu.ar\/biologiaparamedicina\/index.php\/wp-json\/wp\/v2\/pages\/57","targetHints":{"allow":["GET"]}}],"collection":[{"href":"https:\/\/www.fcn.unp.edu.ar\/biologiaparamedicina\/index.php\/wp-json\/wp\/v2\/pages"}],"about":[{"href":"https:\/\/www.fcn.unp.edu.ar\/biologiaparamedicina\/index.php\/wp-json\/wp\/v2\/types\/page"}],"author":[{"embeddable":true,"href":"https:\/\/www.fcn.unp.edu.ar\/biologiaparamedicina\/index.php\/wp-json\/wp\/v2\/users\/5"}],"replies":[{"embeddable":true,"href":"https:\/\/www.fcn.unp.edu.ar\/biologiaparamedicina\/index.php\/wp-json\/wp\/v2\/comments?post=57"}],"version-history":[{"count":15,"href":"https:\/\/www.fcn.unp.edu.ar\/biologiaparamedicina\/index.php\/wp-json\/wp\/v2\/pages\/57\/revisions"}],"predecessor-version":[{"id":3611,"href":"https:\/\/www.fcn.unp.edu.ar\/biologiaparamedicina\/index.php\/wp-json\/wp\/v2\/pages\/57\/revisions\/3611"}],"wp:attachment":[{"href":"https:\/\/www.fcn.unp.edu.ar\/biologiaparamedicina\/index.php\/wp-json\/wp\/v2\/media?parent=57"}],"curies":[{"name":"wp","href":"https:\/\/api.w.org\/{rel}","templated":true}]}}