{"id":459,"date":"2021-06-12T22:36:15","date_gmt":"2021-06-13T01:36:15","guid":{"rendered":"http:\/\/www.fcn.unp.edu.ar\/sitio\/caslan\/?page_id=459"},"modified":"2021-09-01T10:34:28","modified_gmt":"2021-09-01T13:34:28","slug":"autoridades-comite-cientifico-y-comision-organizadora","status":"publish","type":"page","link":"https:\/\/www.fcn.unp.edu.ar\/caslan\/index.php\/autoridades-comite-cientifico-y-comision-organizadora\/","title":{"rendered":"Autoridades, Comit\u00e9 Cient\u00edfico y Comisi\u00f3n Organizadora"},"content":{"rendered":"\n<iframe loading=\"lazy\" src=\"https:\/\/drive.google.com\/file\/d\/10-4MVoxfFAgVfqxuW4j1DI6z_8Emo7Rv\/preview\" width=\"550\" height=\"480\"><\/iframe>\n","protected":false},"excerpt":{"rendered":"","protected":false},"author":2,"featured_media":0,"parent":0,"menu_order":7,"comment_status":"closed","ping_status":"closed","template":"","meta":{"footnotes":""},"class_list":["post-459","page","type-page","status-publish","hentry"],"_links":{"self":[{"href":"https:\/\/www.fcn.unp.edu.ar\/caslan\/index.php\/wp-json\/wp\/v2\/pages\/459","targetHints":{"allow":["GET"]}}],"collection":[{"href":"https:\/\/www.fcn.unp.edu.ar\/caslan\/index.php\/wp-json\/wp\/v2\/pages"}],"about":[{"href":"https:\/\/www.fcn.unp.edu.ar\/caslan\/index.php\/wp-json\/wp\/v2\/types\/page"}],"author":[{"embeddable":true,"href":"https:\/\/www.fcn.unp.edu.ar\/caslan\/index.php\/wp-json\/wp\/v2\/users\/2"}],"replies":[{"embeddable":true,"href":"https:\/\/www.fcn.unp.edu.ar\/caslan\/index.php\/wp-json\/wp\/v2\/comments?post=459"}],"version-history":[{"count":6,"href":"https:\/\/www.fcn.unp.edu.ar\/caslan\/index.php\/wp-json\/wp\/v2\/pages\/459\/revisions"}],"predecessor-version":[{"id":510,"href":"https:\/\/www.fcn.unp.edu.ar\/caslan\/index.php\/wp-json\/wp\/v2\/pages\/459\/revisions\/510"}],"wp:attachment":[{"href":"https:\/\/www.fcn.unp.edu.ar\/caslan\/index.php\/wp-json\/wp\/v2\/media?parent=459"}],"curies":[{"name":"wp","href":"https:\/\/api.w.org\/{rel}","templated":true}]}}