{"id":12,"date":"2015-12-17T13:06:36","date_gmt":"2015-12-17T13:06:36","guid":{"rendered":"http:\/\/www.fcn.unp.edu.ar\/sitio\/dptobiologia\/?page_id=12"},"modified":"2025-04-02T18:25:49","modified_gmt":"2025-04-02T18:25:49","slug":"normativa","status":"publish","type":"page","link":"https:\/\/www.fcn.unp.edu.ar\/dptobiologia\/index.php\/normativa\/","title":{"rendered":"C\u00e1tedras"},"content":{"rendered":"<h4>Biolog\u00eda Ambiental<\/h4>\n<p><strong>Responsable<\/strong>: Lic. y Prof. Mar\u00eda S. Yepes<\/p>\n<p><strong>Equipo de c\u00e1tedra<\/strong>: Prof. Rodrigo Mansilla<\/p>\n<p><strong>Cuatrimestre dictado<\/strong>: 1\u00b0\u00a0cuatrimestre<\/p>\n<p><strong>Carreras:\u00a0<\/strong>Prof. Cs. Biol. \/ Lic. Cs. Biol.<\/p>\n<p><strong>Email de contacto<\/strong>:msyepes@yahoo.com<\/p>\n<p><span style=\"color: #000000;\"><strong>Pagina web<\/strong>: en construcci\u00f3n<\/span><\/p>\n<hr \/>\n<h4>Biolog\u00eda Celular y Molecular<\/h4>\n<p><strong>Responsable<\/strong>: Dra. Cecilia V. Alvarado<\/p>\n<p><strong>Equipo de c\u00e1tedra<\/strong>: Dr. Mart\u00edn A. Hern\u00e1ndez<\/p>\n<p><strong>Cuatrimestre dictado<\/strong>: 2\u00b0\u00a0cuatrimestre<\/p>\n<p><strong>Carreras:\u00a0<\/strong>Lic. Cs. Biol.\/Prof. Cs. Biol.<\/p>\n<p><strong>Email de contacto<\/strong>: cvalvaradoar@gmail.com<\/p>\n<hr \/>\n<h4>Biolog\u00eda Evolutiva\/Evoluci\u00f3n<\/h4>\n<p><strong>Responsable<\/strong>: Lic. Marina Riera<\/p>\n<p><strong>Equipo de c\u00e1tedra<\/strong>: Lic. Gisela Parra<\/p>\n<p><strong>Cuat<span style=\"color: #333333;\">rime<\/span>stre dictado<\/strong>: 1\u00b0\u00a0cuatrimestre<\/p>\n<p><strong>Carreras: <\/strong>Prof. Cs. Biol.\/Lic. Cs. Biol.<\/p>\n<p><span style=\"color: #000000;\"><span style=\"color: #333333;\"><strong>Email de contacto<\/strong>:<\/span> marina_riera16@hotmail.com\u00a0<\/span><\/p>\n<p><span style=\"color: #333333;\"><strong>P\u00e1gina web<\/strong>: h<\/span>ttp:\/\/www.fcn.unp.edu.ar\/sitio\/biologiaevolutiva\/<\/p>\n<hr \/>\n<h4>Biolog\u00eda General\/Biolog\u00eda Celular\/Biolog\u00eda General y Celular<\/h4>\n<p><strong>Responsable: <\/strong>Dra. Anal\u00eda Garr\u00e9<\/p>\n<p><strong>Equipo de c\u00e1tedra<\/strong>: Dra. Paula Stoyanoff, Prof.\/Lic. Natalia Vacaflor\/ Prof. Carolina Mutti\/Dra. Luisina Carbonell Silletta\/ Lic. Maria Elena Antonietti<\/p>\n<p><strong>Carreras<\/strong>: Lic. Cs. Biol.\/Servicios a otras carreras FCN<\/p>\n<p><strong>Cuatrimestre<\/strong> <strong>dictado<\/strong>: 1\u00b0 y 2\u00b0\u00a0cuatrimestre<\/p>\n<p><strong>Email de c<span style=\"color: #333333;\">ontacto<\/span><\/strong><span style=\"color: #333333;\">: <a style=\"color: #333333;\" href=\"mailto:analiagarre2015@gmail.com\" target=\"_blank\" rel=\"noopener noreferrer\">analiagarre2015@gmail.com<\/a><\/span><\/p>\n<hr \/>\n<h4>Bot\u00e1nica\u00a0General<\/h4>\n<p><strong>Responsable<\/strong>: Lic. Roxana Peneff<\/p>\n<p><strong>Equipo de c\u00e1tedra<\/strong>: Dr. Adri\u00e1n Cefarelli\/<\/p>\n<p><strong>Cuatrimestre dictado<\/strong>: 1\u00b0\u00a0cuatrimestre<\/p>\n<p><strong>Carreras<\/strong>: Lic. Cs. Biol.\/Prof. Cs. Biol.\/LIPSA\/TUPA<\/p>\n<p><strong>Email de contacto<\/strong>: <span style=\"color: #000000;\"><a style=\"color: #000000;\" href=\"mailto:botanicageneralbya@gmail.com\" target=\"_blank\" rel=\"noopener noreferrer\">botanicageneralbya@gmail.com<\/a><\/span><\/p>\n<p><span style=\"color: #000000;\"><strong>Pagina web<\/strong>:\u00a0<a style=\"color: #000000;\" href=\"http:\/\/www.fcn.unp.edu.ar\/sitio\/botanicageneral\/\" target=\"_blank\" rel=\"noopener noreferrer\">http:\/\/www.fcn.unp.edu.ar\/sitio\/botanicageneral\/<\/a><\/span><\/p>\n<hr \/>\n<h4>\u00a0Did\u00e1ctica Espec\u00edfica de las Ciencias Naturales<\/h4>\n<p><strong>Responsable<\/strong>: Dra.\u00a0Nadia Arias<\/p>\n<p><strong>Equipo de c\u00e1tedra<\/strong>: Lic. Natalia Vacaflor<\/p>\n<p><strong>Cuatrimestre dictado<\/strong>: 2\u00b0\u00a0cuatrimestre<\/p>\n<hr \/>\n<h4><strong>Diversidad Animal (Zool. Sist.)<\/strong><\/h4>\n<p><strong>Responsable<\/strong>: Prof. y Lic. Carolina Mutti<\/p>\n<p><strong>Equipo de c\u00e1tedra<\/strong>: Dra. Romina N. Verga<\/p>\n<p><strong>Cuatrimestre dictado<\/strong>: 2\u00b0\u00a0cuatrimestre<\/p>\n<p><strong>Carreras<\/strong>: Lic. Cs. Biol\u00f3gicas\/Prof. Cs. Biol\u00f3gicas<\/p>\n<p><strong>Email de contacto<\/strong>: caromutti27@gmail.com<\/p>\n<hr \/>\n<h4><strong>Diversidad Animal I<\/strong><\/h4>\n<p><strong>Responsable<\/strong>: Esp. Javier A. Tolosano<\/p>\n<p><strong>Equipo de c\u00e1tedra<\/strong>: Dra. Romina N. Verga<\/p>\n<p><strong>Cuatrimestre dictado<\/strong>: 1\u00b0\u00a0cuatrimestre<\/p>\n<p><strong>Carreras<\/strong>: Lic. Cs. Biol\u00f3gicas<\/p>\n<p><strong>Email de contacto<\/strong>:javiertolosano@gmail.com<\/p>\n<hr \/>\n<h4><strong>Diversidad Animal II<\/strong><\/h4>\n<p><strong>Responsable<\/strong>: Dr. Mauro S. Marcinkevicius<\/p>\n<p><strong>Equipo de c\u00e1tedra<\/strong>: Lic. Natalia R\u00edos<\/p>\n<p><strong>Cuatrimestre dictado<\/strong>: 2\u00b0\u00a0cuatrimestre<\/p>\n<p><strong>Carreras<\/strong>: Lic. Cs. Biol\u00f3gicas<\/p>\n<p><strong>Email de contacto<\/strong>: msmarcin@gmail.com<\/p>\n<hr \/>\n<h4>Diversidad Vegetal<\/h4>\n<p><strong>Responsable<\/strong>: Prof. Elizabeth Barrientos<\/p>\n<p><strong>Equipo de c\u00e1tedra<\/strong>: Lic. Victoria Alvarez<\/p>\n<p><strong>Cuatrimestre dictado<\/strong>: 2\u00b0\u00a0cuatrimestre<\/p>\n<p><strong>Carreras<\/strong>: Prof. Cs. Biol\u00f3gicas<\/p>\n<p><strong>Email de contacto<\/strong>:\u00a0arcear@yahoo.com.ar<\/p>\n<hr \/>\n<h4>Diversidad de Plantas<\/h4>\n<p><strong>Responsable<\/strong>: Prof. Elizabeth Barrientos<\/p>\n<p><strong>Equipo de c\u00e1tedra<\/strong>: Lic. Victoria \u00c1lvarez<\/p>\n<p><strong>Cuatrimestre dictado<\/strong>: 2\u00b0\u00a0cuatrimestre<\/p>\n<p><strong>Carreras<\/strong>: Lic. Cs. Biol\u00f3gicas<\/p>\n<p><strong>Email de contacto<\/strong>:\u00a0arcear@yahoo.com.ar<\/p>\n<hr \/>\n<h4>Ecolog\u00eda de la Conservaci\u00f3n<\/h4>\n<p><strong>Responsable<\/strong>: Dra. Sandra J. Bucci<\/p>\n<p><strong>Cuatrimestre dictado<\/strong>: 2\u00b0 cuatrimestre<\/p>\n<p><strong>Carreras<\/strong>: Lic. Cs. Biol\u00f3gicas<\/p>\n<p><strong>Email de contacto<\/strong>:\u00a0sj_bucci@yahoo.com<\/p>\n<p><span style=\"color: #333333;\"><strong>P\u00e1gina web<\/strong>: en construcci\u00f3n<\/span><\/p>\n<hr \/>\n<h4>\u00a0Estad\u00edstica\/Estad\u00edstica I<\/h4>\n<p><strong>Responsable<\/strong>: Lic. Victoria Alvarez<\/p>\n<p><strong>Equipo de c\u00e1tedra<\/strong>: Geol. Fernanda Vicente\/Lic. Aime Astrada<\/p>\n<p><strong>Cuatrimestre dictado<\/strong>: 1\u00b0\u00a0cuatrimestre<\/p>\n<p><strong>Carreras<\/strong>: Lic. Cs. Biol.\/Prof. Cs. Biol.\/TUPA\/LIPSA<\/p>\n<p><strong>Email de contacto<\/strong>: N\/D<\/p>\n<p><strong>Pagina web<\/strong>:\u00a0<a href=\"https:\/\/estadisticaunpsjb.wordpress.com\/\" target=\"_blank\" rel=\"noopener noreferrer\">https:\/\/estadisticaunpsjb.wordpress.com\/<\/a><\/p>\n<hr \/>\n<h4>Estad\u00edstica II<\/h4>\n<p><strong>Responsable<\/strong>: Dr. Dami\u00e1n G. Gil<\/p>\n<p><strong>Equipo de c\u00e1tedra<\/strong>: Dra. Romina N. Verga<\/p>\n<p><strong>Cuatrimestre dictado<\/strong>: 1\u00b0\u00a0cuatrimestre<\/p>\n<p><strong>Carreras<\/strong>: Lic. Cs. Biol.<\/p>\n<p><strong>Email de contacto<\/strong>: gil.damian@gmail.com<\/p>\n<p><strong>Pagina web<\/strong>: en construcci\u00f3n<\/p>\n<hr \/>\n<h4>Evaluaci\u00f3n de Impacto Ambiental<\/h4>\n<p><strong>Responsable<\/strong>: Lic. Gabriela Mendos<\/p>\n<p><strong>Cuatrimestre dictado<\/strong>:<\/p>\n<p><strong>Carreras<\/strong>: LIPSA<\/p>\n<p><strong>Email de contacto<\/strong>:<\/p>\n<p><strong>Pagina web<\/strong>: en construcci\u00f3n<\/p>\n<hr \/>\n<h4><strong>Farmacobot\u00e1nica<\/strong><\/h4>\n<p><strong>Responsable<\/strong>: Prof. Elizabeth Barrientos<\/p>\n<p><strong>Equipo de c\u00e1tedra<\/strong>: Lic. Roxana Peneff\/Lic. Mariana Quezada<\/p>\n<p><strong>Cuatrimestre dictado<\/strong>: 2\u00b0 Cuatrimestre<\/p>\n<p><strong>Carreras<\/strong>:\u00a0Farmacia<\/p>\n<p><strong>Email de contacto<\/strong>:\u00a0eliro@uolsinectis.com.ar<\/p>\n<p><strong>Pagina web<\/strong>:\u00a0http:\/\/www.fcn.unp.edu.ar\/sitio\/farmacobotanica\/<\/p>\n<hr \/>\n<h4><strong>Filosof\u00eda de la Ciencias<\/strong><\/h4>\n<p><strong>Responsable<\/strong>: Dra. Barbara Rueter<\/p>\n<p><strong>Equipo de c\u00e1tedra<\/strong>: Prof. Cristian Silva<\/p>\n<p><strong>Cuatrimestre dictado<\/strong>: 2\u00b0\u00a0cuatrimestre<\/p>\n<p><strong>Carreras<\/strong>: Lic. Cs. Biol.\/Prof. Cs. Biol.<\/p>\n<p><strong>Email de contacto<\/strong>: silva_cristian@live.com.ar<\/p>\n<hr \/>\n<h4><strong>Fisiolog\u00eda General<\/strong><\/h4>\n<p><strong>Responsable<\/strong>: Dra. Nadia S. Arias<\/p>\n<p><strong>Equipo de c\u00e1tedra<\/strong>: Lic. Gisela Parra\/Dra. Julia S.\u00a0 Colombo<\/p>\n<p><strong>Cuatrimestre dictado<\/strong>: 2\u00b0\u00a0cuatrimestre<\/p>\n<p><strong>Carreras<\/strong>: Lic. Cs. Biol.\/Prof. en Cs, Biol<\/p>\n<p><strong>Email de contac<span style=\"color: #000000;\">to<\/span><\/strong><span style=\"color: #000000;\">: <a style=\"color: #000000;\" href=\"mailto:fisiologiaunpsjb@gmail.com\">fisiologiaunpsjb@gmail.com<\/a><\/span><\/p>\n<p><strong>Pagina Web<\/strong><span style=\"color: #000000;\">:\u00a0<a style=\"color: #000000;\" href=\"http:\/\/www.fcn.unp.edu.ar\/sitio\/fisiologiageneral\">www.fcn.unp.edu.ar\/sitio\/fisiologiageneral<\/a><\/span><\/p>\n<hr \/>\n<h4><strong>Gen\u00e9tica y Evoluci\u00f3n<\/strong><\/h4>\n<p><strong>Responsable<\/strong>: Dra. Paula Stoyanoff<\/p>\n<p><strong>Equipo de c\u00e1tedra<\/strong>: Prof. Carolina Mutti\/Dra. Romina Verga<\/p>\n<p><strong>Cuatrimestre dictado<\/strong>: 1\u00b0\u00a0cuatrimestre<\/p>\n<p><strong>Carreras<\/strong>: Lic. Cs. Biol.\/Prof. en Cs, Biol<\/p>\n<p><strong>Email de contacto<\/strong>: stoyanoff.paula@gmail.com<\/p>\n<p><strong>Pagina web<\/strong>: <a href=\"https:\/\/geneticayevolucion.wordpress.com\/\">geneticayevolucion.wordpress.com<\/a><\/p>\n<hr \/>\n<h4>Introducci\u00f3n a la Ecolog\u00eda<\/h4>\n<p><strong>Responsable<\/strong>: Lic. Gabriela Mendos<\/p>\n<p><strong>Equipo de c\u00e1tedra<\/strong>: Prof. Marilina Yepes\/Dra. Julia S. Colombo<\/p>\n<p><strong>Cuatrimestre dictado<\/strong>: N\/D<\/p>\n<p><strong>Carreras<\/strong>: Lic. Cs. Biol.\/Prof. en Cs, Biol<\/p>\n<p><strong>Email de contacto<\/strong>: mendos_mg@hotmail.com<\/p>\n<hr \/>\n<h4>\u00a0Legislaci\u00f3n y Gesti\u00f3n\u00a0Ambiental<\/h4>\n<p><strong>Responsable<\/strong>: Lic. Carlos Aguirre<\/p>\n<p><strong>Equipo de c\u00e1tedra<\/strong>:<\/p>\n<p><strong>Cuatrimestre dictado<\/strong>:<\/p>\n<p><strong>Carreras<\/strong>: LIPSA<\/p>\n<p><strong>Email de contacto<\/strong>:<\/p>\n<hr \/>\n<h4>Matem\u00e1tica I<\/h4>\n<hr \/>\n<h4>\u00a0Matem\u00e1tica II<\/h4>\n<hr \/>\n<h4>\u00a0Metodolog\u00eda y Pr\u00e1ctica de la Ense\u00f1anza<\/h4>\n<p><strong>Responsable<\/strong>: Prof. Cristian Silva<\/p>\n<p><strong>Cuatrimestre dictado<\/strong>: Anual<\/p>\n<p><strong>Carreras<\/strong>: Prof. Cs. Biol\u00f3gicas<\/p>\n<p><strong>Email de contacto<\/strong>: silva_cristian@live.com.ar<\/p>\n<p><strong>Pagina web<\/strong>:\u00a0(en construcci\u00f3n)<\/p>\n<hr \/>\n<h4><strong>Morfolog\u00eda Humana<\/strong><\/h4>\n<hr \/>\n<h4>\u00a0<strong>Organismos Celulares<\/strong><\/h4>\n<p style=\"text-align: justify;\"><strong>Responsable<\/strong>: MSc. Laura P\u00e9rez<\/p>\n<p style=\"text-align: justify;\"><strong>Equipo de c\u00e1tedra<\/strong>: Prof. Rodrigo Mansilla<\/p>\n<p style=\"text-align: justify;\"><strong>Cuatrimestre dictado<\/strong>: 1\u00b0\u00a0cuatrimestre<\/p>\n<p style=\"text-align: justify;\"><strong>Carreras: <\/strong>Lic. Cs. Biol\/Prof. Cs. Biol.<\/p>\n<p style=\"text-align: justify;\"><strong>Email<\/strong>:<span style=\"color: #000000;\">\u00a0<a style=\"color: #000000;\" href=\"mailto:perezlulib@yahoo.com.ar\">perezlulib@yahoo.com.ar<\/a><\/span><\/p>\n<hr \/>\n<h4>\u00a0Protecci\u00f3n de Paisaje, Flora y Fauna<\/h4>\n<p style=\"text-align: justify;\"><strong>Responsable<\/strong>: Dra. Barbara Rueter<\/p>\n<p style=\"text-align: justify;\"><strong>Equipo de c\u00e1tedra: <\/strong>Dra. Mariana Buzzi<\/p>\n<p style=\"text-align: justify;\"><strong>Cuatrimestre dictado<\/strong>:<\/p>\n<p style=\"text-align: justify;\"><strong>Carreras: <\/strong>LIPSA<\/p>\n<p style=\"text-align: justify;\"><strong>Pagina<\/strong>:\u00a0http:\/\/barbararue.wixsite.com\/paisajeunpsjb<span style=\"color: #000000;\">\u00a0<\/span><\/p>\n<hr \/>\n<h4>\u00a0Qu\u00edmica Anal\u00edtica General<\/h4>\n<hr \/>\n<h4>Qu\u00edmica Biol\u00f3gica<\/h4>\n<hr \/>\n<h4>\u00a0Qu\u00edmica General<\/h4>\n<hr \/>\n<h4>\u00a0Qu\u00edmica Org\u00e1nica<\/h4>\n<hr \/>\n<h4>Repoblamiento Vegetal<\/h4>\n<p><strong>Responsable<\/strong>: Lic. Tamara Gonz\u00e1lez<\/p>\n<p><strong>Equipo de c\u00e1tedra<\/strong>: Lic. Mariana Quezada<\/p>\n<p><strong>Cuatrimestre dictado<\/strong>:<\/p>\n<p><strong>Carreras<\/strong>: LIPSA<\/p>\n<p><strong>Email de contacto<\/strong>:<\/p>\n<hr \/>\n<h4>Toxicolog\u00eda y Salud Ambiental<\/h4>\n<p><strong>Responsable<\/strong>:\u00a0 Lic. Evangelina Laztra<\/p>\n<p><strong>Equipo de c\u00e1tedra<\/strong>: Lic. Griselda Tamara Gonz\u00e1lez\/Lic. Romina Diaz<\/p>\n<p><strong>Cuatrimestre dictado<\/strong>: 1\u00b0 cuatrimestre<\/p>\n<p><strong>Carreras<\/strong>: LIPSA<\/p>\n<p><strong>Email de contacto<\/strong>:<span style=\"color: #333333;\"> <a style=\"color: #333333;\" href=\"http:\/\/elaztra@gmail.com\/tysambiental@hotmail.com\" target=\"_blank\" rel=\"noopener noreferrer\" data-saferedirecturl=\"https:\/\/www.google.com\/url?q=http:\/\/elaztra@gmail.com\/tysambiental@hotmail.com&amp;source=gmail&amp;ust=1644541664561000&amp;usg=AOvVaw1ZJ9jZRt-ZDeIhGN7Q9Qa8\">elaztra@gmail.com\/<wbr \/>tysambiental@hotmail.com<\/a><\/span><\/p>\n<p><strong>Pagina web<\/strong>: http:\/\/www.fcn.unp.edu.ar\/sitio\/tysa\/<\/p>\n<hr \/>\n<h4>Tratamientos de Efluentes Cloacales e Industriales<\/h4>\n<hr \/>\n<h4>Tratamientos de los Residuos S\u00f3lidos<\/h4>\n<p><strong>Responsable:\u00a0<\/strong>Dra. Mariana Buzzi<\/p>\n<p><strong>Equipo de c\u00e1tedra<\/strong>: Lic. Jesica Vertki\/Daiana Ramirez (auxiliar de 2da)<\/p>\n<p><strong>Carreras:<\/strong> LIPSA<\/p>\n<p><strong>Cuatrimestre\u00a0dictado:<\/strong> 2\u00b0\u00a0cuatrimestre<\/p>\n<p><strong>Email de contacto<span style=\"color: #000000;\">:<\/span><\/strong><span style=\"color: #000000;\">\u00a0<a style=\"color: #000000;\" href=\"mailto:catedratrs@gmail.com\" target=\"_blank\" rel=\"noopener noreferrer\">catedratrs@gmail.com<\/a>\u00a0<\/span><\/p>\n<p><b>P\u00e1gina web:\u00a0<\/b>en construcci\u00f3n<\/p>\n<hr \/>\n<h4>Tratamiento de Residuos de la Explotaci\u00f3n Petrolera<\/h4>\n<hr \/>\n<h4>Zoolog\u00eda\u00a0General<\/h4>\n<p><strong>Responsable<\/strong>: Dr. Dami\u00e1n G. Gil<\/p>\n<p><strong>Equipo de c\u00e1tedra<\/strong>: Dra. Paola Lanas\/Dr. Mauro Marcinkevicus\/Lic. Mariana Quezada<\/p>\n<p><strong>Cuatrimestre dictado<\/strong>: 2\u00b0\u00a0cuatrimestre<\/p>\n<p><strong>Carreras<\/strong>: Lic. Cs. Biol.\/Prof. Cs. Biol\/LIPSA\/TUPA<\/p>\n<p><strong>Email de contacto<\/strong>: zoologia.gral@gmail.com<\/p>\n<p><strong>Pagina web<\/strong>: <a href=\"https:\/\/zoologia.wordpress.com\/\">https:\/\/zoologia.wordpress.com\/<\/a><\/p>\n","protected":false},"excerpt":{"rendered":"<p>Biolog\u00eda Ambiental Responsable: Lic. y Prof. Mar\u00eda S. Yepes Equipo de c\u00e1tedra: Prof. Rodrigo Mansilla Cuatrimestre dictado: 1\u00b0\u00a0cuatrimestre Carreras:\u00a0Prof. Cs. Biol. \/ Lic. Cs. Biol. Email de contacto:msyepes@yahoo.com Pagina web: en construcci\u00f3n Biolog\u00eda Celular y Molecular Responsable: Dra. Cecilia V. Alvarado Equipo de c\u00e1tedra: Dr. Mart\u00edn A. Hern\u00e1ndez Cuatrimestre dictado: 2\u00b0\u00a0cuatrimestre Carreras:\u00a0Lic. Cs. Biol.\/Prof. Cs. &hellip; <a href=\"https:\/\/www.fcn.unp.edu.ar\/dptobiologia\/index.php\/normativa\/\" class=\"more-link\">Seguir leyendo <span class=\"screen-reader-text\">C\u00e1tedras<\/span> <span class=\"meta-nav\">&rarr;<\/span><\/a><\/p>\n","protected":false},"author":1,"featured_media":0,"parent":0,"menu_order":0,"comment_status":"closed","ping_status":"closed","template":"","meta":{"footnotes":""},"class_list":["post-12","page","type-page","status-publish","hentry"],"_links":{"self":[{"href":"https:\/\/www.fcn.unp.edu.ar\/dptobiologia\/index.php\/wp-json\/wp\/v2\/pages\/12","targetHints":{"allow":["GET"]}}],"collection":[{"href":"https:\/\/www.fcn.unp.edu.ar\/dptobiologia\/index.php\/wp-json\/wp\/v2\/pages"}],"about":[{"href":"https:\/\/www.fcn.unp.edu.ar\/dptobiologia\/index.php\/wp-json\/wp\/v2\/types\/page"}],"author":[{"embeddable":true,"href":"https:\/\/www.fcn.unp.edu.ar\/dptobiologia\/index.php\/wp-json\/wp\/v2\/users\/1"}],"replies":[{"embeddable":true,"href":"https:\/\/www.fcn.unp.edu.ar\/dptobiologia\/index.php\/wp-json\/wp\/v2\/comments?post=12"}],"version-history":[{"count":53,"href":"https:\/\/www.fcn.unp.edu.ar\/dptobiologia\/index.php\/wp-json\/wp\/v2\/pages\/12\/revisions"}],"predecessor-version":[{"id":617,"href":"https:\/\/www.fcn.unp.edu.ar\/dptobiologia\/index.php\/wp-json\/wp\/v2\/pages\/12\/revisions\/617"}],"wp:attachment":[{"href":"https:\/\/www.fcn.unp.edu.ar\/dptobiologia\/index.php\/wp-json\/wp\/v2\/media?parent=12"}],"curies":[{"name":"wp","href":"https:\/\/api.w.org\/{rel}","templated":true}]}}