{"id":14,"date":"2015-12-17T13:07:08","date_gmt":"2015-12-17T13:07:08","guid":{"rendered":"http:\/\/www.fcn.unp.edu.ar\/sitio\/dptobiologia\/?page_id=14"},"modified":"2018-02-23T13:35:29","modified_gmt":"2018-02-23T13:35:29","slug":"extension","status":"publish","type":"page","link":"https:\/\/www.fcn.unp.edu.ar\/dptobiologia\/index.php\/extension\/","title":{"rendered":"Extensi\u00f3n"},"content":{"rendered":"<p>La extensi\u00f3n es uno de los pilares fundamentales de la comunidad universitaria \u00a0y el\u00a0departamento de Biolog\u00eda y Ambiente realiza diversas actividades de extensi\u00f3n y vinculaci\u00f3n con la comunidad.<\/p>\n<h4 style=\"text-align: justify;\"><span style=\"color: #000080;\">Proyectos de extensi\u00f3n vigentes<\/span><\/h4>\n<p>&nbsp;<\/p>\n<p style=\"text-align: justify;\"><span style=\"color: #000080;\">Proyecto Extensi\u00f3n:\u00a0<strong>Vocaci\u00f3n Cient\u00edfica Temprana\u00a0<\/strong><\/span><\/p>\n<p style=\"text-align: justify;\">Programa SPU<\/p>\n<p style=\"text-align: justify;\"><strong>Coordinadora<\/strong>: Paola Lanas. Integrantes:\u00a0MSc Zalazar, Hilda del Valle, MSc Gonz\u00e1lez, Mirtha Adriana, Lic. Quezada, Mariana L\u00eda, Dr. Gil, Dami\u00e1n Gaspar, \u00a0Dra. Arce, Mar\u00eda Elena, Lic. Riera, Marina Griselda, Dra. Arias, Nadia Soledad, Prof. P\u00e1ez, Roxana Valeria. Alumnos:\u00a0Balverdi, Edgardo,\u00a0 Zambrano, Luc\u00eda, Reartes, Mar\u00eda Bel\u00e9n, \u00a0Ricci, Mauro,\u00a0Vergara, Noelia Bel\u00e9n, Montero Ferruz, Mar\u00eda Bel\u00e9n, Su\u00e1rez, Agustina.<\/p>\n<p style=\"text-align: justify;\"><strong>DESCRIPCI\u00d3N<\/strong>: Es evidente la necesidad de aumentar el n\u00famero de J\u00f3venes Investigadores del \u00e1rea de la Biolog\u00eda y el Medioambiente en la regi\u00f3n patag\u00f3nica y m\u00e1s espec\u00edficamente en el golfo San Jorge. Al momento se cuenta con fortaleza institucional de los organismos del estado para contener a j\u00f3venes cient\u00edficos en Centros de Investigaci\u00f3n de la regi\u00f3n. Sin embargo, la llegada de alumnos locales a las carreras de grado y posgrado relacionadas al \u00e1rea es baja, gener\u00e1ndose vacancia en los centros de investigaci\u00f3n superior. El Proyecto espera fomentar la Vocaci\u00f3n Cient\u00edfica en aquellos estudiantes de ense\u00f1anza media de la ciudad de Comodoro Rivadavia que optaron por la modalidad Ciencias Naturales en primera instancia. En los alumnos de los n\u00facleos urbanos alejados de esta ciudad principal. Y por \u00faltimo en todos los j\u00f3venes de la ciudad y \u00e1rea de influencia que puedan tener acceso a la educaci\u00f3n superior. Las herramientas pedag\u00f3gicas que se utilizaron fueron desde experiencias interactivas de los alumnos con el material biol\u00f3gico, pasando por experiencias relacionadas con la educaci\u00f3n ambiental, hasta la difusi\u00f3n de material gr\u00e1fico, de audio y audiovisual, seg\u00fan los tipos de destinatarios. De esta manera se espera aumentar la matr\u00edcula de ingresantes a las carreras de Licenciatura en Ciencias Biol\u00f3gicas, Licenciatura en Protecci\u00f3n y Saneamiento Ambiental y Profesorado en Ciencias Biol\u00f3gicas, con el consecuente posterior ingreso a las carreras e instituciones de investigaci\u00f3n superior.<\/p>\n<p style=\"text-align: justify;\"><strong>DESTINATARIOS<\/strong>: a) Alumnos de los \u00faltimos a\u00f1os de los establecimientos secundarios que tengan la modalidad de Ciencias Naturales, en la ciudad de Comodoro Rivadavia. b) Alumnos de las escuelas medias del interior de la provincia del Chubut: <u>Sarmiento, R\u00edo Senguer y R\u00edo Mayo<\/u>, alejados de los centros urbanos. c) Aquellos j\u00f3venes de la ciudad y zona de influencia, a los que se llegue con alg\u00fan material de audio, audiovisual o gr\u00e1fico, a trav\u00e9s de los medios de comunicaci\u00f3n m\u00e1s frecuentados por la franja etaria.<\/p>\n<p style=\"text-align: justify;\">Vigencia: 2015-2016<\/p>\n<hr \/>\n<p style=\"text-align: justify;\"><span style=\"color: #000080;\">Proyecto Extensi\u00f3n:\u00a0<strong>Vocaci\u00f3n Cient\u00edfica Temprana II<\/strong><\/span><\/p>\n<p style=\"text-align: justify;\">Programa SPU<\/p>\n<p style=\"text-align: justify;\"><strong>Coodinadora<\/strong>: Paola Lanas. Integrantes:\u00a0MSc Zalazar, Hilda del Valle, MSc Gonz\u00e1lez, Mirtha Adriana, Lic. Quezada, Mariana L\u00eda, Dr. Gil, Dami\u00e1n Gaspar, \u00a0Dra. Arce, Mar\u00eda Elena, Lic. Riera, Marina Griselda, Dra. Arias, Nadia Soledad, Lic. Mauro Marcinkevicius, Prof. P\u00e1ez, Roxana Valeria. Alumnos:\u00a0Perea, Adela, Serrano, Carolina, Su\u00e1rez, Agustina, \u00a0Montero, Mar\u00eda Bel\u00e9n, Vidmar, Victoria, Parra, Gisella Alejandra, Jones, B\u00e1rbara, Vallejos, Mat\u00edas, Haro, Roc\u00edo, Garc\u00eda, Karen, Olivares, Anal\u00eda<\/p>\n<p style=\"text-align: justify;\"><strong>DESCRIPCI\u00d3N<\/strong>: La ejecuci\u00f3n del proyecto en su primera versi\u00f3n tiene como objetivos aumentar el n\u00famero de J\u00f3venes Investigadores del \u00e1rea de la Biolog\u00eda y el Medioambiente en la regi\u00f3n patag\u00f3nica y m\u00e1s espec\u00edficamente en el Golfo San Jorge. De esta experiencia surge la necesidad de generar v\u00ednculos m\u00e1s estables y duraderos con la comunidad en general, con las instituciones de ense\u00f1anza media a nivel local, pero sobre todo al interior provincial. As\u00ed como de aumentar el grado de conocimiento de la oferta acad\u00e9mica de nuestra universidad en estas instituciones, de los conocimientos que aqu\u00ed se producen y de sus efectos pr\u00e1cticos en la regi\u00f3n.\u00a0 En la segunda versi\u00f3n del proyecto , se propone: a)\u00a0 continuar la difusi\u00f3n de las carreras de grado y posgrado en los establecimientos secundarios de esta ciudad y de la provincia, as\u00ed como en los medios audiovisuales locales b) ampliar la difusi\u00f3n a\u00a0 las localidades de la provincia de Santa Cruz m\u00e1s cercanas y c)promover actividades formativas y de divulgaci\u00f3n mediante la realizaci\u00f3n de Jornadas, cursos y eventos que propicien la llegada de docentes y alumnos del nivel medio a nuestra universidad, articulando estos dos niveles educativos. Con la participaci\u00f3n activa de los alumnos de las carreras de pregrado, se espera, que los j\u00f3venes destinatarios,\u00a0 se vinculen al \u00e1mbito acad\u00e9mico como a un espacio \u201ccercano y conocido\u201d\u00a0 donde\u00a0 intercambiar y producir saberes.\u00a0 As\u00ed como poner en evidencia y en discusi\u00f3n el rol de la ciencia como agente de cambio social y econ\u00f3mico en la regi\u00f3n, que aporte soluciones y productos, pero tambi\u00e9n identidad, cultura y\u00a0 patrimonio<\/p>\n<hr \/>\n<p><span style=\"color: #000080;\">Proyecto Extensi\u00f3n:<strong>\u00a0LOS CIENT\u00cdFICOS VAN A LAS ESCUELAS <\/strong>(LCVE) &#8211;\u00a0Secretaria de Ciencia y T\u00e9cnica (UNPSJB)<\/span><\/p>\n<p style=\"text-align: justify;\">Programa Ministerio de Ciencia, Tecnolog\u00eda e Innovaci\u00f3n Productiva<\/p>\n<p style=\"text-align: justify;\">Integrantes: Docentes \/ Investigadores Facultad de Ciencias Naturales<\/p>\n<p style=\"text-align: justify;\"><strong>Resumen.\u00a0<\/strong>Los Cient\u00edficos Van a las Escuelas\u201d es un programa que propone la interacci\u00f3n entre cient\u00edficos y docentes durante varios meses para lograr el enriquecimiento de las clases de ciencia en el aula, a trav\u00e9s de la realizaci\u00f3n conjunta de proyectos. Se centra en las ciencias naturales como f\u00edsica, qu\u00edmica, biolog\u00eda y disciplinas afines (quedan excluidas las ciencias sociales y la matem\u00e1tica). LCVE se desarrolla en el \u00e1mbito del Programa Nacional de Popularizaci\u00f3n de la Ciencia y la Innovaci\u00f3n (PPCI) del Ministerio de Ciencia, Tecnolog\u00eda e Innovaci\u00f3n Productiva<\/p>\n<p style=\"text-align: justify;\">Vigencia: 2016<\/p>\n<hr \/>\n<p style=\"text-align: justify;\"><span style=\"color: #000080;\">Proyecto Extensi\u00f3n:<strong> Jard\u00edn del \u00c1rido Patag\u00f3nico: un espacio para conocer y conservar las plantas nativas.<\/strong><\/span><\/p>\n<p style=\"text-align: justify;\">Facultad Ciencias Naturales. UNPSJB. 22\u00ba Convocatoria de Proyectos de Extensi\u00f3n Universitaria y Vinculaci\u00f3n Comunitaria: \u201cUniversidad, Estado y Territorio<\/p>\n<p style=\"text-align: justify;\"><strong>Director\/codirector<\/strong>: Dras. Sara E. Fern\u00e1ndez y Mabel Sandra Feij\u00f3o. Integrantes: Prof. Elizabeth Barrientos; Lic. Roxana Peneff; Alumnas: Laura Antignir; Silvia Doria; Flavia Conill; Marina Epulef; Micaela D\u00edaz.<\/p>\n<p style=\"text-align: justify;\"><strong>Resumen<\/strong>.\u00a0El abordaje de la presente propuesta, avala las acciones tendientes a la puesta en valor y conservaci\u00f3n del patrimonio vegetal. Este proyecto es importante desde el punto de vista educativo, brindando la oportunidad de\u00a0 alcanzar el\u00a0 conocimiento adecuado de la utilidad que brindan las plantas nativas desde\u00a0 la preservaci\u00f3n del suelo, uso paisaj\u00edstico y conservaci\u00f3n de la biodiversidad del ecosistema. La metodolog\u00eda de visitas guiadas, talleres, pasant\u00edas, asesoramiento, capacitaci\u00f3n y difusi\u00f3n, permite profundizar el nexo universidad &#8211; instituciones educativas &#8211; comunidad a partir de la investigaci\u00f3n, la acci\u00f3n participativa y el aprendizaje. Al\u00a0 involucrar a la comunidad haci\u00e9ndola participar en actividades que conllevan\u00a0 al conocimiento de la vegetaci\u00f3n nativa, se pretende concientizar e instruir\u00a0 a fin de disminuir la problem\u00e1tica de la desertificaci\u00f3n del suelo y\u00a0 ecosistema, promoviendo la restauraci\u00f3n del ambiente. Un espacio para observar y aprender, investigar, informar y concienciar, en el cuidado, conservaci\u00f3n y manejo de la flora regional. Se tiende a consolidar al JAP (Jard\u00edn del \u00c1rido Patag\u00f3nico) como un recurso did\u00e1ctico para promover la Educaci\u00f3n Ambiental. En este sentido, se vienen desarrollando tareas con escuelas de distintos niveles educativos, las que se profundizaran ofreciendo oportunidades para que la comunidad conozca sobre las plantas y la labor que realizan los jardines bot\u00e1nicos. La Agenda Internacional de Jardines bot\u00e1nicos destaca sobre la Misi\u00f3n Global de los\u00a0 mismos en la\u00a0 conservaci\u00f3n, que: \u201cdeben trabajar en cooperaci\u00f3n con un amplio rango de organismos para lograr las tareas propuestas, incluyendo gobiernos, organizaciones, instituciones, corporaciones, comunidades e individuos\u201d. \u00a0El objetivo general es promover un espacio de formaci\u00f3n, experimentaci\u00f3n y capacitaci\u00f3n\u00a0 sobre las plantas aut\u00f3ctonas, a los efectos de lograr el conocimiento y la conservaci\u00f3n del recurso vegetal, generando una oferta educativa no tradicional.<\/p>\n<p style=\"text-align: justify;\"><strong>Vigencia <\/strong>2016-2017<\/p>\n<p style=\"text-align: justify;\"><span style=\"color: #000080;\">Proyecto Extensi\u00f3n:<strong> Sendero de observaci\u00f3n e interpretaci\u00f3n de flora nativas<\/strong><\/span><\/p>\n<p style=\"text-align: justify;\">Facultad Ciencias Naturales &#8211; MCR &#8211; CDFCN N\u00ba 92\/16<\/p>\n<p style=\"text-align: justify;\"><strong>Director\/codirector<\/strong>:\u00a0Mag. Vivien Pentrerath. Integrantes: Dra. Nadia Arias, Prof. Magal\u00ed Chiarotto,\u00a0alumna Anal\u00eda Herrera<\/p>\n<p style=\"text-align: justify;\"><strong>Resumen.\u00a0<\/strong>Es un proyecto presentado por la c\u00e1tedra Fisiolog\u00eda General, junto con la Direcci\u00f3n General de Turismo de la Municipalidad de Comodoro Rivadavia. A partir del Proyecto de Extensi\u00f3n \u201cParquizaci\u00f3n del Predio Ferial de Comodoro Rivadavia con especies nativas de la estepa patag\u00f3nica\u201d, presentado en el a\u00f1o\u00a0 \u00a02014 (Res CDFCN 680\/14), se dio inicio a una serie de actividades orientadas a promover la puesta en valor de la flora nativa regional. Esta propuesta consiste en delimitar un recorrido natural, lindante al Predio Ferial de la MCR, en el cual se identificar\u00e1n las plantas nativas, con carteler\u00eda aportada por la Dir. de Turismo. Este sendero se complementa con informaci\u00f3n que ser\u00e1 dispuesta en el interior del Predio Ferial, en carteler\u00eda acompa\u00f1ante. El proyecto est\u00e1 destinado al \u00e1mbito educativo, de turismo y al p\u00fablico en general.<\/p>\n<p style=\"text-align: justify;\">Vigencia 2016<\/p>\n<p style=\"text-align: justify;\"><span style=\"color: #000080;\">Proyecto Extensi\u00f3n:\u00a0<strong>Parquizaci\u00f3n de la Agencia Comodoro Conocimiento con especies nativas de la\u00a0estepa patag\u00f3nica<\/strong><\/span><\/p>\n<p style=\"text-align: justify;\">Facultad Ciencias Naturales &#8211; MCR &#8211; CDFCN N\u00ba 94\/16<\/p>\n<p style=\"text-align: justify;\"><strong>Director\/codirector<\/strong>:\u00a0Mag. Vivien Pentrerath. Integrantes: Dra. Nadia Arias, Prof. Magal\u00ed Chiarotto,\u00a0alumna Anal\u00eda Herrera<\/p>\n<p style=\"text-align: justify;\"><strong>Resumen.\u00a0<\/strong><span style=\"color: black;\">Siguiendo la l\u00ednea de trabajo del grupo de c\u00e1tedra se apunta con este proyecto a la puesta en valor de las especies de flora nativa. Para ello recurrimos a la utilizaci\u00f3n de la flora regional para ambientar sitios p\u00fablicos y espacios de recreaci\u00f3n, generando un \u00e1mbito que exprese las posibilidades de uso de la vegetaci\u00f3n nativa, con un parquizado singular, representativo de la realidad local y con requerimientos m\u00ednimos de atenci\u00f3n y cuidado. El espacio ofrece adem\u00e1s posibilidades educativas.<\/span><\/p>\n<p style=\"text-align: justify;\">Vigencia 2016<\/p>\n<hr \/>\n<h5>Presentaci\u00f3n de proyectos de extensi\u00f3n<\/h5>\n<p>Pasos para la presentaci\u00f3n de Proyectos y\/o actividades de extensi\u00f3n en la FCN:<\/p>\n<p>(1) Confeccione el proyecto de extensi\u00f3n seg\u00fan <a href=\"http:\/\/www.fcn.unp.edu.ar\/sitio\/dptobiologia\/wp-content\/uploads\/2015\/12\/Reglamento-Actividades-de-Extension.pdf\">Normativa Vigente<\/a>, en caso de actividades que solo demanden un d\u00eda (ej. charlas a instituciones educativas) se deber\u00e1 presentar ademas la solicitud o aval de la instituci\u00f3n\u00a0solicitante.<\/p>\n<p>(2) Complete el siguiente formulario web para\u00a0registro interno<\/p>\n<p>(3) Luego de realizar la actividad, le solicitamos el env\u00edo por email de (a) fotograf\u00edas de la actividad, (b) vinculo electr\u00f3nico (si lo hubiese) de diario o portal, con el objeto de dar difusi\u00f3n.<\/p>\n<p>&nbsp;<\/p>\n","protected":false},"excerpt":{"rendered":"<p>La extensi\u00f3n es uno de los pilares fundamentales de la comunidad universitaria \u00a0y el\u00a0departamento de Biolog\u00eda y Ambiente realiza diversas actividades de extensi\u00f3n y vinculaci\u00f3n con la comunidad. Proyectos de extensi\u00f3n vigentes &nbsp; Proyecto Extensi\u00f3n:\u00a0Vocaci\u00f3n Cient\u00edfica Temprana\u00a0 Programa SPU Coordinadora: Paola Lanas. Integrantes:\u00a0MSc Zalazar, Hilda del Valle, MSc Gonz\u00e1lez, Mirtha Adriana, Lic. Quezada, Mariana L\u00eda, &hellip; <a href=\"https:\/\/www.fcn.unp.edu.ar\/dptobiologia\/index.php\/extension\/\" class=\"more-link\">Seguir leyendo <span class=\"screen-reader-text\">Extensi\u00f3n<\/span> <span class=\"meta-nav\">&rarr;<\/span><\/a><\/p>\n","protected":false},"author":1,"featured_media":0,"parent":0,"menu_order":0,"comment_status":"closed","ping_status":"closed","template":"","meta":{"footnotes":""},"class_list":["post-14","page","type-page","status-publish","hentry"],"_links":{"self":[{"href":"https:\/\/www.fcn.unp.edu.ar\/dptobiologia\/index.php\/wp-json\/wp\/v2\/pages\/14","targetHints":{"allow":["GET"]}}],"collection":[{"href":"https:\/\/www.fcn.unp.edu.ar\/dptobiologia\/index.php\/wp-json\/wp\/v2\/pages"}],"about":[{"href":"https:\/\/www.fcn.unp.edu.ar\/dptobiologia\/index.php\/wp-json\/wp\/v2\/types\/page"}],"author":[{"embeddable":true,"href":"https:\/\/www.fcn.unp.edu.ar\/dptobiologia\/index.php\/wp-json\/wp\/v2\/users\/1"}],"replies":[{"embeddable":true,"href":"https:\/\/www.fcn.unp.edu.ar\/dptobiologia\/index.php\/wp-json\/wp\/v2\/comments?post=14"}],"version-history":[{"count":14,"href":"https:\/\/www.fcn.unp.edu.ar\/dptobiologia\/index.php\/wp-json\/wp\/v2\/pages\/14\/revisions"}],"predecessor-version":[{"id":392,"href":"https:\/\/www.fcn.unp.edu.ar\/dptobiologia\/index.php\/wp-json\/wp\/v2\/pages\/14\/revisions\/392"}],"wp:attachment":[{"href":"https:\/\/www.fcn.unp.edu.ar\/dptobiologia\/index.php\/wp-json\/wp\/v2\/media?parent=14"}],"curies":[{"name":"wp","href":"https:\/\/api.w.org\/{rel}","templated":true}]}}