{"id":16,"date":"2015-12-17T13:07:40","date_gmt":"2015-12-17T13:07:40","guid":{"rendered":"http:\/\/www.fcn.unp.edu.ar\/sitio\/dptobiologia\/?page_id=16"},"modified":"2018-02-23T13:07:26","modified_gmt":"2018-02-23T13:07:26","slug":"lic-en-cs-biologicas","status":"publish","type":"page","link":"https:\/\/www.fcn.unp.edu.ar\/dptobiologia\/index.php\/pagina-ejemplo\/lic-en-cs-biologicas\/","title":{"rendered":"Lic. en Cs. Biol\u00f3gicas"},"content":{"rendered":"<p style=\"text-align: justify;\"><strong>Titulo<\/strong>: Licenciado en Ciencias Biol\u00f3gicas<\/p>\n<p><strong>Duraci\u00f3n<\/strong>: 5 a\u00f1os<\/p>\n<p style=\"text-align: justify;\"><strong>Alcances<\/strong>:<\/p>\n<p style=\"text-align: justify;\">&#8211; Realizar estudios y Asesorar a personas o instituciones sobre recursos biol\u00f3gicos.<br \/>\n&#8211; Evaluar modificaciones del ambiente natural y su influencia sobre la econom\u00eda regional.<br \/>\n&#8211; Realizar investigaciones referidas a la problem\u00e1tica de los ecosistemas y la biodiversidad.<\/p>\n<p style=\"text-align: justify;\"><strong>Perfil Profesional<\/strong><\/p>\n<p style=\"text-align: justify;\">El egresado de la Licenciatura en Ciencias Biol\u00f3gicas tendr\u00e1 las siguientes habilidades y actitudes:<br \/>\n&#8211; Conocimientos cient\u00edficos y t\u00e9cnicos que le permitan analizar y evaluar los procesos evolutivos de los ecosistemas.<br \/>\n&#8211; Capacidad para proponer soluciones a los problemas relativos a los recursos biol\u00f3gicos, en general y de la regi\u00f3n en particular.<br \/>\n&#8211; Capacidad para participar en trabajos proyectos o programas de investigaci\u00f3n en la rama de las ciencias biol\u00f3gicas.<br \/>\n&#8211; Capacidad de creaci\u00f3n, iniciativa personal, juicio y sentido cr\u00edtico.<br \/>\n&#8211; Actitud cr\u00edtica y flexible para el trabajo en equip\u00f3 interdisciplinario.<br \/>\n&#8211; Actitud para desarrollar en la comunidad una acci\u00f3n esclarecedora sobre la importancia del equilibrio ecol\u00f3gico.<br \/>\n&#8211; Actitud para perfeccionarse en forma permanente en su actividad profesional.<br \/>\n&#8211; Conciencia de sus responsabilidades profesionales, \u00e9ticas y sociales.<\/p>\n<p style=\"text-align: justify;\"><strong>Plan de estudios vigente:<\/strong> [Descargar]\n<p style=\"text-align: justify;\">Inscripciones en <a href=\"http:\/\/www.fcn.unp.edu.ar\">Facultad de Ciencias Naturales<\/a><\/p>\n","protected":false},"excerpt":{"rendered":"<p>Titulo: Licenciado en Ciencias Biol\u00f3gicas Duraci\u00f3n: 5 a\u00f1os Alcances: &#8211; Realizar estudios y Asesorar a personas o instituciones sobre recursos biol\u00f3gicos. &#8211; Evaluar modificaciones del ambiente natural y su influencia sobre la econom\u00eda regional. &#8211; Realizar investigaciones referidas a la problem\u00e1tica de los ecosistemas y la biodiversidad. Perfil Profesional El egresado de la Licenciatura en &hellip; <a href=\"https:\/\/www.fcn.unp.edu.ar\/dptobiologia\/index.php\/pagina-ejemplo\/lic-en-cs-biologicas\/\" class=\"more-link\">Seguir leyendo <span class=\"screen-reader-text\">Lic. en Cs. Biol\u00f3gicas<\/span> <span class=\"meta-nav\">&rarr;<\/span><\/a><\/p>\n","protected":false},"author":1,"featured_media":100,"parent":2,"menu_order":0,"comment_status":"closed","ping_status":"closed","template":"","meta":{"footnotes":""},"class_list":["post-16","page","type-page","status-publish","has-post-thumbnail","hentry"],"_links":{"self":[{"href":"https:\/\/www.fcn.unp.edu.ar\/dptobiologia\/index.php\/wp-json\/wp\/v2\/pages\/16","targetHints":{"allow":["GET"]}}],"collection":[{"href":"https:\/\/www.fcn.unp.edu.ar\/dptobiologia\/index.php\/wp-json\/wp\/v2\/pages"}],"about":[{"href":"https:\/\/www.fcn.unp.edu.ar\/dptobiologia\/index.php\/wp-json\/wp\/v2\/types\/page"}],"author":[{"embeddable":true,"href":"https:\/\/www.fcn.unp.edu.ar\/dptobiologia\/index.php\/wp-json\/wp\/v2\/users\/1"}],"replies":[{"embeddable":true,"href":"https:\/\/www.fcn.unp.edu.ar\/dptobiologia\/index.php\/wp-json\/wp\/v2\/comments?post=16"}],"version-history":[{"count":5,"href":"https:\/\/www.fcn.unp.edu.ar\/dptobiologia\/index.php\/wp-json\/wp\/v2\/pages\/16\/revisions"}],"predecessor-version":[{"id":387,"href":"https:\/\/www.fcn.unp.edu.ar\/dptobiologia\/index.php\/wp-json\/wp\/v2\/pages\/16\/revisions\/387"}],"up":[{"embeddable":true,"href":"https:\/\/www.fcn.unp.edu.ar\/dptobiologia\/index.php\/wp-json\/wp\/v2\/pages\/2"}],"wp:featuredmedia":[{"embeddable":true,"href":"https:\/\/www.fcn.unp.edu.ar\/dptobiologia\/index.php\/wp-json\/wp\/v2\/media\/100"}],"wp:attachment":[{"href":"https:\/\/www.fcn.unp.edu.ar\/dptobiologia\/index.php\/wp-json\/wp\/v2\/media?parent=16"}],"curies":[{"name":"wp","href":"https:\/\/api.w.org\/{rel}","templated":true}]}}