{"id":18,"date":"2015-12-17T13:08:13","date_gmt":"2015-12-17T13:08:13","guid":{"rendered":"http:\/\/www.fcn.unp.edu.ar\/sitio\/dptobiologia\/?page_id=18"},"modified":"2016-10-18T13:15:08","modified_gmt":"2016-10-18T13:15:08","slug":"lic-en-proteccion-y-saneamiento-ambiental","status":"publish","type":"page","link":"https:\/\/www.fcn.unp.edu.ar\/dptobiologia\/index.php\/pagina-ejemplo\/lic-en-proteccion-y-saneamiento-ambiental\/","title":{"rendered":"Lic. en Protecci\u00f3n y Saneamiento Ambiental"},"content":{"rendered":"<p style=\"text-align: justify;\"><strong>T\u00edtulo<\/strong>: Licenciado en Protecci\u00f3n y Saneamiento Ambiental<\/p>\n<p style=\"text-align: justify;\">Breve descripci\u00f3n<\/p>\n<p style=\"text-align: justify;\"><strong>Duraci\u00f3n<\/strong>: 5 a\u00f1os<\/p>\n<p style=\"text-align: justify;\"><strong>Alcances:<\/strong><br \/>\n-Realizar estudios cient\u00edficos, relevamientos e investigaciones de la problem\u00e1tica\u00a0 ambiental, referida a los recursos naturales.<br \/>\n-Asesorar a personas y\/o instituciones en temas referentes a la evaluaci\u00f3n, protecci\u00f3n y soluci\u00f3n de los problemas del medio ambiente.<br \/>\n-Realizar inspecciones tendientes a verificar el cumplimiento de las normas vigentes en emprendimientos, proyectos y empresas, en relaci\u00f3n a la calidad de los efluentes que ellos producen y el impacto ambiental vinculado con los mismos.<\/p>\n<p style=\"text-align: justify;\"><strong>Plan de estudios vigente<\/strong>:[Descargar]\n<p style=\"text-align: justify;\">Inscripciones en <a href=\"http:\/\/www.fcn.unp.edu.ar\">Facultad de Ciencias Naturales<\/a><\/p>\n","protected":false},"excerpt":{"rendered":"<p>T\u00edtulo: Licenciado en Protecci\u00f3n y Saneamiento Ambiental Breve descripci\u00f3n Duraci\u00f3n: 5 a\u00f1os Alcances: -Realizar estudios cient\u00edficos, relevamientos e investigaciones de la problem\u00e1tica\u00a0 ambiental, referida a los recursos naturales. -Asesorar a personas y\/o instituciones en temas referentes a la evaluaci\u00f3n, protecci\u00f3n y soluci\u00f3n de los problemas del medio ambiente. -Realizar inspecciones tendientes a verificar el cumplimiento &hellip; <a href=\"https:\/\/www.fcn.unp.edu.ar\/dptobiologia\/index.php\/pagina-ejemplo\/lic-en-proteccion-y-saneamiento-ambiental\/\" class=\"more-link\">Seguir leyendo <span class=\"screen-reader-text\">Lic. en Protecci\u00f3n y Saneamiento Ambiental<\/span> <span class=\"meta-nav\">&rarr;<\/span><\/a><\/p>\n","protected":false},"author":1,"featured_media":99,"parent":2,"menu_order":0,"comment_status":"closed","ping_status":"closed","template":"","meta":{"footnotes":""},"class_list":["post-18","page","type-page","status-publish","has-post-thumbnail","hentry"],"_links":{"self":[{"href":"https:\/\/www.fcn.unp.edu.ar\/dptobiologia\/index.php\/wp-json\/wp\/v2\/pages\/18","targetHints":{"allow":["GET"]}}],"collection":[{"href":"https:\/\/www.fcn.unp.edu.ar\/dptobiologia\/index.php\/wp-json\/wp\/v2\/pages"}],"about":[{"href":"https:\/\/www.fcn.unp.edu.ar\/dptobiologia\/index.php\/wp-json\/wp\/v2\/types\/page"}],"author":[{"embeddable":true,"href":"https:\/\/www.fcn.unp.edu.ar\/dptobiologia\/index.php\/wp-json\/wp\/v2\/users\/1"}],"replies":[{"embeddable":true,"href":"https:\/\/www.fcn.unp.edu.ar\/dptobiologia\/index.php\/wp-json\/wp\/v2\/comments?post=18"}],"version-history":[{"count":4,"href":"https:\/\/www.fcn.unp.edu.ar\/dptobiologia\/index.php\/wp-json\/wp\/v2\/pages\/18\/revisions"}],"predecessor-version":[{"id":105,"href":"https:\/\/www.fcn.unp.edu.ar\/dptobiologia\/index.php\/wp-json\/wp\/v2\/pages\/18\/revisions\/105"}],"up":[{"embeddable":true,"href":"https:\/\/www.fcn.unp.edu.ar\/dptobiologia\/index.php\/wp-json\/wp\/v2\/pages\/2"}],"wp:featuredmedia":[{"embeddable":true,"href":"https:\/\/www.fcn.unp.edu.ar\/dptobiologia\/index.php\/wp-json\/wp\/v2\/media\/99"}],"wp:attachment":[{"href":"https:\/\/www.fcn.unp.edu.ar\/dptobiologia\/index.php\/wp-json\/wp\/v2\/media?parent=18"}],"curies":[{"name":"wp","href":"https:\/\/api.w.org\/{rel}","templated":true}]}}