{"id":20,"date":"2015-12-17T13:08:45","date_gmt":"2015-12-17T13:08:45","guid":{"rendered":"http:\/\/www.fcn.unp.edu.ar\/sitio\/dptobiologia\/?page_id=20"},"modified":"2016-10-18T13:15:45","modified_gmt":"2016-10-18T13:15:45","slug":"profesorado-en-cs-biologicas","status":"publish","type":"page","link":"https:\/\/www.fcn.unp.edu.ar\/dptobiologia\/index.php\/pagina-ejemplo\/profesorado-en-cs-biologicas\/","title":{"rendered":"Profesorado en Cs. Biol\u00f3gicas"},"content":{"rendered":"<p><strong>Titulo<\/strong>: Profesor en Ciencias Biol\u00f3gicas<\/p>\n<p><strong>Duraci\u00f3n<\/strong>: 5 a\u00f1os<\/p>\n<p><strong>Alcances:<\/strong><\/p>\n<p style=\"text-align: justify;\">-Planificar, conducir, brindar asesoramiento y evaluar procesos de ense\u00f1anza &#8211; aprendizaje en el \u00e1rea de las Ciencias Biol\u00f3gicas,\u00a0 en todos los niveles de\u00a0\u00a0 Educaci\u00f3n.<\/p>\n<p>-Realizar en el marco de la actividad docente estudios, relevamientos e investigaciones tanto en el campo de las Ciencias Biol\u00f3gicas como en el de las Ciencias de la Educaci\u00f3n.<\/p>\n<p style=\"text-align: justify;\"><strong>Perfil Profesional<\/strong><\/p>\n<p style=\"text-align: justify;\">El graduado en Profesorado en Ciencias Biol\u00f3gicas es un egresado universitario que, apoyado en una formaci\u00f3n b\u00e1sica en el \u00e1rea de Ciencias Biol\u00f3gicas, posee s\u00f3lidos conocimientos del \u00e1rea de las ciencias Exactas y Naturales y una adecuada formaci\u00f3n pedag\u00f3gica que le permite desempe\u00f1ar con solvencia la profesi\u00f3n docente.<\/p>\n<p style=\"text-align: justify;\">Capacidad para comprender la realidad educativa en sus m\u00faltiples manifestaciones, de modo que garantice la efectiva participaci\u00f3n en los \u00e1mbitos institucionales y socio-comunitarios.<\/p>\n<p style=\"text-align: justify;\">Capacidad para promover la integraci\u00f3n de equipos interdisciplinarios, integrarlos y\/o coordinarlos.<\/p>\n<p style=\"text-align: justify;\">Capacidad para desarrollar conductas tendientes a la preservaci\u00f3n de la salud humana y del equilibrio en la naturaleza.<\/p>\n<p style=\"text-align: justify;\"><strong>Plan de estudios vigente<\/strong>: [Descargar]\n<p style=\"text-align: justify;\">Inscripciones en <a href=\"http:\/\/www.fcn.unp.edu.ar\">Facultad de Ciencias Naturales<\/a><\/p>\n","protected":false},"excerpt":{"rendered":"<p>Titulo: Profesor en Ciencias Biol\u00f3gicas Duraci\u00f3n: 5 a\u00f1os Alcances: -Planificar, conducir, brindar asesoramiento y evaluar procesos de ense\u00f1anza &#8211; aprendizaje en el \u00e1rea de las Ciencias Biol\u00f3gicas,\u00a0 en todos los niveles de\u00a0\u00a0 Educaci\u00f3n. -Realizar en el marco de la actividad docente estudios, relevamientos e investigaciones tanto en el campo de las Ciencias Biol\u00f3gicas como en &hellip; <a href=\"https:\/\/www.fcn.unp.edu.ar\/dptobiologia\/index.php\/pagina-ejemplo\/profesorado-en-cs-biologicas\/\" class=\"more-link\">Seguir leyendo <span class=\"screen-reader-text\">Profesorado en Cs. Biol\u00f3gicas<\/span> <span class=\"meta-nav\">&rarr;<\/span><\/a><\/p>\n","protected":false},"author":1,"featured_media":0,"parent":2,"menu_order":0,"comment_status":"closed","ping_status":"closed","template":"","meta":{"footnotes":""},"class_list":["post-20","page","type-page","status-publish","hentry"],"_links":{"self":[{"href":"https:\/\/www.fcn.unp.edu.ar\/dptobiologia\/index.php\/wp-json\/wp\/v2\/pages\/20","targetHints":{"allow":["GET"]}}],"collection":[{"href":"https:\/\/www.fcn.unp.edu.ar\/dptobiologia\/index.php\/wp-json\/wp\/v2\/pages"}],"about":[{"href":"https:\/\/www.fcn.unp.edu.ar\/dptobiologia\/index.php\/wp-json\/wp\/v2\/types\/page"}],"author":[{"embeddable":true,"href":"https:\/\/www.fcn.unp.edu.ar\/dptobiologia\/index.php\/wp-json\/wp\/v2\/users\/1"}],"replies":[{"embeddable":true,"href":"https:\/\/www.fcn.unp.edu.ar\/dptobiologia\/index.php\/wp-json\/wp\/v2\/comments?post=20"}],"version-history":[{"count":5,"href":"https:\/\/www.fcn.unp.edu.ar\/dptobiologia\/index.php\/wp-json\/wp\/v2\/pages\/20\/revisions"}],"predecessor-version":[{"id":106,"href":"https:\/\/www.fcn.unp.edu.ar\/dptobiologia\/index.php\/wp-json\/wp\/v2\/pages\/20\/revisions\/106"}],"up":[{"embeddable":true,"href":"https:\/\/www.fcn.unp.edu.ar\/dptobiologia\/index.php\/wp-json\/wp\/v2\/pages\/2"}],"wp:attachment":[{"href":"https:\/\/www.fcn.unp.edu.ar\/dptobiologia\/index.php\/wp-json\/wp\/v2\/media?parent=20"}],"curies":[{"name":"wp","href":"https:\/\/api.w.org\/{rel}","templated":true}]}}