{"id":22,"date":"2015-12-17T13:09:39","date_gmt":"2015-12-17T13:09:39","guid":{"rendered":"http:\/\/www.fcn.unp.edu.ar\/sitio\/dptobiologia\/?page_id=22"},"modified":"2016-10-18T13:16:12","modified_gmt":"2016-10-18T13:16:12","slug":"tecnico-universitario-proteccion-ambiental","status":"publish","type":"page","link":"https:\/\/www.fcn.unp.edu.ar\/dptobiologia\/index.php\/pagina-ejemplo\/tecnico-universitario-proteccion-ambiental\/","title":{"rendered":"T\u00e9cnico Universitario Protecci\u00f3n Ambiental"},"content":{"rendered":"<p style=\"text-align: justify;\"><strong>T\u00edtulo<\/strong>: T\u00e9cnico Universitario en Protecci\u00f3n Ambiental<\/p>\n<p style=\"text-align: justify;\">Breve descripcion<\/p>\n<p style=\"text-align: justify;\"><strong>Duraci\u00f3n<\/strong>: 3 a\u00f1os<\/p>\n<p style=\"text-align: justify;\"><strong>Alcances:<\/strong><br \/>\n-Programar y realizar muestreos y determinaciones de campo para efectuar an\u00e1lisis f\u00edsicos, qu\u00edmicos y biol\u00f3gicos de agua, aire, suelo, residuos s\u00f3lidos, l\u00edquidos y gaseosos.<br \/>\n-Colaborar en inspecciones tendientes a verificar el cumplimiento de las normas vigentes en los establecimientos industriales en relaci\u00f3n a la calidad de los efluentes que ellos producen y el impacto ambiental vinculado con los mismos.<br \/>\n-Realizar controles t\u00e9cnicos de funcionamiento de sistemas de tratamiento de agua, desag\u00fces y residuos s\u00f3lidos.<br \/>\n-Colaborar en la asistencia t\u00e9cnica de planes, programas y proyectos en el \u00e1rea de incumbencia.<\/p>\n<p style=\"text-align: justify;\"><strong>Plan de estudios vigente<\/strong>: [Descargar]\n<p style=\"text-align: justify;\">Inscripciones en <a href=\"http:\/\/www.fcn.unp.edu.ar\">Facultad de Ciencias Naturales<\/a><\/p>\n","protected":false},"excerpt":{"rendered":"<p>T\u00edtulo: T\u00e9cnico Universitario en Protecci\u00f3n Ambiental Breve descripcion Duraci\u00f3n: 3 a\u00f1os Alcances: -Programar y realizar muestreos y determinaciones de campo para efectuar an\u00e1lisis f\u00edsicos, qu\u00edmicos y biol\u00f3gicos de agua, aire, suelo, residuos s\u00f3lidos, l\u00edquidos y gaseosos. -Colaborar en inspecciones tendientes a verificar el cumplimiento de las normas vigentes en los establecimientos industriales en relaci\u00f3n a &hellip; <a href=\"https:\/\/www.fcn.unp.edu.ar\/dptobiologia\/index.php\/pagina-ejemplo\/tecnico-universitario-proteccion-ambiental\/\" class=\"more-link\">Seguir leyendo <span class=\"screen-reader-text\">T\u00e9cnico Universitario Protecci\u00f3n Ambiental<\/span> <span class=\"meta-nav\">&rarr;<\/span><\/a><\/p>\n","protected":false},"author":1,"featured_media":0,"parent":2,"menu_order":0,"comment_status":"closed","ping_status":"closed","template":"","meta":{"footnotes":""},"class_list":["post-22","page","type-page","status-publish","hentry"],"_links":{"self":[{"href":"https:\/\/www.fcn.unp.edu.ar\/dptobiologia\/index.php\/wp-json\/wp\/v2\/pages\/22","targetHints":{"allow":["GET"]}}],"collection":[{"href":"https:\/\/www.fcn.unp.edu.ar\/dptobiologia\/index.php\/wp-json\/wp\/v2\/pages"}],"about":[{"href":"https:\/\/www.fcn.unp.edu.ar\/dptobiologia\/index.php\/wp-json\/wp\/v2\/types\/page"}],"author":[{"embeddable":true,"href":"https:\/\/www.fcn.unp.edu.ar\/dptobiologia\/index.php\/wp-json\/wp\/v2\/users\/1"}],"replies":[{"embeddable":true,"href":"https:\/\/www.fcn.unp.edu.ar\/dptobiologia\/index.php\/wp-json\/wp\/v2\/comments?post=22"}],"version-history":[{"count":5,"href":"https:\/\/www.fcn.unp.edu.ar\/dptobiologia\/index.php\/wp-json\/wp\/v2\/pages\/22\/revisions"}],"predecessor-version":[{"id":107,"href":"https:\/\/www.fcn.unp.edu.ar\/dptobiologia\/index.php\/wp-json\/wp\/v2\/pages\/22\/revisions\/107"}],"up":[{"embeddable":true,"href":"https:\/\/www.fcn.unp.edu.ar\/dptobiologia\/index.php\/wp-json\/wp\/v2\/pages\/2"}],"wp:attachment":[{"href":"https:\/\/www.fcn.unp.edu.ar\/dptobiologia\/index.php\/wp-json\/wp\/v2\/media?parent=22"}],"curies":[{"name":"wp","href":"https:\/\/api.w.org\/{rel}","templated":true}]}}