{"id":27,"date":"2015-12-17T13:10:59","date_gmt":"2015-12-17T13:10:59","guid":{"rendered":"http:\/\/www.fcn.unp.edu.ar\/sitio\/dptobiologia\/?page_id=27"},"modified":"2018-04-04T20:23:11","modified_gmt":"2018-04-04T20:23:11","slug":"trabajos-de-capacitacion","status":"publish","type":"page","link":"https:\/\/www.fcn.unp.edu.ar\/dptobiologia\/index.php\/alumnos\/trabajos-de-capacitacion\/","title":{"rendered":"LIPSA"},"content":{"rendered":"<p>Reglamento de la carrera de LIPSA:\u00a0<a href=\"http:\/\/www.fcn.unp.edu.ar\/sitio\/dptobiologia\/wp-content\/uploads\/2015\/12\/Pr\u00e1ctica-Profes-Tesis-LIPSA-RES.CAFCN-646-07.pdf\">Descargar<\/a><\/p>\n<p>Fechas limite presentaci\u00f3n Pre-Proyecto: Primera Semana de cada mes<\/p>\n<p style=\"text-align: justify;\"><strong>Presentaci\u00f3n de Informe Practica Profesional o Tesis<\/strong><\/p>\n<p style=\"text-align: justify;\">1.- Ingresar por mesa de entrada de la Facultad de Ciencias Naturales y Ciencias de la Salud, la\/s nota\/s con copia de: nota de presentaci\u00f3n (propuesta y trabajo final), nota de aceptaci\u00f3n del director o asesor para la propuesta. En caso de las Pr\u00e1cticas Profesionales, se solicita la nota aceptaci\u00f3n por parte del Tutor responsable de la instituci\u00f3n receptora del alumno.<\/p>\n<div style=\"text-align: justify;\">\n<p class=\"x_MsoNormal\">\u00a02.- Env\u00edo de la propuesta, trabajo final o tesina al mail de la comisi\u00f3n: <a href=\"mailto:comisionlipsa@gmail.com\" target=\"_blank\" rel=\"noopener noreferrer\">comisionlipsa@gmail.com<\/a> con formato del asunto: Apellido. Propuesta o Trabajo Final. (Ej: Perez.Propuesta de proyecto)<\/p>\n<\/div>\n<div>\n<p class=\"x_MsoNormal\" style=\"text-align: justify;\">\u00a03.-Una vez que\u00a0 la Comisi\u00f3n Evaluadora apruebe el trabajo, se le pedir\u00e1 a los estudiantes la copia en soporte papel para que la misma quede archivada en los legajos correspondientes.<\/p>\n<p class=\"x_MsoNormal\" style=\"text-align: justify;\">4.- Con fines estad\u00edsticos y de difusi\u00f3n, complete el siguiente <a href=\"https:\/\/goo.gl\/forms\/v3Y0sa3EkjO9yTkE3\" target=\"_blank\" rel=\"noopener noreferrer\">formulario de presentaci\u00f3n<\/a>\u00a0al presentar el informe FINAL.<\/p>\n<p class=\"x_MsoNormal\" style=\"text-align: justify;\"><strong>NOTA:\u00a0<\/strong>No se aceptar\u00e1n trabajos que no respeten estas indicaciones<\/p>\n<div style=\"text-align: justify;\"><\/div>\n<\/div>\n<p style=\"text-align: justify;\"><strong>Egresados LIPSA<\/strong><\/p>\n<p style=\"text-align: justify;\"><strong>2016<\/strong> &#8211; Jennifer Antiqueo PP \u00bb\u00a0Optimizaci\u00f3n Plan de Contingencia para derrame de hidrocarburo en \u00e1reas sensibles\u00bb (Dir. G. Pucci)<\/p>\n<p style=\"text-align: justify;\"><strong>2017 <\/strong>&#8211; Lorena D. Aranda PP \u00abCaracterizaci\u00f3n de la calidad de agua de la secci\u00f3n norte del arroyo Belgrano &#8211; Comodoro Rivadavia\u00bb (Dir. T. Gonzalez\/A. Gratti) <span class=\"collapseomatic \" id=\"id69dcff8dc15b3\"  tabindex=\"0\" title=\"Resumen\"    >Resumen<\/span><div id=\"target-id69dcff8dc15b3\" class=\"collapseomatic_content \">\n<p style=\"text-align: justify;\"><img loading=\"lazy\" decoding=\"async\" class=\"alignnone wp-image-309\" src=\"http:\/\/www.fcn.unp.edu.ar\/sitio\/dptobiologia\/wp-content\/uploads\/2015\/12\/difusion-300x200.jpg\" alt=\"\" width=\"458\" height=\"305\" srcset=\"https:\/\/www.fcn.unp.edu.ar\/dptobiologia\/wp-content\/uploads\/2015\/12\/difusion-300x200.jpg 300w, https:\/\/www.fcn.unp.edu.ar\/dptobiologia\/wp-content\/uploads\/2015\/12\/difusion-768x512.jpg 768w, https:\/\/www.fcn.unp.edu.ar\/dptobiologia\/wp-content\/uploads\/2015\/12\/difusion.jpg 900w\" sizes=\"auto, (max-width: 458px) 100vw, 458px\" \/><\/p>\n<p style=\"text-align: justify;\"><span style=\"line-height: 1.5;\">La Ciudad de Comodoro Rivadavia es una ciudad fragmentada urban\u00edsticamente, cuyo origen y desarrollo se encuentra profundamente ligado a la actividad petrolera. Presenta cursos de agua semipermanentes, hacia los que escurren las aguas de lluvia, recibiendo efluentes cloacales y los vertidos de diferentes industrias, transform\u00e1ndose en sumidero y reservorio de contaminantes. En la secci\u00f3n norte del arroyo Belgrano, cercano al B\u00ba Diadema Argentina, no registra estudios de base, pese al permanente reclamo de los vecinos, dado que al coincidir con un \u00e1rea de explotaci\u00f3n petrolera, se han generado diversos casos de contaminaci\u00f3n accidental. En este trabajo se plante\u00f3 proporcionar informaci\u00f3n actualizada de algunos par\u00e1metros f\u00edsico-qu\u00edmicos b\u00e1sicos, determinaci\u00f3n de Hidrocarburos totales de petr\u00f3leo (HTP) y aplicaci\u00f3n de bioensayos, utilizando bulbos de Allium cepa L. (cebolla) y semillas de Lactuca sativa L. (lechuga), a fin de analizar la calidad del agua en la secci\u00f3n norte del arroyo Belgrano. Se realizaron tres muestreos en los meses de abril, mayo y junio. El ensayo de Lactuca sativa demostr\u00f3 que las muestras puras presentan de moderada a alta toxicidad, tanto en la geminaci\u00f3n de las semillas como en la elongaci\u00f3n de la rad\u00edcula. En Allium cepa L. las muestras puras inhibieron el crecimiento radicular y se observaron anormalidades cromos\u00f3micas. Los valores obtenidos muestran una correlaci\u00f3n entre las concentraciones analizadas con las longitudes de las ra\u00edces, as\u00ed como de los IM con la longitud de las ra\u00edces. Con respecto a la determinaci\u00f3n de HTP, en el mes de mayo se encontraron valores que superaron el l\u00edmite permisible indicado en la Norma de referencia. En este trabajo se demuestra la utilidad de los ensayos de Lactuca sativa L. y Allium cepa L. en la determinaci\u00f3n de calidad de agua. La variaci\u00f3n observada en los valores de hidrocarburos totales de petr\u00f3leo, apunta a la necesidad de un monitoreo ambiental\u00bb]<\/div><\/span><\/p>\n<div class=\"freebirdFormviewerViewItemsItemItem freebirdFormviewerViewItemsTextTextItem\" style=\"text-align: justify;\" data-required=\"true\" data-item-id=\"652496917\"><\/div>\n","protected":false},"excerpt":{"rendered":"<p>Reglamento de la carrera de LIPSA:\u00a0Descargar Fechas limite presentaci\u00f3n Pre-Proyecto: Primera Semana de cada mes Presentaci\u00f3n de Informe Practica Profesional o Tesis 1.- Ingresar por mesa de entrada de la Facultad de Ciencias Naturales y Ciencias de la Salud, la\/s nota\/s con copia de: nota de presentaci\u00f3n (propuesta y trabajo final), nota de aceptaci\u00f3n del &hellip; <a href=\"https:\/\/www.fcn.unp.edu.ar\/dptobiologia\/index.php\/alumnos\/trabajos-de-capacitacion\/\" class=\"more-link\">Seguir leyendo <span class=\"screen-reader-text\">LIPSA<\/span> <span class=\"meta-nav\">&rarr;<\/span><\/a><\/p>\n","protected":false},"author":1,"featured_media":0,"parent":5,"menu_order":0,"comment_status":"closed","ping_status":"closed","template":"","meta":{"footnotes":""},"class_list":["post-27","page","type-page","status-publish","hentry"],"_links":{"self":[{"href":"https:\/\/www.fcn.unp.edu.ar\/dptobiologia\/index.php\/wp-json\/wp\/v2\/pages\/27","targetHints":{"allow":["GET"]}}],"collection":[{"href":"https:\/\/www.fcn.unp.edu.ar\/dptobiologia\/index.php\/wp-json\/wp\/v2\/pages"}],"about":[{"href":"https:\/\/www.fcn.unp.edu.ar\/dptobiologia\/index.php\/wp-json\/wp\/v2\/types\/page"}],"author":[{"embeddable":true,"href":"https:\/\/www.fcn.unp.edu.ar\/dptobiologia\/index.php\/wp-json\/wp\/v2\/users\/1"}],"replies":[{"embeddable":true,"href":"https:\/\/www.fcn.unp.edu.ar\/dptobiologia\/index.php\/wp-json\/wp\/v2\/comments?post=27"}],"version-history":[{"count":18,"href":"https:\/\/www.fcn.unp.edu.ar\/dptobiologia\/index.php\/wp-json\/wp\/v2\/pages\/27\/revisions"}],"predecessor-version":[{"id":412,"href":"https:\/\/www.fcn.unp.edu.ar\/dptobiologia\/index.php\/wp-json\/wp\/v2\/pages\/27\/revisions\/412"}],"up":[{"embeddable":true,"href":"https:\/\/www.fcn.unp.edu.ar\/dptobiologia\/index.php\/wp-json\/wp\/v2\/pages\/5"}],"wp:attachment":[{"href":"https:\/\/www.fcn.unp.edu.ar\/dptobiologia\/index.php\/wp-json\/wp\/v2\/media?parent=27"}],"curies":[{"name":"wp","href":"https:\/\/api.w.org\/{rel}","templated":true}]}}