{"id":31,"date":"2015-12-17T13:12:14","date_gmt":"2015-12-17T13:12:14","guid":{"rendered":"http:\/\/www.fcn.unp.edu.ar\/sitio\/dptobiologia\/?page_id=31"},"modified":"2017-09-05T09:09:52","modified_gmt":"2017-09-05T09:09:52","slug":"proyectos-en-curso","status":"publish","type":"page","link":"https:\/\/www.fcn.unp.edu.ar\/dptobiologia\/index.php\/investigacion\/proyectos-en-curso\/","title":{"rendered":"Proyectos en curso"},"content":{"rendered":"<h5>Proyectos de Investigaci\u00f3n<\/h5>\n<p style=\"text-align: justify;\">Los proyectos de investigaci\u00f3n actualmente en desarrollo por integrantes del Depto. de Biol. Gral son los siguientes:<\/p>\n<p><strong>PI\u00a0UNPSJB N\u00b01128.<\/strong> Estructura tr\u00f3fica en la comunidad asociada a bosques de <em>Macrocystis pyrifera<\/em> en el Golfo San Jorge. Director: Dr. Julio H. Vinuesa \u2013 Codirector: Dr. Dami\u00e1n G. Gil 2014-2017<\/p>\n<p><strong>PI\u00a0UNPSJB N\u00b01260.<\/strong> Biolog\u00eda reproductiva de la ofiura <em>Ophiactis asperula<\/em> en Patagonia Central.\u00a0Director: Dr. Dami\u00e1n G. Gil 2016-2018<\/p>\n<p><strong>PI\u00a0UNPSJB N\u00b01259.<\/strong> Efectos de la contaminaci\u00f3n por efluentes urbanos en la estructura de comunidades bent\u00f3nicas intermareales del Golfo San Jorge. Director: Dr. N\u00e9stor Cazzaniga. Codirector: Javier Tolosano. 2016-2018<\/p>\n<p><strong>PI\u00a0UNPSJB N\u00b0.\u00a0<\/strong>Los vertebrados cret\u00e1cicos de la Cuenca del\u00a0Golfo San Jorge: evoluci\u00f3n, filogenia, paleoambientes y tafonom\u00eda. Director: Dr. Rub\u00e9n Martinez, Co-Director: Dr. Gabriel Casal. 2015-2017<\/p>\n<p><strong>PI\u00a0UNPSJB N\u00b0 1153.\u00a0<\/strong>Bioprospecci\u00f3n de la diversidad vegetal Patag\u00f3nica en ambientes con capacidad productiva. II etapa. Director: Dra. Mabel Sandra Feij\u00f3o, Codirectores: Dra. Adriana Gratti y Dr. Rafael Ricco (externo).\u00a02015-2018.<\/p>\n<p><u><\/u><strong>PI\u00a0UNPSJB N\u00b0.\u00a0<\/strong>Aspectos de la ecolog\u00eda poblacional, utilizaci\u00f3n de h\u00e1bitat, dieta y conservaci\u00f3n de los cauquenes en el valle de Sarmiento.\u00a0Director: Oc. Gabriel Punta. Codirectores: Lic. Evangelina Laztra y Dra. Mabel Sandra Feij\u00f3o.\u00a02016-2019.<\/p>\n<p><u><\/u><strong>PI\u00a0UNPSJB N\u00b0.\u00a0<\/strong>Caracterizaci\u00f3n morfol\u00f3gica y molecular en poblaciones naturales de <em>Prosopis denudans.\u00a0<\/em>Director: Ing. Susana Torales (INTA Castelar)- Co-Director: Mag. Vivien Pentreath<strong>.\u00a0<\/strong>\u00a02016-2019.<\/p>\n<p><strong>PI UNPSJB N\u00b0<\/strong> Patrones y procesos espacio temporales en unidades de paisaje de Patagonia \u00e1rida. Directora: Rueter Torrecillas, B\u00e1rbara. 2014-2017.<\/p>\n<p><strong>PI\u00a0UNPSJB N\u00b01340. <\/strong>Ecolog\u00eda de la almeja <em>Darina Solenoides<\/em> en el Golfo San Jorge. Director\u00a0Dr. Morsan Enrique &#8211; Co-Director: Dr. Dami\u00e1n G. Gil. 2017-2019<\/p>\n<p><u><\/u><strong>PI\u00a0UNPSJB N\u00b01261. <\/strong>Estudios de la biota regional bent\u00f3nica de Punta Marquez, Golfo San Jorge (Patagonia Argentina) con \u00e9nfasis en la determinaci\u00f3n de algunas especies aut\u00f3ctonas y otras introducidas<strong>.<\/strong> Directora: Mgs Hilda Zalazar 2016-2019.<\/p>\n<p><strong>PI\u00a0UNPSJB N\u00b01263. <\/strong>Microalgas: Aspectos ecol\u00f3gicos y biotecnol\u00f3gicos<strong>. <\/strong>Directores: Mgs Perales Susana y Mgs Perez Laura. 2017-2020.<\/p>\n<p><strong>PI\u00a0UNPSJB N\u00b01324. <\/strong>Estudio nutricional y sensorial del pulpo patag\u00f3nico <em>Enteroctopus megalocyathus<\/em><strong>. <\/strong>Directores: Dra. Risso Susana, Dra.Crovetto, Cecilia. 2017-2020<\/p>\n<p><strong>PI\u00a0UNPSJB N\u00b0. <\/strong>Valor nutricional y sensorial de Mejill\u00f3n (<em>Mytillus edulis<\/em>) de banco y de cultivo. Directores: Dra. Risso Susana, Dra.Crovetto, Cecilia. 2017-2020.<\/p>\n<p><strong>PI\u00a0UNPSJB N\u00b0. <\/strong>Impacto de las fuentes de humedad ed\u00e1ficas y atmosf\u00e9ricas sobre la eficiencia de uso de agua de plantas de la estepa patag\u00f3nica: determinaci\u00f3n a partir de la utilizaci\u00f3n de isotopos estables de H y C y m\u00e9todos eco-hidrol\u00f3gicos y fisiol\u00f3gicos. Directores: Dra. Sandra Bucci y Dr. Fabi\u00e1n Scholz. 2014-2018<\/p>\n<p><u><\/u><strong>PI\u00a0UNPSJB N\u00b0<\/strong>\u00a0Bases hidr\u00e1ulicas para predecir el crecimiento y la mortalidad de especies arb\u00f3reas del Bosque Andino Patag\u00f3nico bajo diferentes escenarios de cambio clim\u00e1tico global. Directores: Dra. Sandra Bucci y Dr. Fabi\u00e1n Scholz. 2014- 2018<\/p>\n<p><strong>PI\u00a0UNPSJB N\u00b0<\/strong>\u00a0Flujos de CO<sub>2<\/sub> en ecosistemas \u00e1ridos patag\u00f3nicos. Directores: Dra. Sandra Bucci y Dr. Fabi\u00e1n Scholz. 2017-2021<\/p>\n<p><strong>\u00a0<\/strong><strong>PI UNPSJB N\u00b01322<\/strong>\u00a0Caracterizaci\u00f3n gen\u00e9tica de mejillones del g\u00e9nero Mytilus que habitan el litoral costero Patag\u00f3nico. Director: Dra. Z. Lizarralde, co-Directora: Dra. Cecilia Alvarado<\/p>\n<p>&nbsp;<\/p>\n<h5>Proyectos finalizados recientes<\/h5>\n<p style=\"text-align: justify;\"><strong>PI\u00a0UNPSJB N\u00b0955.<\/strong> Ecolog\u00eda de matrices de mit\u00edlidos en Patagonia. Director: Dami\u00e1n G. Gil \u2013 Codirector: H\u00e9ctor E. Zaixso. 2013-2016.<\/p>\n<p style=\"text-align: justify;\">\n<p style=\"text-align: justify;\"><strong>PI\u00a0UNPSJB N\u00b0.<\/strong>\u00a0 Estudio del cultivo en escala piloto de <em>Porphyridium cruentum<\/em> en un fotobiorreactor de configuraci\u00f3n variable. Director: Enrique Rost. Co-Directora: Susana Perales. 2014-2016<\/p>\n<p style=\"text-align: justify;\">\n","protected":false},"excerpt":{"rendered":"<p>Proyectos de Investigaci\u00f3n Los proyectos de investigaci\u00f3n actualmente en desarrollo por integrantes del Depto. de Biol. Gral son los siguientes: PI\u00a0UNPSJB N\u00b01128. Estructura tr\u00f3fica en la comunidad asociada a bosques de Macrocystis pyrifera en el Golfo San Jorge. Director: Dr. Julio H. Vinuesa \u2013 Codirector: Dr. Dami\u00e1n G. Gil 2014-2017 PI\u00a0UNPSJB N\u00b01260. Biolog\u00eda reproductiva de &hellip; <a href=\"https:\/\/www.fcn.unp.edu.ar\/dptobiologia\/index.php\/investigacion\/proyectos-en-curso\/\" class=\"more-link\">Seguir leyendo <span class=\"screen-reader-text\">Proyectos en curso<\/span> <span class=\"meta-nav\">&rarr;<\/span><\/a><\/p>\n","protected":false},"author":1,"featured_media":0,"parent":9,"menu_order":0,"comment_status":"closed","ping_status":"closed","template":"","meta":{"footnotes":""},"class_list":["post-31","page","type-page","status-publish","hentry"],"_links":{"self":[{"href":"https:\/\/www.fcn.unp.edu.ar\/dptobiologia\/index.php\/wp-json\/wp\/v2\/pages\/31","targetHints":{"allow":["GET"]}}],"collection":[{"href":"https:\/\/www.fcn.unp.edu.ar\/dptobiologia\/index.php\/wp-json\/wp\/v2\/pages"}],"about":[{"href":"https:\/\/www.fcn.unp.edu.ar\/dptobiologia\/index.php\/wp-json\/wp\/v2\/types\/page"}],"author":[{"embeddable":true,"href":"https:\/\/www.fcn.unp.edu.ar\/dptobiologia\/index.php\/wp-json\/wp\/v2\/users\/1"}],"replies":[{"embeddable":true,"href":"https:\/\/www.fcn.unp.edu.ar\/dptobiologia\/index.php\/wp-json\/wp\/v2\/comments?post=31"}],"version-history":[{"count":12,"href":"https:\/\/www.fcn.unp.edu.ar\/dptobiologia\/index.php\/wp-json\/wp\/v2\/pages\/31\/revisions"}],"predecessor-version":[{"id":319,"href":"https:\/\/www.fcn.unp.edu.ar\/dptobiologia\/index.php\/wp-json\/wp\/v2\/pages\/31\/revisions\/319"}],"up":[{"embeddable":true,"href":"https:\/\/www.fcn.unp.edu.ar\/dptobiologia\/index.php\/wp-json\/wp\/v2\/pages\/9"}],"wp:attachment":[{"href":"https:\/\/www.fcn.unp.edu.ar\/dptobiologia\/index.php\/wp-json\/wp\/v2\/media?parent=31"}],"curies":[{"name":"wp","href":"https:\/\/api.w.org\/{rel}","templated":true}]}}