{"id":35,"date":"2015-12-17T13:13:06","date_gmt":"2015-12-17T13:13:06","guid":{"rendered":"http:\/\/www.fcn.unp.edu.ar\/sitio\/dptobiologia\/?page_id=35"},"modified":"2026-02-19T18:07:54","modified_gmt":"2026-02-19T18:07:54","slug":"caz-biologia","status":"publish","type":"page","link":"https:\/\/www.fcn.unp.edu.ar\/dptobiologia\/index.php\/alumnos\/caz-biologia\/","title":{"rendered":"Lic. Cs. Biol\u00f3gicas"},"content":{"rendered":"\n<details class=\"wp-block-details is-layout-flow wp-block-details-is-layout-flow\"><summary><\/summary>\n<h4><span style=\"color: #003366;\"><strong>Consejo Asesor Zonal (CR)<\/strong><\/span><\/h4>\n<p>Las fechas usuales de recepci\u00f3n temas al CAZ son marzo, agosto y diciembre. En caso de situaciones que requieran resoluci\u00f3n inmediata fuera de esas fechas enviar un email al Jefe de Departamento y al CAZ comentando la situaci\u00f3n para realizar una reunion extraordinaria. Se recomienda consultar la p\u00e1gina de resoluciones de decano de la FCNyCS a fines de descargar resoluciones referidas a designaciones de docentes asesores o jurados.\u00a0<\/p>\n<p>Actividades Electivas: Buscar resoluci\u00f3n electivas en p\u00e1gina FCNyCS (suelen estar publicadas en Dic o Feb\/Mar de cada a\u00f1o)<\/p>\n<hr \/>\n<h4><span style=\"color: #000080;\">Plan Nuevo Lic. Cs. Biol. (2013)<\/span><\/h4>\n<p>Reglamento del Ciclo Superior: <a href=\"http:\/\/www.fcn.unp.edu.ar\/sitio\/dptobiologia\/wp-content\/uploads\/2015\/12\/611-17.pdf\">Descargar<\/a><\/p>\n<p>Anexos Reglamento (Fichas):\u00a0<a href=\"http:\/\/www.fcn.unp.edu.ar\/sitio\/dptobiologia\/wp-content\/uploads\/2015\/12\/Anexos-Reglamentacion-LCB2013.docx\">Descargar<\/a><\/p>\n<p>ACTAS CAZ (PLAN NUEVO- CR): <a href=\"http:\/\/www.fcn.unp.edu.ar\/sitio\/dptobiologia\/wp-content\/uploads\/2021\/04\/ACTA-CAZ-N-1plan-nuevo_Marzo2019.pdf\">1<\/a> &#8211; <a href=\"http:\/\/www.fcn.unp.edu.ar\/sitio\/dptobiologia\/wp-content\/uploads\/2021\/04\/ACTA-CAZ-N-2plan-nuevo_Agosto2019.pdf\">2<\/a> &#8211; <a href=\"http:\/\/www.fcn.unp.edu.ar\/sitio\/dptobiologia\/wp-content\/uploads\/2021\/04\/ACTA-CAZ-N-3-plan-nuevo-CR_Marzo20202740.pdf\">3<\/a> &#8211; <a href=\"http:\/\/www.fcn.unp.edu.ar\/sitio\/dptobiologia\/wp-content\/uploads\/2021\/04\/ACTA-CAZ-N-4-plan-nuevo_dic2020.docx.pdf\">4<\/a> &#8211; <a href=\"http:\/\/www.fcn.unp.edu.ar\/sitio\/dptobiologia\/wp-content\/uploads\/2022\/01\/ACTA-CAZ-CR-N-5-plan-nuevo-PRESENTADA.pdf\">5 <\/a>&#8211; <a href=\"http:\/\/www.fcn.unp.edu.ar\/sitio\/dptobiologia\/wp-content\/uploads\/2022\/01\/ACTA-CAZ-CR-N-6-plan-nuevo-DIC-21.pdf\">6 <\/a>&#8211; <a href=\"http:\/\/www.fcn.unp.edu.ar\/sitio\/dptobiologia\/wp-content\/uploads\/2022\/08\/ACTA-CAZ-7.pdf\">7 <\/a>&#8211; <a href=\"http:\/\/www.fcn.unp.edu.ar\/sitio\/dptobiologia\/wp-content\/uploads\/2022\/09\/CAZ-CR-8.pdf\">8 <\/a>&#8211; <a href=\"http:\/\/www.fcn.unp.edu.ar\/sitio\/dptobiologia\/wp-content\/uploads\/2023\/03\/ACTA-CAZ-N-9-plan-nuevo_dic2022.pdf\">9 <\/a>&#8211; <a href=\"http:\/\/www.fcn.unp.edu.ar\/sitio\/dptobiologia\/wp-content\/uploads\/2023\/03\/ACTA-CAZ-CR-N-10-plan-nuevo-IMPRIMIR.pdf\">10 <\/a>&#8211; <a href=\"http:\/\/www.fcn.unp.edu.ar\/sitio\/dptobiologia\/wp-content\/uploads\/2023\/11\/ACTA-CAZ-CR-N-11-plan-nuevo-Presentado.docx\">11<\/a>&#8211; <a href=\"http:\/\/www.fcn.unp.edu.ar\/sitio\/dptobiologia\/wp-content\/uploads\/2024\/02\/ACTA-CAZ-CR-N12.pdf\">12 <\/a>&#8211; <a href=\"http:\/\/www.fcn.unp.edu.ar\/sitio\/dptobiologia\/wp-content\/uploads\/2024\/08\/ACTA-CAZ-CR-N13.pdf\">13 <\/a>&#8211; <a href=\"http:\/\/www.fcn.unp.edu.ar\/sitio\/dptobiologia\/wp-content\/uploads\/2024\/09\/ACTA-CAZ-N-14-plan-nuevo-PRESENTADA.pdf\">14<\/a> &#8211; <a href=\"http:\/\/www.fcn.unp.edu.ar\/sitio\/dptobiologia\/wp-content\/uploads\/2024\/09\/ACTA-CAZ-N-14-Complementaria-1-plan-nuevo-PRESENTADA.pdf\">14 (1) &#8211;<\/a><a href=\"http:\/\/www.fcn.unp.edu.ar\/sitio\/dptobiologia\/wp-content\/uploads\/2024\/11\/ACTA-CAZ-N-15-PRESENTADA.pdf\">15<\/a> &#8211; <a href=\"http:\/\/www.fcn.unp.edu.ar\/sitio\/dptobiologia\/wp-content\/uploads\/2025\/04\/ACTA-CAZ-N16.pdf\">16<\/a> &#8211; <a href=\"http:\/\/www.fcn.unp.edu.ar\/sitio\/dptobiologia\/wp-content\/uploads\/2025\/04\/ACTA-CAZ-N17.pdf\">17 <\/a>&#8211; <a href=\"http:\/\/www.fcn.unp.edu.ar\/sitio\/dptobiologia\/wp-content\/uploads\/2025\/09\/ACTA-CAZ-N-18-PRESENTADA.pdf\">18 &#8211;<\/a><a href=\"http:\/\/www.fcn.unp.edu.ar\/sitio\/dptobiologia\/wp-content\/uploads\/2026\/02\/CAZ-19-DIC-25.pdf\">19<\/a> &#8211; <a href=\"http:\/\/www.fcn.unp.edu.ar\/sitio\/dptobiologia\/wp-content\/uploads\/2026\/02\/ACTA-CAZ-N-20-Feb-26.pdf\">20<\/a><\/p>\n<div>\n<p>ATENCION IMPORTANTE: Se solicita en todos los casos, la presentaci\u00f3n de la documentaci\u00f3n por mesa de entradas de <strong>FCNyCS debidamente firmadas<\/strong> (asesor\/a y estudiante) y con los <strong>DNI y nombres de los alumnos completos<\/strong>.\u00a0<\/p>\n<p>Solicitamos que los Profesores Asesores propuestos y designados por resoluci\u00f3n lean la reglamentaci\u00f3n vigente y realicen un seguimiento cercano del alumno en su trayectoria, sobretodo en lo referido a la modificaci\u00f3n de los planes de estudio y fechas l\u00edmite de vigencia de las Tesis de Grado.\u00a0<\/p>\n<p>Adem\u00e1s, se debe enviar toda la documentaci\u00f3n digital a: <a href=\"mailto:cazbiologiacr@gmail.com\" target=\"_blank\" rel=\"noopener noreferrer\"><span id=\"0.979693760645616\" class=\"highlight\">caz<\/span>biologiacr@gmail.com<\/a><\/p>\n<\/div>\n<div>\n<p>Se solicita se eleven los documentos digitales nombr\u00e1ndolos de esta manera (Apellido &#8211; Tema (CPCyL, Tesis o Plan CS, o pr\u00f3rroga Tesis de grado, pr\u00f3rroga extraordinaria) para facilitar el trabajo de la comisi\u00f3n:<\/p>\n<p>Ej:<\/p>\n<p>P\u00e9rez M &#8211; Plan CS.pdf<\/p>\n<p>P\u00e9rez M &#8211; CPCyL Informe.pdf<\/p>\n<\/div>\n<p>P\u00e9rez M &#8211; CPCyL Aval directores.pdf<\/p>\n<div>\n<p>P\u00e9rez M &#8211; Tesis Nota de elevacion.pdf<\/p>\n<p>P\u00e9rez M &#8211; Tesis Propuesta.pdf<\/p>\n<\/div>\n<hr \/>\n<h4><span style=\"color: #000080;\">Plan Anterior Lic Cs Biol (1989)<\/span><\/h4>\n<h4><span style=\"color: #003366;\"><strong>Documentos importantes de lectura obligada por los Alumnos y Profesores Asesores que inicien su ciclo superior:<\/strong><\/span><\/h4>\n<p>Reglamento del ciclo superior: <a href=\"http:\/\/www.fcn.unp.edu.ar\/sitio\/dptobiologia\/wp-content\/uploads\/2015\/12\/Reglamento-Ciclo-Superior-plan-viejo.pdf\">[Descargar]<\/a><\/p>\n<p>Recomendaciones generales:\u00a0<a href=\"http:\/\/www.fcn.unp.edu.ar\/sitio\/dptobiologia\/wp-content\/uploads\/2015\/12\/RECOMENDACIONES-PARA-PRESENTACIONES-AL-CAZ.pdf\">[Descargar]<\/a><\/p>\n<p style=\"text-align: justify;\"><strong><span style=\"color: #003366;\">Plantillas con modelos de notas:<\/span><\/strong><\/p>\n<p style=\"text-align: justify;\">Inicio de Ciclo Superior: <a href=\"http:\/\/www.fcn.unp.edu.ar\/sitio\/dptobiologia\/wp-content\/uploads\/2015\/12\/APELLIDO_FECHA_CS.docx\">[Descargar]<\/a><\/p>\n<p style=\"text-align: justify;\">Propuesta de Seminario y\/o pedido de prorrogas: <a href=\"http:\/\/www.fcn.unp.edu.ar\/sitio\/dptobiologia\/wp-content\/uploads\/2015\/12\/APELLIDO_FECHA_S.docx\">[Descargar]<\/a><\/p>\n<p style=\"text-align: justify;\">Propuestas de Trabajo de Capacitaci\u00f3n, Terreno y\/o Lab:\u00a0<a href=\"http:\/\/www.fcn.unp.edu.ar\/sitio\/dptobiologia\/wp-content\/uploads\/2015\/12\/APELLIDO_FECHA_TyL.docx\">[Descargar]<\/a><\/p>\n<div>\n<p class=\"x_MsoNormal\" style=\"text-align: justify;\">Se solicita en todos los casos, la presentaci\u00f3n de la documentaci\u00f3n por mesa de entradas de FCN debidamente firmadas y con los nombres de los alumnos completos. \u00a0Adem\u00e1s, se debe enviar toda la documentaci\u00f3n digital a: <a href=\"mailto:cazbiologiacr@gmail.com\" target=\"_blank\" rel=\"noopener noreferrer\"><span id=\"0.979693760645616\" class=\"highlight\">caz<\/span>biologiacr@gmail.com<\/a><\/p>\n<\/div>\n<div>\n<p class=\"x_MsoNormal\">\u00a0y completar el formulario digital haciendo click <a href=\"https:\/\/goo.gl\/forms\/42HThWSmAgnTA1O63\" target=\"_blank\" rel=\"noopener noreferrer\">AQUI<\/a><\/p>\n<\/div>\n<div>\u00a0<\/div>\n<p class=\"x_MsoNormal\"><strong><span style=\"color: #003366;\">Actas CC<\/span><\/strong><\/p>\n<p>Actas CC:\u00a0<a href=\"https:\/\/sites.google.com\/site\/delegacionacademicafcnpm\/actas-caz-y-cc\/ACTA_Comit%C3%A9%20Carrera_64_PM.pdf?attredirects=0&amp;d=1\" target=\"_blank\" rel=\"noopener noreferrer\">64 <\/a>&#8211;\u00a0<a href=\"https:\/\/sites.google.com\/site\/delegacionacademicafcnpm\/actas-caz-y-cc\/ACTA%20CC%20N%C2%BA%2064_Complementaria%201.pdf?attredirects=0&amp;d=1\" target=\"_blank\" rel=\"noopener noreferrer\">64 (1)<\/a> &#8211; <a href=\"https:\/\/sites.google.com\/site\/delegacionacademicafcnpm\/actas-caz-y-cc\/ACTA%20COMIT%C3%89%20CARRERA%20N%C2%BA%2065.pdf?attredirects=0&amp;d=1\" target=\"_blank\" rel=\"noopener noreferrer\">65<\/a> &#8211; <a href=\"https:\/\/sites.google.com\/site\/delegacionacademicafcnpm\/actas-caz-y-cc\/ACTA%20COMIT%C3%89%20CARRERA%20N%C2%BA%2065_COMPLEMENTARIA%201%20.pdf?attredirects=0&amp;d=1\" target=\"_blank\" rel=\"noopener noreferrer\">65(1)<\/a> &#8211; <a href=\"https:\/\/sites.google.com\/site\/delegacionacademicafcnpm\/actas-caz-y-cc\/ACTA%20COMIT%C3%89%20DE%20CARRERA%20N%C2%BA%2066.pdf?attredirects=0&amp;d=1\" target=\"_blank\" rel=\"noopener noreferrer\">66<\/a> &#8211; <a href=\"https:\/\/sites.google.com\/site\/delegacionacademicafcnpm\/actas-caz-y-cc\/ACTA%20COMITE%20DE%20CARRERA%20N%C2%BA%2067.pdf?attredirects=0&amp;d=1\" target=\"_blank\" rel=\"noopener noreferrer\">67<\/a> &#8211; <a href=\"https:\/\/sites.google.com\/site\/delegacionacademicafcnpm\/actas-caz-y-cc\/ACTA%20%20%20COMIT%C3%89%20CARRERA%20N%C2%BA%2068.pdf?attredirects=0&amp;d=1\" target=\"_blank\" rel=\"noopener noreferrer\">68<\/a> &#8211;\u00a069 &#8211; <a href=\"https:\/\/sites.google.com\/site\/delegacionacademicafcnpm\/actas-caz-y-cc\/ACTA%20CC%20N%C2%BA%2070.pdf?attredirects=0&amp;d=1\" target=\"_blank\" rel=\"noopener noreferrer\">70<\/a> &#8211; 70(1) &#8211; <a href=\"https:\/\/sites.google.com\/site\/delegacionacademicafcnpm\/actas-caz-y-cc\/ACTA%20CC%20N%C2%BA70_Complementaria%202.docx?attredirects=0&amp;d=1\" target=\"_blank\" rel=\"noopener noreferrer\">70(2)<\/a>&#8211; \u00a0<a href=\"https:\/\/sites.google.com\/site\/delegacionacademicafcnpm\/actas-caz-y-cc\/ACTA%20CC%20N%C2%BA70_Complementaria%203.pdf?attredirects=0&amp;d=1\" target=\"_blank\" rel=\"noopener noreferrer\">70(3)<\/a> &#8211; 71 &#8211; <a href=\"http:\/\/www.fcn.unp.edu.ar\/sitio\/dptobiologia\/wp-content\/uploads\/2015\/12\/ACTA-virtual-CCN\u00ba72-dic-2014-Escaneada.pdf\">72<\/a> &#8211;\u00a0<a href=\"https:\/\/sites.google.com\/site\/delegacionacademicafcnpm\/actas-caz-y-cc\/Acta%20CC%20n%C2%BA%2073.pdf?attredirects=0&amp;d=1\" target=\"_blank\" rel=\"noopener noreferrer\">73\u00a0<\/a>&#8211; <a href=\"https:\/\/madryn.unp.edu.ar\/attachments\/article\/913\/ACTA%20CC%20Nro%2074.pdf\">74<\/a> &#8211; 74(1) &#8211; <a href=\"https:\/\/madryn.unp.edu.ar\/attachments\/article\/913\/ACTA%20CC%20Nro%2074%20Comp-2.pdf\">74(2)<\/a> &#8211; <a href=\"https:\/\/madryn.unp.edu.ar\/attachments\/article\/913\/ACTA%20CC%20Nro%2074%20Comp-3.pdf\">74(3)<\/a> &#8211;\u00a0<a href=\"https:\/\/madryn.unp.edu.ar\/attachments\/article\/954\/ACTA%20CC%20Nro%2075.pdf\">75<\/a> &#8211; <a href=\"https:\/\/madryn.unp.edu.ar\/attachments\/article\/987\/ACTA%20CC%20Nro%2076.pdf\">76<\/a> &#8211; <a href=\"https:\/\/madryn.unp.edu.ar\/attachments\/article\/1071\/ACTA%20CC%20Nro%2077.pdf\">77 <\/a>&#8211; 77(1) &#8211; 77(2) &#8211; <a href=\"https:\/\/madryn.unp.edu.ar\/attachments\/article\/1110\/ACTA%20CC%20Nro%2078.pdf\">78<\/a> &#8211; 79 &#8211; <a href=\"http:\/\/www.fcn.unp.edu.ar\/sitio\/dptobiologia\/wp-content\/uploads\/2015\/12\/ACTA-CC-N-80-Presentada.pdf\">80<\/a>\u00a0&#8211; <a href=\"http:\/\/www.fcn.unp.edu.ar\/sitio\/dptobiologia\/wp-content\/uploads\/2015\/12\/ACTA-CC-N-80-Complementaria-1.pdf\">80(1)<\/a> &#8211;\u00a0<a href=\"http:\/\/www.fcn.unp.edu.ar\/sitio\/dptobiologia\/wp-content\/uploads\/2015\/12\/ACTA-CC-N-80-Complementaria-2-PRESENTADA.pdf\">80(2)<\/a>\u00a0&#8211; <a href=\"http:\/\/www.fcn.unp.edu.ar\/sitio\/dptobiologia\/wp-content\/uploads\/2015\/12\/ACTA-CC-81-firmada.pdf\">81<\/a>&#8211; <a href=\"https:\/\/drive.google.com\/open?id=0B4veD9p8_5mDZXA5QlRMUGVWbXpMZUlXQ1FpR1dtejR1RERr\">82<\/a>\u00a0&#8211; <a href=\"http:\/\/www.fcn.unp.edu.ar\/sitio\/dptobiologia\/wp-content\/uploads\/2015\/12\/ACTA-CC-82-Complementaria-I-PRESENTADA.pdf\">82(1)<\/a> &#8211; <a href=\"http:\/\/www.fcn.unp.edu.ar\/sitio\/dptobiologia\/wp-content\/uploads\/2015\/12\/ACTA-CC-83-PRESENTADA.pdf\">83<\/a>\u00a0&#8211; <a href=\"http:\/\/www.fcn.unp.edu.ar\/sitio\/dptobiologia\/wp-content\/uploads\/2015\/12\/ACTA-CC-83-Complementaria-1-PRESENTADA.pdf\">83(1)<\/a> &#8211; <a href=\"http:\/\/www.fcn.unp.edu.ar\/sitio\/dptobiologia\/wp-content\/uploads\/2015\/12\/ACTA-CC-N\u00b0-83-COMPL2-PRESENTADA.pdf\">83(2)<\/a> &#8211; <a href=\"http:\/\/www.fcn.unp.edu.ar\/sitio\/dptobiologia\/wp-content\/uploads\/2015\/12\/ACTA-CC-83-COMP-3-ESCANEADA.pdf\">83(3)<\/a>\u00a0&#8211; <a href=\"http:\/\/www.fcn.unp.edu.ar\/sitio\/dptobiologia\/wp-content\/uploads\/2019\/03\/ACTA-CC-83-COMP-4-ESCANEADA.pdf\">83(4)<\/a> &#8211;\u00a0<a href=\"http:\/\/www.fcn.unp.edu.ar\/sitio\/dptobiologia\/wp-content\/uploads\/2019\/02\/ACTA-CC-84-firmada-corregida.pdf\">84\u00a0<\/a>&#8211; <a href=\"http:\/\/www.fcn.unp.edu.ar\/sitio\/dptobiologia\/wp-content\/uploads\/2019\/09\/ACTA_CC_85_PRESENTADA.pdf\">85<\/a>&#8211; <a href=\"http:\/\/www.fcn.unp.edu.ar\/sitio\/dptobiologia\/wp-content\/uploads\/2019\/09\/ACTA-CC-85-complementaria-1-PRESENTADA.pdf\">85 (1)<\/a>\u00a0&#8211; <a href=\"http:\/\/www.fcn.unp.edu.ar\/sitio\/dptobiologia\/wp-content\/uploads\/2019\/09\/ACTA-CC-85-complementaria-2-PRESENTADA.pdf\">85(2)<\/a> &#8211;\u00a0<a href=\"http:\/\/www.fcn.unp.edu.ar\/sitio\/dptobiologia\/wp-content\/uploads\/2019\/09\/ACTA-CC-N\u00b0-86-PRESENTADA.pdf\">86 <\/a>&#8211; <a href=\"http:\/\/www.fcn.unp.edu.ar\/sitio\/dptobiologia\/wp-content\/uploads\/2019\/10\/ACTA-CAZ-86-Compl-1-firmada.pdf\">86(1)<\/a> &#8211; <a href=\"http:\/\/www.fcn.unp.edu.ar\/sitio\/dptobiologia\/wp-content\/uploads\/2019\/10\/ACTA-CC-86-Complementaria-2-PRESENTADA.pdf\">86(2)<\/a>&#8211; <a href=\"http:\/\/www.fcn.unp.edu.ar\/sitio\/dptobiologia\/wp-content\/uploads\/2020\/08\/ACTA-CC-n\u00b0-87-dIc19.pdf\">87<\/a>&#8211; <a href=\"http:\/\/www.fcn.unp.edu.ar\/sitio\/dptobiologia\/wp-content\/uploads\/2020\/08\/ACTA-CC-87-Compl-1.pdf\">87(1)<\/a> &#8211; <a href=\"http:\/\/www.fcn.unp.edu.ar\/sitio\/dptobiologia\/wp-content\/uploads\/2020\/08\/ACTA-CC-88-Mayo-2020.pdf\">88<\/a> &#8211; <a href=\"http:\/\/www.fcn.unp.edu.ar\/sitio\/dptobiologia\/wp-content\/uploads\/2020\/08\/ACTA-CC-89-AGOSTO-2020-Completa.pdf\">89 <\/a>&#8211; <a href=\"http:\/\/www.fcn.unp.edu.ar\/sitio\/dptobiologia\/wp-content\/uploads\/2020\/12\/ACTA-CC-90-con-firmas.pdf\">90 <\/a>&#8211; <a href=\"http:\/\/www.fcn.unp.edu.ar\/sitio\/dptobiologia\/wp-content\/uploads\/2021\/03\/ACTA-CC-91-PRESENTADA.pdf\">91<\/a> &#8211; <a href=\"http:\/\/www.fcn.unp.edu.ar\/sitio\/dptobiologia\/wp-content\/uploads\/2021\/05\/ACTA-CC-91-complementaria-1-PRESENTADA-firmada.pdf\">91 (1)<\/a> &#8211; <a href=\"http:\/\/www.fcn.unp.edu.ar\/sitio\/dptobiologia\/wp-content\/uploads\/2022\/01\/ACTA-CC-92-PRESENTADA.pdf\">92<\/a> &#8211; <a href=\"http:\/\/www.fcn.unp.edu.ar\/sitio\/dptobiologia\/wp-content\/uploads\/2022\/01\/ACTA-CC-N-93-PRESENTADA.pdf\">93<\/a> &#8211; <a href=\"http:\/\/www.fcn.unp.edu.ar\/sitio\/dptobiologia\/wp-content\/uploads\/2022\/04\/ACTA-CC-94-PRESENTADA.pdf\">94 <\/a>&#8211;<a href=\"http:\/\/www.fcn.unp.edu.ar\/sitio\/dptobiologia\/wp-content\/uploads\/2022\/09\/ACTA-CC-95-PRESENTADA.pdf\">95<\/a>&#8211;<a href=\"http:\/\/www.fcn.unp.edu.ar\/sitio\/dptobiologia\/wp-content\/uploads\/2022\/09\/ACTA-CC95-Compl-1-Sep-22-PRESENTADA.pdf\">95(1)<\/a>&#8211; <a href=\"http:\/\/www.fcn.unp.edu.ar\/sitio\/dptobiologia\/wp-content\/uploads\/2023\/04\/ACTA-CC-96-PRESENTADA.pdf\">96<\/a> &#8211;<a href=\"http:\/\/www.fcn.unp.edu.ar\/sitio\/dptobiologia\/wp-content\/uploads\/2023\/04\/ACTA-CC-N\u00b0-97-PARA-IMPRIMIR.pdf\">97\u00a0<\/a>&#8211; <a href=\"http:\/\/www.fcn.unp.edu.ar\/sitio\/dptobiologia\/wp-content\/uploads\/2023\/11\/ACTA-CC-N\u00b0-98-PRESENTADA.pdf\">98<\/a> &#8211; <a href=\"http:\/\/www.fcn.unp.edu.ar\/sitio\/dptobiologia\/wp-content\/uploads\/2023\/11\/ACTA-CC-N\u00b0-98-complementaria-1-PRESENTADA.pdf\">98(1) &#8211; <\/a><a href=\"http:\/\/www.fcn.unp.edu.ar\/sitio\/dptobiologia\/wp-content\/uploads\/2024\/02\/ACTA-CC-N\u00b0-99-PRESENTADA.pdf\">99 <\/a>&#8211; <a href=\"http:\/\/www.fcn.unp.edu.ar\/sitio\/dptobiologia\/wp-content\/uploads\/2024\/08\/ACTA-CC-N\u00b0-100-A-PRESENTAR.docx\">100<\/a> &#8211; <a href=\"http:\/\/www.fcn.unp.edu.ar\/sitio\/dptobiologia\/wp-content\/uploads\/2024\/08\/ACTA-CC-N\u00b0-101-PRESENTADA.pdf\">101 <\/a>&#8211; <a href=\"http:\/\/www.fcn.unp.edu.ar\/sitio\/dptobiologia\/wp-content\/uploads\/2025\/04\/ACTA-CC-N\u00b0-102-PRESENTADA.pdf\">102 &#8211;<\/a> <a href=\"http:\/\/www.fcn.unp.edu.ar\/sitio\/dptobiologia\/wp-content\/uploads\/2025\/09\/ACTA-CC-N\u00b0-103-PRESENTADA.pdf\">103<\/a><\/p>\n<p><strong>SALIDA DE CAMPO (PROMBIO) A\u00d1O 2018<\/strong><\/p>\n<p>Por favor completar sus datos: <a href=\"https:\/\/goo.gl\/forms\/nlTrRalhiWdaVk6m1\" target=\"_blank\" rel=\"noopener noreferrer\">AQUI<\/a><\/p>\n<\/details>\n","protected":false},"excerpt":{"rendered":"","protected":false},"author":1,"featured_media":0,"parent":5,"menu_order":0,"comment_status":"closed","ping_status":"closed","template":"","meta":{"footnotes":""},"class_list":["post-35","page","type-page","status-publish","hentry"],"_links":{"self":[{"href":"https:\/\/www.fcn.unp.edu.ar\/dptobiologia\/index.php\/wp-json\/wp\/v2\/pages\/35","targetHints":{"allow":["GET"]}}],"collection":[{"href":"https:\/\/www.fcn.unp.edu.ar\/dptobiologia\/index.php\/wp-json\/wp\/v2\/pages"}],"about":[{"href":"https:\/\/www.fcn.unp.edu.ar\/dptobiologia\/index.php\/wp-json\/wp\/v2\/types\/page"}],"author":[{"embeddable":true,"href":"https:\/\/www.fcn.unp.edu.ar\/dptobiologia\/index.php\/wp-json\/wp\/v2\/users\/1"}],"replies":[{"embeddable":true,"href":"https:\/\/www.fcn.unp.edu.ar\/dptobiologia\/index.php\/wp-json\/wp\/v2\/comments?post=35"}],"version-history":[{"count":72,"href":"https:\/\/www.fcn.unp.edu.ar\/dptobiologia\/index.php\/wp-json\/wp\/v2\/pages\/35\/revisions"}],"predecessor-version":[{"id":632,"href":"https:\/\/www.fcn.unp.edu.ar\/dptobiologia\/index.php\/wp-json\/wp\/v2\/pages\/35\/revisions\/632"}],"up":[{"embeddable":true,"href":"https:\/\/www.fcn.unp.edu.ar\/dptobiologia\/index.php\/wp-json\/wp\/v2\/pages\/5"}],"wp:attachment":[{"href":"https:\/\/www.fcn.unp.edu.ar\/dptobiologia\/index.php\/wp-json\/wp\/v2\/media?parent=35"}],"curies":[{"name":"wp","href":"https:\/\/api.w.org\/{rel}","templated":true}]}}