{"id":351,"date":"2018-02-22T12:40:40","date_gmt":"2018-02-22T12:40:40","guid":{"rendered":"http:\/\/www.fcn.unp.edu.ar\/sitio\/dptobiologia\/?page_id=351"},"modified":"2018-03-04T18:32:05","modified_gmt":"2018-03-04T18:32:05","slug":"financiamiento","status":"publish","type":"page","link":"https:\/\/www.fcn.unp.edu.ar\/dptobiologia\/index.php\/investigacion\/financiamiento\/","title":{"rendered":"Financiamiento"},"content":{"rendered":"<p>Consulte AQU\u00cd los enlaces o convocatorias a financiamientos para proyectos de investigaci\u00f3n:<\/p>\n<p><a href=\"http:\/\/:\u00a0http:\/\/www.unp.edu.ar\/cyt\/index.php\/sistema-propio\">Sistema Propio UNPSJB<\/a><\/p>\n<p><a href=\"http:\/\/www.agencia.mincyt.gob.ar\/frontend\/agencia\/fondo\/foncyt\">Agencia Nacional de Promoci\u00f3n Cient\u00edfica y Tecnol\u00f3gica<\/a><\/p>\n<p><a href=\"http:\/\/evc.cin.edu.ar\/\">Becas CIN, est\u00edmulo a las vocaciones cient\u00edficas<\/a><\/p>\n<p><a href=\"http:\/\/portales.educacion.gov.ar\/spu\/universidad-diseno-y-desarrollo-productivo\/convocatorias\/\">SPU- Universidad Dise\u00f1o y Desarrollo Productivo<\/a><\/p>\n<p><a href=\"http:\/\/ciencia.chubut.gov.ar\/\">Secretaria de Ciencia, Tecnolog\u00eda e Innovaci\u00f3n Productiva CHUBUT<\/a><\/p>\n<p><a href=\"http:\/\/www.mincyt.gob.ar\/financiamiento-listado\/convocatoria-abierta-91\">Ministerio de Ciencia, Tecnolog\u00eda e Innovaci\u00f3n Productiva<\/a><\/p>\n<p><a href=\"http:\/\/convocatorias.conicet.gov.ar\/\">CONICET &#8211; Convocatorias<\/a><\/p>\n<hr \/>\n<p>Consulte AQU\u00cd los enlaces a sociedades, asociaciones cient\u00edficas o redes con informaci\u00f3n sobre cursos, congresos o convocatorias a becas:<\/p>\n<p><a href=\"http:\/\/www.biologia.org.ar\/\">Sociedad Argentina de Biolog\u00eda<\/a><\/p>\n<p><a href=\"http:\/\/botanicaargentina.com.ar\/\">Sociedad Argentina de Bot\u00e1nica<\/a><\/p>\n<p><a href=\"https:\/\/www.asaeargentina.com.ar\/index.php\">Asociaci\u00f3n Argentina de Ecolog\u00eda<\/a><\/p>\n<p><a href=\"https:\/\/www.facebook.com\/AMENecologia\/\">Agenda Mensual Electr\u00f3nica de Ecolog\u00eda<\/a><\/p>\n<p><a href=\"http:\/\/aha.org.ar\/\">Asociaci\u00f3n Herpetol\u00f3gica Argentina<\/a><\/p>\n<p><a href=\"http:\/\/rediberoamericanaequinodermos.com\/\">Red Iberoamericana de Equinodermos<\/a><\/p>\n<p><a href=\"http:\/\/www.protozoologia.org.ar\/\">Sociedad Argentina de Protozoolog\u00eda<\/a><\/p>\n<p><a href=\"https:\/\/www.toxicologia.org.ar\/\">Asociaci\u00f3n Toxicol\u00f3gica de Argentina<\/a><\/p>\n<p><a href=\"http:\/\/www.aam.org.ar\/\">Asociaci\u00f3n Argentina de Microbiologia<\/a><\/p>\n<p><a href=\"http:\/\/acuicultura.org.ar\/\">Asociaci\u00f3n Argentina de Acuicultura<\/a><\/p>\n<p><a href=\"https:\/\/www.alicmar.com\/\">Asociaci\u00f3n Latinoamericana de Ciencias del Mar<\/a><\/p>\n<p><a href=\"https:\/\/amcspegazzini.weebly.com\/\">Asociaci\u00f3n Micol\u00f3gica Carlos Spegazzini<\/a><\/p>\n<p><a href=\"https:\/\/www.sarem.org.ar\">Sociedad Argentina para el Estudio de Mamiferos<\/a><\/p>\n<p><a href=\"http:\/\/www.apaleontologica.org.ar\/\">Asociaci\u00f3n Paleontol\u00f3gica Argentina<\/a><\/p>\n<p><a href=\"http:\/\/malacoargentina.com.ar\/institucional\">Asociaci\u00f3n Argentina de Malacolog\u00eda<\/a><\/p>\n<p><a href=\"http:\/\/safisiol.org.ar\/\">Sociedad Argentina de Fisiolog\u00eda<\/a><\/p>\n<p><a href=\"http:\/\/fisiologiavegetal.org\/\">Sociedad Argentina de Fisiolog\u00eda Vegetal<\/a><\/p>\n<p><a href=\"http:\/\/www.sag.org.ar\">Sociedad Argentina de Gen\u00e9tica<\/a><\/p>\n<p><a href=\"http:\/\/www.avesargentinas.org.ar\/escuela-argentina-de-naturalistas\">Aves Argentinas<\/a><\/p>\n<p><a href=\"http:\/\/seargentina.myspecies.info\/\">Sociedad Entomol\u00f3gica Argentina<\/a><\/p>\n","protected":false},"excerpt":{"rendered":"<p>Consulte AQU\u00cd los enlaces o convocatorias a financiamientos para proyectos de investigaci\u00f3n: Sistema Propio UNPSJB Agencia Nacional de Promoci\u00f3n Cient\u00edfica y Tecnol\u00f3gica Becas CIN, est\u00edmulo a las vocaciones cient\u00edficas SPU- Universidad Dise\u00f1o y Desarrollo Productivo Secretaria de Ciencia, Tecnolog\u00eda e Innovaci\u00f3n Productiva CHUBUT Ministerio de Ciencia, Tecnolog\u00eda e Innovaci\u00f3n Productiva CONICET &#8211; Convocatorias Consulte AQU\u00cd &hellip; <a href=\"https:\/\/www.fcn.unp.edu.ar\/dptobiologia\/index.php\/investigacion\/financiamiento\/\" class=\"more-link\">Seguir leyendo <span class=\"screen-reader-text\">Financiamiento<\/span> <span class=\"meta-nav\">&rarr;<\/span><\/a><\/p>\n","protected":false},"author":1,"featured_media":0,"parent":9,"menu_order":0,"comment_status":"closed","ping_status":"closed","template":"","meta":{"footnotes":""},"class_list":["post-351","page","type-page","status-publish","hentry"],"_links":{"self":[{"href":"https:\/\/www.fcn.unp.edu.ar\/dptobiologia\/index.php\/wp-json\/wp\/v2\/pages\/351","targetHints":{"allow":["GET"]}}],"collection":[{"href":"https:\/\/www.fcn.unp.edu.ar\/dptobiologia\/index.php\/wp-json\/wp\/v2\/pages"}],"about":[{"href":"https:\/\/www.fcn.unp.edu.ar\/dptobiologia\/index.php\/wp-json\/wp\/v2\/types\/page"}],"author":[{"embeddable":true,"href":"https:\/\/www.fcn.unp.edu.ar\/dptobiologia\/index.php\/wp-json\/wp\/v2\/users\/1"}],"replies":[{"embeddable":true,"href":"https:\/\/www.fcn.unp.edu.ar\/dptobiologia\/index.php\/wp-json\/wp\/v2\/comments?post=351"}],"version-history":[{"count":11,"href":"https:\/\/www.fcn.unp.edu.ar\/dptobiologia\/index.php\/wp-json\/wp\/v2\/pages\/351\/revisions"}],"predecessor-version":[{"id":405,"href":"https:\/\/www.fcn.unp.edu.ar\/dptobiologia\/index.php\/wp-json\/wp\/v2\/pages\/351\/revisions\/405"}],"up":[{"embeddable":true,"href":"https:\/\/www.fcn.unp.edu.ar\/dptobiologia\/index.php\/wp-json\/wp\/v2\/pages\/9"}],"wp:attachment":[{"href":"https:\/\/www.fcn.unp.edu.ar\/dptobiologia\/index.php\/wp-json\/wp\/v2\/media?parent=351"}],"curies":[{"name":"wp","href":"https:\/\/api.w.org\/{rel}","templated":true}]}}