{"id":47,"date":"2016-04-08T14:10:51","date_gmt":"2016-04-08T14:10:51","guid":{"rendered":"http:\/\/www.fcn.unp.edu.ar\/sitio\/dptobiologia\/?page_id=47"},"modified":"2021-08-02T19:17:21","modified_gmt":"2021-08-02T19:17:21","slug":"becas","status":"publish","type":"page","link":"https:\/\/www.fcn.unp.edu.ar\/dptobiologia\/index.php\/alumnos\/becas\/","title":{"rendered":"Becas"},"content":{"rendered":"<p><span style=\"color: #008000;\"><strong>Programa de Becas de la UNPSJB<\/strong><\/span><\/p>\n<p style=\"text-align: justify;\">La UNPSJB dispone, a trav\u00e9s de la Secretaria de Bienestar Universitario, las siguientes becas:\u00a0(1) BECA DE AYUDA ECONOMICA, (2)\u00a0BECA DE ALOJAMIENTO, (3)\u00a0BECA PARA COMEDOR, (4)\u00a0BECA PARA COPIAS, (5)\u00a0BECAS DE EMERGENCIA<\/p>\n<p>Inscripciones\u00a0ABIERTAS<\/p>\n<p><span style=\"color: #000000;\">Mas informaci\u00f3n: <\/span><span style=\"color: #339966;\"><a style=\"color: #339966;\" href=\"http:\/\/www.unp.edu.ar\/bienestar\/index.php\/comriv\" target=\"_blank\" rel=\"noopener noreferrer\">AQUI<\/a><\/span><\/p>\n<p><span style=\"color: #008000;\"><strong>Becas\u00a0de Estimulo a las Vocaciones Cientificas<\/strong><\/span><\/p>\n<p style=\"text-align: justify;\">El <strong>Consejo Interuniversitario Nacional (CIN)<\/strong> otorga anualmente Becas de Est\u00edmulo a las Vocaciones Cient\u00edficas (Becas EVC \u2013 CIN) para estudiantes universitarios de grado que deseen iniciar su formaci\u00f3n en investigaci\u00f3n en el marco de proyectos de investigaci\u00f3n acreditados, que se desarrollen en el \u00e1mbito de las instituciones universitarias p\u00fablicas<\/p>\n<p style=\"text-align: justify;\">Mas informaci\u00f3n: <a href=\"http:\/\/www.cin.edu.ar\/concursos-y-convocatorias\/\" target=\"_blank\" rel=\"noopener noreferrer\">AQUI<\/a><\/p>\n<p style=\"text-align: justify;\"><span style=\"color: #008000;\"><strong>Becas de la Provincia del Chubut<\/strong><\/span><\/p>\n<p style=\"text-align: justify;\">El Ministerio de Educaci\u00f3n de la Prov. de Chubut cuenta con diferentes tipos de beneficios para atender los requerimientos durante toda la trayectoria educativa de las ni\u00f1as, ni\u00f1os, j\u00f3venes y adultos. En particular para el Nivel\u00a0Terciario o Universitario:<\/p>\n<ul>\n<li style=\"list-style-type: none;\">\n<ul>\n<li style=\"text-align: justify;\">Beca Com\u00fan (para estudios dentro y fuera de la provincia)<\/li>\n<\/ul>\n<\/li>\n<\/ul>\n<ul>\n<li style=\"list-style-type: none;\">\n<ul>\n<li style=\"text-align: justify;\">Beca de Retenci\u00f3n (dentro y fuera de la provincia, con iguales\u00a0caracter\u00edsticas que a Nivel Primario)<\/li>\n<\/ul>\n<\/li>\n<\/ul>\n<ul>\n<li style=\"list-style-type: none;\">\n<ul>\n<li style=\"text-align: justify;\">Beca Ser Docente (destinada a estudiantes de Institutos Superiores de Formaci\u00f3n Docente del Chubut)<\/li>\n<\/ul>\n<\/li>\n<\/ul>\n<ul>\n<li style=\"text-align: justify;\">Beca Semipresencial\u00a0(destinada a aquellos estudiantes que se encuentran realizando una carrera a distancia, contribuyendo en el traslado a la sede de la instituci\u00f3n educativa en situaciones de examen o clases semipresenciales)<\/li>\n<\/ul>\n<p style=\"text-align: justify;\">Mas informacion: <a href=\"http:\/\/www.chubut.edu.ar\/becas\/\" target=\"_blank\" rel=\"noopener noreferrer\">AQUI<\/a><\/p>\n<p style=\"text-align: justify;\"><span style=\"color: #008000;\"><strong>Programa Nacional de Becas Universitarias (PNBU)<\/strong><\/span><\/p>\n<p style=\"text-align: justify;\">Estas becas se otorgan a trav\u00e9s de convocatorias p\u00fablicas y abiertas, donde hay llamados a inscripci\u00f3n para grupos espec\u00edficos de alum\u00adnos a modo de sub-programas, seg\u00fan opciones.<\/p>\n<p style=\"text-align: justify;\">Mas informaci\u00f3n: <a href=\"http:\/\/becasbicentenario.gob.ar\/\" target=\"_blank\" rel=\"noopener noreferrer\">AQUI<\/a><\/p>\n<p style=\"text-align: justify;\"><span style=\"color: #008000;\"><strong>Becas PROMBIO 2018-2019-2021<\/strong><\/span><\/p>\n<p style=\"text-align: justify;\">BECAS DE INICIACION A LA INVESTIGACION PARA ALUMNOS CONVOCATORIA ABIERTA DEL 09\/08\/21 AL 13\/08\/21 REQUISITOS: &#8211; SER ALUMNO REGULAR DE LA CARRERA (PLAN NUEVO) &#8211; ESTAR VINCULADO O VINCULARSE A UN PROYECTO DE INVESTIGACION INSCRIPCIONES: &#8211; Presentar nota dirigida a la Decana de la FCNyCS &#8211; Plan de trabajo a desarrollar (avalado por el Dir. del Proyecto) &#8211; CV actualizado LAS BECAS TIENEN UNA DURACION DE 12 MESES PARA MAS INFORMACION CONSULTAR EL REGLAMENTO DE BECAS PROMBIO: <a href=\"http:\/\/www.fcn.unp.edu.ar\/sitio\/dptobiologia\/wp-content\/uploads\/2016\/04\/Reglamento-becas-Prombio-3.pdf\">AQUI<\/a><\/p>\n","protected":false},"excerpt":{"rendered":"<p>Programa de Becas de la UNPSJB La UNPSJB dispone, a trav\u00e9s de la Secretaria de Bienestar Universitario, las siguientes becas:\u00a0(1) BECA DE AYUDA ECONOMICA, (2)\u00a0BECA DE ALOJAMIENTO, (3)\u00a0BECA PARA COMEDOR, (4)\u00a0BECA PARA COPIAS, (5)\u00a0BECAS DE EMERGENCIA Inscripciones\u00a0ABIERTAS Mas informaci\u00f3n: AQUI Becas\u00a0de Estimulo a las Vocaciones Cientificas El Consejo Interuniversitario Nacional (CIN) otorga anualmente Becas de &hellip; <a href=\"https:\/\/www.fcn.unp.edu.ar\/dptobiologia\/index.php\/alumnos\/becas\/\" class=\"more-link\">Seguir leyendo <span class=\"screen-reader-text\">Becas<\/span> <span class=\"meta-nav\">&rarr;<\/span><\/a><\/p>\n","protected":false},"author":1,"featured_media":144,"parent":5,"menu_order":0,"comment_status":"closed","ping_status":"closed","template":"","meta":{"footnotes":""},"class_list":["post-47","page","type-page","status-publish","has-post-thumbnail","hentry"],"_links":{"self":[{"href":"https:\/\/www.fcn.unp.edu.ar\/dptobiologia\/index.php\/wp-json\/wp\/v2\/pages\/47","targetHints":{"allow":["GET"]}}],"collection":[{"href":"https:\/\/www.fcn.unp.edu.ar\/dptobiologia\/index.php\/wp-json\/wp\/v2\/pages"}],"about":[{"href":"https:\/\/www.fcn.unp.edu.ar\/dptobiologia\/index.php\/wp-json\/wp\/v2\/types\/page"}],"author":[{"embeddable":true,"href":"https:\/\/www.fcn.unp.edu.ar\/dptobiologia\/index.php\/wp-json\/wp\/v2\/users\/1"}],"replies":[{"embeddable":true,"href":"https:\/\/www.fcn.unp.edu.ar\/dptobiologia\/index.php\/wp-json\/wp\/v2\/comments?post=47"}],"version-history":[{"count":12,"href":"https:\/\/www.fcn.unp.edu.ar\/dptobiologia\/index.php\/wp-json\/wp\/v2\/pages\/47\/revisions"}],"predecessor-version":[{"id":502,"href":"https:\/\/www.fcn.unp.edu.ar\/dptobiologia\/index.php\/wp-json\/wp\/v2\/pages\/47\/revisions\/502"}],"up":[{"embeddable":true,"href":"https:\/\/www.fcn.unp.edu.ar\/dptobiologia\/index.php\/wp-json\/wp\/v2\/pages\/5"}],"wp:featuredmedia":[{"embeddable":true,"href":"https:\/\/www.fcn.unp.edu.ar\/dptobiologia\/index.php\/wp-json\/wp\/v2\/media\/144"}],"wp:attachment":[{"href":"https:\/\/www.fcn.unp.edu.ar\/dptobiologia\/index.php\/wp-json\/wp\/v2\/media?parent=47"}],"curies":[{"name":"wp","href":"https:\/\/api.w.org\/{rel}","templated":true}]}}