{"id":51,"date":"2016-04-08T15:09:36","date_gmt":"2016-04-08T15:09:36","guid":{"rendered":"http:\/\/www.fcn.unp.edu.ar\/sitio\/dptobiologia\/?page_id=51"},"modified":"2016-11-07T16:19:52","modified_gmt":"2016-11-07T16:19:52","slug":"dependencias","status":"publish","type":"page","link":"https:\/\/www.fcn.unp.edu.ar\/dptobiologia\/index.php\/dependencias\/","title":{"rendered":"Dependencias"},"content":{"rendered":"<h4><\/h4>\n<h4><span style=\"color: #000080;\"><strong>Cepario de microalgas<\/strong><\/span><\/h4>\n<p><img loading=\"lazy\" decoding=\"async\" class=\"wp-image-62 aligncenter\" src=\"http:\/\/www.fcn.unp.edu.ar\/sitio\/dptobiologia\/wp-content\/uploads\/2016\/04\/x-300x171.jpg\" alt=\"x\" width=\"472\" height=\"269\" srcset=\"https:\/\/www.fcn.unp.edu.ar\/dptobiologia\/wp-content\/uploads\/2016\/04\/x-300x171.jpg 300w, https:\/\/www.fcn.unp.edu.ar\/dptobiologia\/wp-content\/uploads\/2016\/04\/x-768x437.jpg 768w, https:\/\/www.fcn.unp.edu.ar\/dptobiologia\/wp-content\/uploads\/2016\/04\/x-1024x583.jpg 1024w, https:\/\/www.fcn.unp.edu.ar\/dptobiologia\/wp-content\/uploads\/2016\/04\/x.jpg 1200w\" sizes=\"auto, (max-width: 472px) 100vw, 472px\" \/><strong>Responsables:<\/strong> Mag. Susana Perales y Mag. Laura B. P\u00e9rez<\/p>\n<p style=\"text-align: justify;\">La Colecci\u00f3n de Cepas de Microalgas del Departamento de Biolog\u00eda de la Facultad de Ciencias Naturales de la U.N.P.S.J.B., inici\u00f3 sus funciones en 1990, teniendo como objetivo el aislamiento, selecci\u00f3n y estudio de algunas especies de microalgas tanto marinas como de agua dulce.<\/p>\n<p style=\"text-align: justify;\">Su misi\u00f3n es centralizar, preservar y mantener a disposici\u00f3n de todo tipo de usuario, microalgas de inter\u00e9s para la Acuicultura y la Biotecnolog\u00eda, con la finalidad de apoyar la investigaci\u00f3n y el desarrollo tecnol\u00f3gico en la U.N.P.S.J.B. Adem\u00e1s de su funci\u00f3n primordial de mantenimiento de cepas, esta Colecci\u00f3n promueve la investigaci\u00f3n cient\u00edfica sobre las caracter\u00edsticas y la utilizaci\u00f3n de sus cepas, organiza cursos sobre t\u00e9cnicas de aislamiento y cultivo, y ofrece servicios de asesor\u00eda y capacitaci\u00f3n profesional al sector acad\u00e9mico y a la iniciativa privada. A la fecha la Colecci\u00f3n mantiene cepas marinas y de agua dulce. Las cepas proceden de varias colecciones de otros pa\u00edses y de Argentina, entre las cuales destacan las mas utilizadas para la alimentaci\u00f3n de organismos acu\u00e1ticos.<\/p>\n<p>Sitio web: (en construcci\u00f3n)<\/p>\n<p>Contacto: Departamento de Biologia Gral (2\u00b0 piso)<\/p>\n<p>Email: <span style=\"color: #000000;\"><a style=\"color: #000000;\" href=\"mailto:peralessusana2@gmail.com\">peralessusana2@gmail.com<\/a><\/span><\/p>\n<hr \/>\n<h3 style=\"text-align: justify;\"><span style=\"color: #000080;\">Laboratorio de Paleovertebrados<\/span><\/h3>\n<p>&nbsp;<\/p>\n<p><img loading=\"lazy\" decoding=\"async\" class=\"alignnone wp-image-65\" src=\"http:\/\/www.fcn.unp.edu.ar\/sitio\/dptobiologia\/wp-content\/uploads\/2016\/04\/xx-1-300x148.jpg\" alt=\"xx\" width=\"495\" height=\"244\" srcset=\"https:\/\/www.fcn.unp.edu.ar\/dptobiologia\/wp-content\/uploads\/2016\/04\/xx-1-300x148.jpg 300w, https:\/\/www.fcn.unp.edu.ar\/dptobiologia\/wp-content\/uploads\/2016\/04\/xx-1-768x379.jpg 768w, https:\/\/www.fcn.unp.edu.ar\/dptobiologia\/wp-content\/uploads\/2016\/04\/xx-1.jpg 800w\" sizes=\"auto, (max-width: 495px) 100vw, 495px\" \/><\/p>\n<p><strong>Responsable:<\/strong>\u00a0Dr. Rub\u00e9n Dar\u00edo Mart\u00ednez<\/p>\n<p style=\"text-align: justify;\">Equipo de trabajo: \u00a0Dr. Rub\u00e9n Dar\u00edo Mart\u00ednez &#8211; Dr. Gabriel Andr\u00e9s Casal &#8211;\u00a0T\u00e9c. Aldo Marcelo Luna<\/p>\n<p style=\"text-align: justify;\">El Laboratorio de paleovertebrados fue creado por resoluci\u00f3n CAFCN 129\/88 del 4 de julio de 1988 aunque las actividades del equipo de investigaci\u00f3n que le dio vida pueden rastrearse hasta noviembre de 1984. Sus objetivos originales siguen en pie hoy en d\u00eda y se han ampliado: (1) exploraci\u00f3n, estudio e interpretaci\u00f3n de los vertebrados f\u00f3siles, especialmente los dinosaurios, depositados en los niveles cret\u00e1cicos del Grupo Chubut focaliz\u00e1ndose en las formaciones Bajo Barreal y Lago Colhu\u00e9 Huapi y (2)estudio de la tafonom\u00eda de los yacimientos dinosaurianos que son explorados para recuperar los restos f\u00f3siles a estudiar.<\/p>\n<p style=\"text-align: justify;\">Durante el lapso de su existencia el trabajo del Laboratorio de paleovertebrados ha permitido el descubrimiento de una decena de dinosaurios y de su fauna acompa\u00f1ante de vertebrados como Osteichthyes, Chelonii, Crocodylia, Pterosauria y Squamata. Esto ha permitido desarrollar estudios anat\u00f3micos, fisiol\u00f3gicos, histol\u00f3gicos, filogen\u00e9ticos, tafon\u00f3micos, paleobiogeogr\u00e1ficos e incluso inferir patrones de comportamiento de algunas formas.<\/p>\n<p style=\"text-align: justify;\">El \u00e1mbito del Laboratorio ha sido fruct\u00edfero tambi\u00e9n para el nacimiento y desarrollo, en los estudiantes, de m\u00faltiples vocaciones por disciplinas como la Paleontolog\u00eda y la Geolog\u00eda. Estos profesionales luego se han doctorado en nuestra Universidad o en el exterior.<\/p>\n<p style=\"text-align: justify;\">Actualmente el laboratorio mantiene relaciones de colaboraci\u00f3n con numerosos equipos de estudios dinosaurianos. En nuestro pa\u00eds con investigadores del CENPAT, Puerto Madryn; Museo Argentino de Ciencias Naturales Bernardino Rivadavia de Buenos Aires; Museo Nacional del Comahue en Neuqu\u00e9n; Universidad Nacional del R\u00edo Negro y Universidad Nacional de Cuyo. En el exterior trabajamos en colaboraci\u00f3n con equipos de la Universidade Federal de Uberlandia, en Minas Gerais, Brasil; Museo del Jur\u00e1sico de Asturias, Colunga, Espa\u00f1a; Carnegie Museum of Natural History, Pensilvania, Estados Unidos; Dixie State University, Utah, Estados Unidos y Rowan University, Nueva Jersey, Estados Unidos.<\/p>\n<p>Sitio web: (en construcci\u00f3n)<\/p>\n<p>Contacto: Departamento de Biologia Gral (2\u00b0 piso &#8211; Box 6 y Taller de preparaci\u00f3n)<\/p>\n<p>Emails:<\/p>\n<p>Rub\u00e9n Dar\u00edo Mart\u00ednez: rdfmartinez@hotmail.com<\/p>\n<p>Dr. Gabriel Andr\u00e9s Casal: paleogac@yahoo.com.ar<\/p>\n<p>T\u00e9c. Aldo Marcelo Luna: paleoambiental@yahoo.com<\/p>\n<p>&nbsp;<\/p>\n<p><strong>Herbario Regional Patagonico<\/strong>\u00a0(GAB 478)<\/p>\n<p>&nbsp;<\/p>\n<h4 id=\"x_yui_3_16_0_ym19_1_1461249647054_70425\"><span style=\"color: #000080;\"><b id=\"x_yui_3_16_0_ym19_1_1461249647054_70426\"><span id=\"x_yui_3_16_0_ym19_1_1461249647054_70427\">Grupo de Estudios Biof\u00edsicos y Ecofisiol\u00f3gicos (<span id=\"0.6143696503018747\" class=\"highlight\">GEBEF<\/span>)<\/span><\/b><span id=\"x_yui_3_16_0_ym19_1_1461249647054_70428\"><\/span><\/span><\/h4>\n<p><img loading=\"lazy\" decoding=\"async\" class=\"alignnone\" src=\"http:\/\/www.unp.edu.ar\/cyt\/images\/articulos\/babosita.jpg\" alt=\"\" width=\"456\" height=\"344\" \/><\/p>\n<p style=\"text-align: justify;\"><strong>Responsables<\/strong>: Dra. Sandra Bucci y Dr. Fabian Scholz<\/p>\n<p style=\"text-align: justify;\">Equipo de trabajo: \u00a0Dra.<span id=\"x_yui_3_16_0_ym19_1_1461249647054_70451\">\u00a0Nadia Arias &#8211;\u00a0<\/span><span id=\"x_yui_3_16_0_ym19_1_1461249647054_70454\">Dra. Anal\u00eda Garr\u00e9 &#8211;\u00a0<\/span><span id=\"x_yui_3_16_0_ym19_1_1461249647054_70457\">Geol. Jos\u00e9 Luis Agrelo &#8211; Lic.\u00a0<\/span><span id=\"x_yui_3_16_0_ym19_1_1461249647054_70460\">Luisina Carbonell Silletta &#8211;\u00a0<\/span><span id=\"x_yui_3_16_0_ym19_1_1461249647054_70463\">Agr. Agust\u00edn Cavalliaro &#8211;<\/span><span id=\"x_yui_3_16_0_ym19_1_1461249647054_70466\">Lic. Mariana Buzzi &#8211;\u00a0<\/span><span id=\"x_yui_3_16_0_ym19_1_1461249647054_70473\">Prof. Daniel Pereyra<\/span><\/p>\n<div id=\"x_yui_3_16_0_ym19_1_1461249647054_70481\" style=\"text-align: justify;\"><span id=\"x_yui_3_16_0_ym19_1_1461249647054_70482\">El <span id=\"0.7493348959364381\" class=\"highlight\">GEBEF<\/span> dependiente del Departamento de Biolog\u00eda General (Resoluci\u00f3n CDFCN N\u00b0109\/16) desarrolla l\u00edneas de investigaci\u00f3n dentro del \u00e1rea de la F\u00edsica y la Biolog\u00eda, principalmente dentro de la Eco-fisiolog\u00eda vegetal, tanto de plantas nativas como cultivables y la eco-hidrolog\u00eda de los ambientes en estudio. Nuestros principales ejes de investigaci\u00f3n son: (1)\u00a0<\/span>La vulnerabilidad de las especies de bosques templados y subtropicales y de ecosistemas \u00e1ridos al Cambio Clim\u00e1tico, (2)\u00a0La funci\u00f3n de la vegetaci\u00f3n sobre la hidrolog\u00eda del ecosistema, (3)\u00a0Los efectos del pastoreo ovino sobre la econom\u00eda de agua de la estepa patag\u00f3nica, (4)\u00a0Los determinantes de la estructura<span id=\"x_yui_3_16_0_ym19_1_1461249647054_70492\">\u00a0 <\/span>y funcionamiento de la estepa patag\u00f3nica: el impacto de la disponibilidad de agua y nutrientes y el efecto del viento, (5)\u00a0La resistencia a la sequ\u00eda y bajas temperaturas de variedades de Olea europaea (olivo), (6)\u00a0La Eco fisiolog\u00eda de cact\u00e1ceas nativas.<\/div>\n<div id=\"x_yui_3_16_0_ym19_1_1461249647054_70497\" style=\"text-align: justify;\"><b id=\"x_yui_3_16_0_ym19_1_1461249647054_70498\"><span id=\"x_yui_3_16_0_ym19_1_1461249647054_70499\">\u00a0<\/span><\/b><\/div>\n<div style=\"text-align: justify;\"><span id=\"x_yui_3_16_0_ym19_1_1461249647054_70499\">Objetivos del <span id=\"0.9027570170563357\" class=\"highlight\">GEBEF:<\/span><\/span><span id=\"x_yui_3_16_0_ym19_1_1461249647054_70500\"><\/span><\/div>\n<div id=\"x_yui_3_16_0_ym19_1_1461249647054_70501\" style=\"text-align: justify;\"><span id=\"x_yui_3_16_0_ym19_1_1461249647054_70502\" lang=\"ES\">\u00a0a) Tener un impacto sustancial en el desarrollo de la Eco-fisiolog\u00eda vegetal a nivel nacional e internacional, a trav\u00e9s de la publicaci\u00f3n de art\u00edculos cient\u00edficos de alta calidad, de libros especializados y\/o de informes t\u00e9cnicos.<\/span><span id=\"x_yui_3_16_0_ym19_1_1461249647054_70503\"><\/span><\/div>\n<div id=\"x_yui_3_16_0_ym19_1_1461249647054_70504\" style=\"text-align: justify;\"><span id=\"x_yui_3_16_0_ym19_1_1461249647054_70505\" lang=\"ES\">\u00a0b) Impulsar las \u00e1reas de investigaci\u00f3n en las que actualmente trabajan los investigadores solicitantes y promover la formaci\u00f3n de nuevas l\u00edneas, incorporando estudiantes para proceder a una formaci\u00f3n acad\u00e9mica de excelencia.<\/span><span id=\"x_yui_3_16_0_ym19_1_1461249647054_70506\"><\/span><\/div>\n<div id=\"x_yui_3_16_0_ym19_1_1461249647054_70507\" style=\"text-align: justify;\"><span id=\"x_yui_3_16_0_ym19_1_1461249647054_70508\" lang=\"ES\">\u00a0c) Contribuir a la formaci\u00f3n de doctores capacitados para realizar investigaci\u00f3n y a la vez capacitados para contribuir en la resoluci\u00f3n de asuntos relacionados con problemas ambientales.<\/span><span id=\"x_yui_3_16_0_ym19_1_1461249647054_70509\"><\/span><\/div>\n<div id=\"x_yui_3_16_0_ym19_1_1461249647054_70510\" style=\"text-align: justify;\"><span id=\"x_yui_3_16_0_ym19_1_1461249647054_70511\" lang=\"ES\">\u00a0d) Contribuir para dar respuesta a las necesidades de conocimiento, uso y conservaci\u00f3n de la biodiversidad de la Regi\u00f3n Patag\u00f3nica, as\u00ed como aportar conocimientos cient\u00edficos nuevos en el campo de la Eco-fisiolog\u00eda vegetal b\u00e1sica y aplicada al uso sustentable y a la restauraci\u00f3n de los ecosistemas patag\u00f3nicos.<\/span><\/div>\n<div>\n<p style=\"text-align: justify;\">Sitio web: (en construcci\u00f3n)<\/p>\n<p style=\"text-align: justify;\">Contacto: Laboratorio 374 (3\u00b0 piso &#8211; Ala nueva)<\/p>\n<p style=\"text-align: justify;\">Emails:<\/p>\n<p style=\"text-align: justify;\">Dra. Sandra Bucci:\u00a0<span id=\"x_yui_3_16_0_ym19_1_1461249647054_70441\">sj_bucci@yahoo.com<\/span><\/p>\n<p style=\"text-align: justify;\">Dr.\u00a0<span id=\"x_yui_3_16_0_ym19_1_1461249647054_70444\">Fabi\u00e1n Scholz:\u00a0fgscholz@yahoo.com<\/span><\/p>\n<\/div>\n","protected":false},"excerpt":{"rendered":"<p>Cepario de microalgas Responsables: Mag. Susana Perales y Mag. Laura B. P\u00e9rez La Colecci\u00f3n de Cepas de Microalgas del Departamento de Biolog\u00eda de la Facultad de Ciencias Naturales de la U.N.P.S.J.B., inici\u00f3 sus funciones en 1990, teniendo como objetivo el aislamiento, selecci\u00f3n y estudio de algunas especies de microalgas tanto marinas como de agua dulce. &hellip; <a href=\"https:\/\/www.fcn.unp.edu.ar\/dptobiologia\/index.php\/dependencias\/\" class=\"more-link\">Seguir leyendo <span class=\"screen-reader-text\">Dependencias<\/span> <span class=\"meta-nav\">&rarr;<\/span><\/a><\/p>\n","protected":false},"author":1,"featured_media":0,"parent":0,"menu_order":7,"comment_status":"closed","ping_status":"closed","template":"","meta":{"footnotes":""},"class_list":["post-51","page","type-page","status-publish","hentry"],"_links":{"self":[{"href":"https:\/\/www.fcn.unp.edu.ar\/dptobiologia\/index.php\/wp-json\/wp\/v2\/pages\/51","targetHints":{"allow":["GET"]}}],"collection":[{"href":"https:\/\/www.fcn.unp.edu.ar\/dptobiologia\/index.php\/wp-json\/wp\/v2\/pages"}],"about":[{"href":"https:\/\/www.fcn.unp.edu.ar\/dptobiologia\/index.php\/wp-json\/wp\/v2\/types\/page"}],"author":[{"embeddable":true,"href":"https:\/\/www.fcn.unp.edu.ar\/dptobiologia\/index.php\/wp-json\/wp\/v2\/users\/1"}],"replies":[{"embeddable":true,"href":"https:\/\/www.fcn.unp.edu.ar\/dptobiologia\/index.php\/wp-json\/wp\/v2\/comments?post=51"}],"version-history":[{"count":10,"href":"https:\/\/www.fcn.unp.edu.ar\/dptobiologia\/index.php\/wp-json\/wp\/v2\/pages\/51\/revisions"}],"predecessor-version":[{"id":159,"href":"https:\/\/www.fcn.unp.edu.ar\/dptobiologia\/index.php\/wp-json\/wp\/v2\/pages\/51\/revisions\/159"}],"wp:attachment":[{"href":"https:\/\/www.fcn.unp.edu.ar\/dptobiologia\/index.php\/wp-json\/wp\/v2\/media?parent=51"}],"curies":[{"name":"wp","href":"https:\/\/api.w.org\/{rel}","templated":true}]}}