{"id":7,"date":"2015-12-17T13:05:56","date_gmt":"2015-12-17T13:05:56","guid":{"rendered":"http:\/\/www.fcn.unp.edu.ar\/sitio\/dptobiologia\/?page_id=7"},"modified":"2025-04-02T18:39:40","modified_gmt":"2025-04-02T18:39:40","slug":"docentes","status":"publish","type":"page","link":"https:\/\/www.fcn.unp.edu.ar\/dptobiologia\/index.php\/docentes\/","title":{"rendered":"Docentes"},"content":{"rendered":"<h5>Fechas importantes:<\/h5>\n<p style=\"text-align: justify;\">Calendario Acad\u00e9mico : <a href=\"https:\/\/www.fcn.unp.edu.ar\/\" target=\"_blank\" rel=\"noopener\">Descargar<\/a><\/p>\n<p style=\"text-align: justify;\">Presentaci\u00f3n de programas anuales o 1\u00b0C: 05\/02 al 08\/03<\/p>\n<p style=\"text-align: justify;\">Presentaci\u00f3n de programas 2\u00b0C: 01\/07 al 02\/08<\/p>\n<p style=\"text-align: justify;\">Entrega conceptos:<\/p>\n<p style=\"text-align: justify;\">Vencimiento del plazo para solicitar evaluaci\u00f3n en Carrera Acad\u00e9mica:<\/p>\n<p style=\"text-align: justify;\">Informe Anual Docente (IAD) :<\/p>\n<p style=\"text-align: justify;\">LCB Electivas: Confirmaci\u00f3n de renovaci\u00f3n o electivas nuevas (OCT)<\/p>\n<p>Reuniones de CAZ (Biol): MARZO &#8211; AGOSTO &#8211; DICIEMBRE<\/p>\n<p>Presentaci\u00f3n Proyectos de Investigaci\u00f3n CyT:\u00a0<a href=\"http:\/\/www.unp.edu.ar\/cyt\/\" target=\"_blank\" rel=\"noopener noreferrer\">AQUI<\/a><\/p>\n<p>Presentaci\u00f3n planilla de solicitud de incentivos:<a href=\"http:\/\/incentivos-spu.me.gov.ar\/solicitud\">\u00a0\u00a0<\/a><\/p>\n<p>Informe asistencia \u00a0(2018) (hasta el 17 de cada mes):\u00a0<a href=\"http:\/\/www.fcn.unp.edu.ar\/sitio\/dptobiologia\/wp-content\/uploads\/2015\/12\/Asistencia-Docentes.doc\">AQUI<\/a><\/p>\n<h4>Comunicaci\u00f3n de actividades<\/h4>\n<p style=\"text-align: justify;\">Con el objeto de dar difusi\u00f3n a las actividades acad\u00e9micas (ej. cursos posgrado), de investigaci\u00f3n y extensi\u00f3n que realizan los docentes del departamento, tengan a bien\u00a0completar el siguiente formulario <em>online<\/em> a fines de registrar la misma en una base de datos y poder dar difusi\u00f3n.<\/p>\n<p style=\"text-align: justify;\">Informar de la actividad: <a href=\"https:\/\/goo.gl\/forms\/m03cH3bYwGu2QaSu1\" target=\"_blank\" rel=\"noopener noreferrer\">AQUI<\/a><\/p>\n<p style=\"text-align: justify;\">Se solicita adem\u00e1s el env\u00edo de una foto o vinculo de la actividad realizada para dar difusi\u00f3n (biologiaunpsjb@gmail.com).<\/p>\n<h5 style=\"text-align: justify;\">Gesti\u00f3n de Seguros por viaje<\/h5>\n<p style=\"text-align: justify;\">Normativa sobre Cambio Itinere: <a href=\"http:\/\/www.fcn.unp.edu.ar\/sitio\/dptobiologia\/wp-content\/uploads\/2015\/12\/Procedimiento-P.27.02.2015.pdf\">[Descargar]<\/a><\/p>\n<p style=\"text-align: justify;\">Docentes &#8211; Viajes al interior del pa\u00eds (ART): \u00a0<a href=\"http:\/\/www.fcn.unp.edu.ar\/sitio\/dptobiologia\/wp-content\/uploads\/2015\/12\/ARTviaje.doc\">Viaje<\/a><\/p>\n<p style=\"text-align: justify;\">Docentes &#8211; \u00a0Cambio itinere:\u00a0<a href=\"http:\/\/www.fcn.unp.edu.ar\/sitio\/dptobiologia\/wp-content\/uploads\/2015\/12\/Viaajes-LOCAL-ART.pdf\">Descargar planilla<\/a><\/p>\n<p style=\"text-align: justify;\">Docentes &#8211; Viajes al exterior\u00a0del pa\u00eds (ART): <a href=\"http:\/\/www.fcn.unp.edu.ar\/sitio\/dptobiologia\/wp-content\/uploads\/2015\/12\/Viajes-EXTERIOR-ART.pdf\">Descargar planilla<\/a><\/p>\n<p style=\"text-align: justify;\">Alumnos &#8211;\u00a0Solicitud seguro para alumnos:\u00a0<a href=\"http:\/\/www.fcn.unp.edu.ar\/sitio\/dptobiologia\/wp-content\/uploads\/2015\/12\/SEGUROS-DE-ALUMNOS.doc\">Descargar planilla<\/a><\/p>\n<p style=\"text-align: justify;\"><span style=\"text-decoration: underline;\">Pasos<\/span>:<\/p>\n<p style=\"text-align: justify;\">(1) Complete el <a href=\"https:\/\/goo.gl\/forms\/MtFHB0RJm6Pgr0CO2\" target=\"_blank\" rel=\"noopener noreferrer\">siguiente formulario <em>online<\/em><\/a> a fin de llevar un registro interno (solo docentes). En caso de salidas\/viajes en grupo repita la operaci\u00f3n para cada docente solicitante.<\/p>\n<p style=\"text-align: justify;\">(2) Descargue y complete las planillas seg\u00fan corresponda (realice los tramites con al menos 3\u00a0d\u00edas de anticipaci\u00f3n para viajes\/actividades locales). En caso de salidas\/viajes en grupo puede presentar una \u00fanica planilla con informaci\u00f3n de todos los docentes. Si viajan alumnos se deber\u00e1 presentar, ademas, la planilla correspondiente a los alumnos.<\/p>\n<p style=\"text-align: justify;\">(3) Presente en FCN la\/s planilla\/s junto a una nota (dirigida al Jefe de Departamento)\u00a0indicando la\u00a0actividad a realizar, e indique si las actividades docentes y acad\u00e9micas est\u00e1n cubiertas. La nota deber\u00e1 ser firmada , en conformidad, por el responsable de c\u00e1tedra.<\/p>\n<p style=\"text-align: justify;\">Adem\u00e1s, en caso de viaje al exterior por mas de 30 d\u00edas, el pedido deber ser tratado en el consejo de la Facultad, por lo que se recomienda realizar la gesti\u00f3n con anticipaci\u00f3n, detallando las actividades a realizar y elevando documentaci\u00f3n al respecto (invitaci\u00f3n a curso\/taller\/pasant\u00eda).<\/p>\n<h5 style=\"text-align: justify;\">Carrera Acad\u00e9mica<\/h5>\n<div style=\"text-align: justify;\">\n<p class=\"x_MsoNormal\">Cada docente, deber\u00e1 acompa\u00f1ar la <span style=\"text-decoration: underline;\">solicitud de renovaci\u00f3n<\/span> de su cargo con una <span style=\"text-decoration: underline;\">propuesta de actividades a desarrollar<\/span> (Ver Anexo I Disposici\u00f3n Carrera Acad\u00e9mica).\u00a0Ademas deber\u00e1 presentar el Informe Anual Docente. Esta solicitud se realiza al momento de concursar o al vencer el concurso vigente. Si ya esta concursado solo debe presentar el IAD a fin de a\u00f1o (leer normativa adjunta)<\/p>\n<p class=\"x_MsoNormal\">Normativa Carrera Acad\u00e9mica (LEER):\u00a0<a href=\"http:\/\/www.fcn.unp.edu.ar\/sitio\/dptobiologia\/wp-content\/uploads\/2015\/12\/Carrera-Acad\u00e8mica-Disp.-CDFCN-n-016.pdf\">Descargar<\/a><\/p>\n<\/div>\n<p style=\"text-align: justify;\">Modelo Informe Anual Docente (2016):\u00a0<a href=\"http:\/\/www.fcn.unp.edu.ar\/sitio\/dptobiologia\/wp-content\/uploads\/2015\/12\/MODELO-INFORME-ANUAL-DOCENTE-2016.docx\">Descargar<\/a><\/p>\n<p style=\"text-align: justify;\"><span style=\"text-decoration: underline;\">Notas<\/span>:<\/p>\n<ul>\n<li style=\"list-style-type: none;\">\n<ul>\n<li style=\"text-align: justify;\">Si Usted es Responsable de c\u00e1tedra deber\u00e1 elevar el\u00a0informe, mediante nota, al Jefe de Departamento, quien completar\u00e1 el Anexo I.<\/li>\n<\/ul>\n<\/li>\n<\/ul>\n<ul>\n<li style=\"text-align: justify;\">Si Usted es Auxiliar docente deber\u00e1 elevar este informe, mediante nota, al Profesor responsable de la c\u00e1tedra, quien completar\u00e1 el Anexo II y luego el Jefe de Departamento completar\u00e1 el Anexo I.<\/li>\n<\/ul>\n<p style=\"text-align: justify;\">En ambas situaciones se lo notificar\u00e1 de las opiniones vertidas<\/p>\n<h5 style=\"text-align: justify;\">Reglamentos y normativa<\/h5>\n<p style=\"text-align: justify;\">Reglamento Acad\u00e9mico (2016):\u00a0<a href=\"http:\/\/www.fcn.unp.edu.ar\/sitio\/dptobiologia\/wp-content\/uploads\/2015\/12\/Reglamento-Academico-Disp.-CDFCN-n-015.pdf\">Descargar\u00a0<\/a><\/p>\n<p style=\"text-align: justify;\">Convenio Colectivo para Docentes Universitarios: <a href=\"http:\/\/www.fcn.unp.edu.ar\/sitio\/dptobiologia\/wp-content\/uploads\/2015\/12\/decreto_1246.pdf\">Descargar<\/a><\/p>\n<p style=\"text-align: justify;\">Reglamento Comisiones Curriculares (2012):\u00a0<a href=\"http:\/\/www.fcn.unp.edu.ar\/sitio\/dptobiologia\/wp-content\/uploads\/2015\/12\/REGLAMENTO-COMISIONES-CURRICULARES-2012.pdf\">Descargar<\/a><\/p>\n<p style=\"text-align: justify;\">C\u00e1tedras sin alumnos: Refuerzo docentes (2009):\u00a0<a href=\"http:\/\/www.fcn.unp.edu.ar\/sitio\/dptobiologia\/wp-content\/uploads\/2015\/12\/REFUERZO-DOCENTE-17-09-2009.pdf\">Descargar<\/a><\/p>\n<p style=\"text-align: justify;\">R\u00e9gimen contracursada (2011):\u00a0<a href=\"http:\/\/www.fcn.unp.edu.ar\/sitio\/dptobiologia\/wp-content\/uploads\/2015\/12\/REGIMEN-CURSADO-EN-CONTRA-CUATRIMESTRE-2011.pdf\">Descargar<\/a><\/p>\n<p style=\"text-align: justify;\">Funcionamiento Departamental (2007):\u00a0<a href=\"http:\/\/www.fcn.unp.edu.ar\/sitio\/dptobiologia\/wp-content\/uploads\/2015\/12\/REGLAMENTO-FUNCIONAMIENTO-DEPARTAMENTAL.pdf\">Descargar<\/a><\/p>\n<p style=\"text-align: justify;\">Disposici\u00f3n FCN sobre Ordenamiento y reestructuraci\u00f3n (2002):\u00a0<a href=\"http:\/\/www.fcn.unp.edu.ar\/sitio\/dptobiologia\/wp-content\/uploads\/2015\/12\/DISPOSICION-001-Y-002-Ordenamiento-Reestructuracion.pdf\">Descargar<\/a><\/p>\n<p style=\"text-align: justify;\">Grilla de evaluaci\u00f3n en concursos (2011):\u00a0<a href=\"http:\/\/www.fcn.unp.edu.ar\/sitio\/dptobiologia\/wp-content\/uploads\/2015\/12\/Grilla-evaluaci\u00f3n-antecedentes-para-concurso-CDFCN-114-11.pdf\">Descargar<\/a><\/p>\n<p style=\"text-align: justify;\">Reglamento Designaciones Interinas (2011):\u00a0<a href=\"http:\/\/www.fcn.unp.edu.ar\/sitio\/dptobiologia\/wp-content\/uploads\/2015\/12\/REGLAMENTO-DESIGNACIONES-INTERINAS-01-12-11.pdf\">Descargar<\/a><\/p>\n<p style=\"text-align: justify;\">Tabla de valoraci\u00f3n por cargo y dedicaci\u00f3n (puntos):\u00a0<a href=\"http:\/\/www.fcn.unp.edu.ar\/sitio\/dptobiologia\/wp-content\/uploads\/2015\/12\/Distribucion-Puntos-segun-cargo-y-dedicacion.pdf\">Descargar<\/a><\/p>\n<p style=\"text-align: justify;\">Ficha\u00a0de inscripci\u00f3n en interinatos : <a href=\"http:\/\/www.madryn.unp.edu.ar\/attachments\/article\/1008\/FICHA%20DE%20INSCRIPCI%C3%93N%20INTERINATOS.pdf\">Descargar<\/a><\/p>\n<h4>Presentaci\u00f3n de Programas<\/h4>\n<p>Formato vigente de Programa Asignaturas:\u00a0<a href=\"http:\/\/www.fcn.unp.edu.ar\/sitio\/dptobiologia\/wp-content\/uploads\/2015\/12\/FORMATO-Modelo-programa-2012.doc\">Descargar<\/a><\/p>\n<p>Resoluci\u00f3n sobre formatos de Programas: <a href=\"http:\/\/www.fcn.unp.edu.ar\/sitio\/dptobiologia\/wp-content\/uploads\/2015\/12\/RESOLUCION-325-12-FORMATO-PROGRAMAS.pdf\">Descargar<\/a><\/p>\n<p>Informe la modalidad de dictado para el ciclo lectivo 2019:\u00a0<a href=\"https:\/\/goo.gl\/forms\/hSq9Od62Mwqd7CtJ3\" target=\"_blank\" rel=\"noopener noreferrer\">AQUI<\/a><\/p>\n<h4>Licencias<\/h4>\n<p style=\"text-align: justify;\">Licencia Anual Ordinaria: <a href=\"http:\/\/www.fcn.unp.edu.ar\/sitio\/dptobiologia\/wp-content\/uploads\/2015\/12\/licencia-ordinaria.pdf\">Planilla<\/a><\/p>\n<p style=\"text-align: justify;\">Regimen de Licencias Ordinarias:\u00a0<a href=\"http:\/\/www.fcn.unp.edu.ar\/sitio\/dptobiologia\/wp-content\/uploads\/2015\/12\/Regimen-de-Licencias-Personal-DOCENTE-ordenanza151.pdf\">Ordenanza 151<\/a><\/p>\n<p style=\"text-align: justify;\"><span style=\"text-decoration: underline;\">Nota:<\/span> Las solicitudes de licencia extraordinaria se\u00a0debe redactar<br \/>\nnota de solicitud con 1 (UN) mes de anticipaci\u00f3n. No se completan en la planilla \u00abSolicitud de Licencia\u00bb, ya que esta corresponde a licencia anual ordinaria.<\/p>\n<p style=\"text-align: justify;\">Declaraci\u00f3n Jurada de Cargos: <a href=\"http:\/\/www.fcn.unp.edu.ar\/images\/formularios\/declaracion_jurada_de_cargos.doc\" target=\"_blank\" rel=\"noopener noreferrer\">AQUI<\/a><\/p>\n<h4>Indicadores de producci\u00f3n &#8211; Acreditaci\u00f3n<\/h4>\n<p style=\"text-align: justify;\">Los docentes deber\u00e1n informar sus actividades en un\u00a0formulario de datos <i>online <\/i>que cada docente del Departamento de Biolog\u00eda (de todas las carreras), sede Comodoro, deber\u00e1 completar con lo realizado en a\u00f1os 2013-2017<\/p>\n<p style=\"text-align: justify;\">La informaci\u00f3n solicitada permitir\u00e1 elaborar informes que aporten al componente del Programa de mejora aprobado y a requerimientos de CONEAU y SPU. Adem\u00e1s, nos permitir\u00e1 construir indicadores de producci\u00f3n que puedan ser utilizados tanto en an\u00e1lisis de \u00edndole individual, o analizado por dedicaci\u00f3n\/categor\u00eda docente, por carrera o a nivel departamento.<\/p>\n<p style=\"text-align: justify;\">Se sugiere que al momento de la carga de la informaci\u00f3n a la planilla cuente con CV a mano. El tiempo aproximado de carga de la\u00a0informaci\u00f3n\u00a0es variable, se estima entre 15-30 minutos. No\u00a0olvide al finalizar el formulario de hacer click en \u00abSubmit\u00bb.<\/p>\n<p><strong>Quienes deben completar estos formularios: <\/strong><strong>TODOS LOS DOCENTES DE LA LICENCIATURA EN CIENCIAS BIOL\u00d3GICAS<\/strong> (INCLUSO CON DESIGNACIONES RECIENTES) &#8211; Opcional otras carreras del Depto.<\/p>\n<p><strong>Fecha limite: <\/strong>MI\u00c9RCOLES 14\/02<\/p>\n<p><strong>Que necesitamos:<\/strong><\/p>\n<p><strong>PASO 1:<\/strong><strong>\u00a0<\/strong>Completar los siguientes formularios:<\/p>\n<p>Formulario sobre investigaci\u00f3n 2013 al 2015 (solo los que no la hayan completado):\u00a0<a href=\"https:\/\/goo.gl\/forms\/NiGQVWKfRxYs4FZr1\">https:\/\/goo.gl\/forms\/NiGQVWKfRxYs4FZr1<\/a><\/p>\n<p>Formulario sobre investigaci\u00f3n 2016 al 2017 (todos los docentes):\u00a0\u00a0<a href=\"https:\/\/goo.gl\/forms\/leXUMrhpSkRsEJOu2\">https:\/\/goo.gl\/forms\/leXUMrhpSkRsEJOu2<\/a><\/p>\n<p><strong>PASO 2:<\/strong>\u00a0Revisar la pagina web del departamento y revisar que el\u00a0<strong>listado de publicaciones en revistas\u00a0y proyectos<\/strong>\u00a0(Investigaci\u00f3n)\u00a0este ACTUALIZADO (<a href=\"http:\/\/www.fcn.unp.edu.ar\/sitio\/dptobiologia\">http:\/\/www.fcn.unp.edu.ar\/sitio\/dptobiologia<\/a>). Puede\u00a0realizar una<strong>\u00a0<\/strong>b\u00fasqueda (CONTROL + F) para facilitar la tarea. Si falta informaci\u00f3n se ruega enviarla al email:\u00a0biologiaunpsjb@gmail.com<\/p>\n<p><strong>PASO 3:<\/strong> Enviar copia de CV actualizado (preferentemente en PDF)\u00a0al email:\u00a0biologiaunpsjb@gmail.com<\/p>\n<p class=\"x_MsoNormal\" style=\"text-align: justify;\"><span style=\"color: #000000;\">Consejos para llenar el formulario:<br \/>\n<\/span><\/p>\n<div style=\"text-align: justify;\"><span style=\"color: #000000;\">\u00a0<\/span><\/div>\n<div>\n<ul>\n<li style=\"list-style-type: none;\">\n<ul>\n<li style=\"text-align: justify;\"><span style=\"color: #000000;\">Todos los docentes del depto. de\u00a0Biolog\u00eda, de esta sede deben completarlo.\u00a0<\/span><\/li>\n<\/ul>\n<\/li>\n<\/ul>\n<ul>\n<li style=\"list-style-type: none;\">\n<ul>\n<li style=\"text-align: justify;\"><span style=\"color: #000000;\">Si no han tenido producci\u00f3n en alguno o en varios\u00a0campos, deben colocar: 0\u00a0<\/span><\/li>\n<\/ul>\n<\/li>\n<\/ul>\n<ul>\n<li style=\"list-style-type: none;\">\n<ul>\n<li style=\"text-align: justify;\"><span style=\"color: #000000;\">Los docentes con dedicaciones compartidas y\/o cargos de diferente categor\u00eda, pueden marcar mas de un casillero\u00a0<\/span><\/li>\n<\/ul>\n<\/li>\n<\/ul>\n<ul>\n<li style=\"list-style-type: none;\">\n<ul>\n<li style=\"text-align: justify;\"><span style=\"color: #000000;\">Quienes enviaron el formulario completo y luego detectaron alg\u00fan error en el llenado, por favor remitan un correo para que podamos resolverlo. (Por ejemplo, si para 2013, en numero de publicaciones deb\u00eda completar 1 en lugar de 0, enviar un correo para que podamos reemplazarlo el cero por el uno).<br \/>\n<\/span><\/li>\n<\/ul>\n<\/li>\n<\/ul>\n<ul>\n<li style=\"list-style-type: none;\">\n<ul>\n<li style=\"text-align: justify;\"><span style=\"color: #000000;\">Recordar que, aunque hayan modificado su situaci\u00f3n laboral (CARGO O DEDICACI\u00d3N) en la instituci\u00f3n, es necesario contar con los datos de la actividad desarrollada por los colegas en 2013, 2014 y 2015<\/span><\/li>\n<\/ul>\n<\/li>\n<\/ul>\n<ul>\n<li style=\"text-align: justify;\">Por favor, se ruega respetar las categor\u00edas de Producci\u00f3n cient\u00edfica dispuestas en el formulario, ante cualquier duda puede consultar.<\/li>\n<\/ul>\n<h4>Programa Incentivos<\/h4>\n<p>Manual de incentivo vigente:\u00a0<a href=\"http:\/\/www.fcn.unp.edu.ar\/sitio\/dptobiologia\/wp-content\/uploads\/2015\/12\/manual-de-incentivos-docentes.pdf\">Descargar<\/a><\/p>\n<\/div>\n<h4>\u00a0Planes de estudio<\/h4>\n<p>Plan de estudio Licenciatura en Cs. Biol\u00f3gicas Nuevo:\u00a0<a href=\"http:\/\/www.fcn.unp.edu.ar\/sitio\/dptobiologia\/wp-content\/uploads\/2015\/12\/PlanEstudioLicCsBiologicas-Nuevo.pdf\">\u00a8Descargar<\/a><\/p>\n<h4>Solicitud de insumos laboratorios<\/h4>\n<p>Se considerar\u00e1n solo insumos de laboratorio de <strong>USO EXCLUSIVO en docencia<\/strong> y que haya faltante en el droguero del Depto. Biol. Gral. Ej: Drogas o Reactivos, material descartable (guantes\/hojas de bistur\u00ed\/etc.) \u00a0y\/o material de vidrio\/pl\u00e1stico (portaobjetos\/etc).\u00a0<u>Material de vidrio<\/u>: El pedido de material de vidrio general se realizar\u00e1 teniendo en cuenta las necesidades de todas las c\u00e1tedras y el stock actual en el Box del Laboratorio. La idea es reforzar con insumos corrientes el stock del Departamento y no dispersarlo en las diferentes c\u00e1tedras para optimizar y economizar gastos.<\/p>\n<p>Observaci\u00f3n: est\u00e9n atentos al pedido de reactivos que est\u00e9n inscriptas en SEDRONAR (ej. Alcohol et\u00edlico\/solventes) dado que luego tendr\u00e1n un seguimiento trimestral sobre su uso.<\/p>\n<p><strong>Fecha l\u00edmite de recepci\u00f3n del pedido: LUNES 13\/02 <\/strong><\/p>\n<p><strong>Para realizar el pedido complete el <a href=\"https:\/\/goo.gl\/forms\/YOOXn7yE263tOSfq2\">siguiente formulario<\/a> (siga las instrucciones provistas \u2013 No se aceptar\u00e1n otros soportes para el pedido)<\/strong><\/p>\n","protected":false},"excerpt":{"rendered":"<p>Fechas importantes: Calendario Acad\u00e9mico : Descargar Presentaci\u00f3n de programas anuales o 1\u00b0C: 05\/02 al 08\/03 Presentaci\u00f3n de programas 2\u00b0C: 01\/07 al 02\/08 Entrega conceptos: Vencimiento del plazo para solicitar evaluaci\u00f3n en Carrera Acad\u00e9mica: Informe Anual Docente (IAD) : LCB Electivas: Confirmaci\u00f3n de renovaci\u00f3n o electivas nuevas (OCT) Reuniones de CAZ (Biol): MARZO &#8211; AGOSTO &#8211; &hellip; <a href=\"https:\/\/www.fcn.unp.edu.ar\/dptobiologia\/index.php\/docentes\/\" class=\"more-link\">Seguir leyendo <span class=\"screen-reader-text\">Docentes<\/span> <span class=\"meta-nav\">&rarr;<\/span><\/a><\/p>\n","protected":false},"author":1,"featured_media":0,"parent":0,"menu_order":0,"comment_status":"closed","ping_status":"closed","template":"","meta":{"footnotes":""},"class_list":["post-7","page","type-page","status-publish","hentry"],"_links":{"self":[{"href":"https:\/\/www.fcn.unp.edu.ar\/dptobiologia\/index.php\/wp-json\/wp\/v2\/pages\/7","targetHints":{"allow":["GET"]}}],"collection":[{"href":"https:\/\/www.fcn.unp.edu.ar\/dptobiologia\/index.php\/wp-json\/wp\/v2\/pages"}],"about":[{"href":"https:\/\/www.fcn.unp.edu.ar\/dptobiologia\/index.php\/wp-json\/wp\/v2\/types\/page"}],"author":[{"embeddable":true,"href":"https:\/\/www.fcn.unp.edu.ar\/dptobiologia\/index.php\/wp-json\/wp\/v2\/users\/1"}],"replies":[{"embeddable":true,"href":"https:\/\/www.fcn.unp.edu.ar\/dptobiologia\/index.php\/wp-json\/wp\/v2\/comments?post=7"}],"version-history":[{"count":63,"href":"https:\/\/www.fcn.unp.edu.ar\/dptobiologia\/index.php\/wp-json\/wp\/v2\/pages\/7\/revisions"}],"predecessor-version":[{"id":619,"href":"https:\/\/www.fcn.unp.edu.ar\/dptobiologia\/index.php\/wp-json\/wp\/v2\/pages\/7\/revisions\/619"}],"wp:attachment":[{"href":"https:\/\/www.fcn.unp.edu.ar\/dptobiologia\/index.php\/wp-json\/wp\/v2\/media?parent=7"}],"curies":[{"name":"wp","href":"https:\/\/api.w.org\/{rel}","templated":true}]}}