{"id":9,"date":"2015-12-17T13:06:17","date_gmt":"2015-12-17T13:06:17","guid":{"rendered":"http:\/\/www.fcn.unp.edu.ar\/sitio\/dptobiologia\/?page_id=9"},"modified":"2016-11-29T11:57:28","modified_gmt":"2016-11-29T11:57:28","slug":"investigacion","status":"publish","type":"page","link":"https:\/\/www.fcn.unp.edu.ar\/dptobiologia\/index.php\/investigacion\/","title":{"rendered":"Investigaci\u00f3n"},"content":{"rendered":"<p>A continuaci\u00f3n se listan las diferentes lineas de investigaci\u00f3n de los docentes del Depto de Biologia y Ambiente.<\/p>\n<table width=\"1417\">\n<tbody>\n<tr>\n<td width=\"622\"><strong>Lineas de investigaci\u00f3n<\/strong><\/td>\n<td width=\"282\"><strong>Investigador<\/strong><\/td>\n<td width=\"513\"><strong>Contacto<\/strong><\/td>\n<\/tr>\n<tr>\n<td width=\"622\">Algas marinas<\/td>\n<td width=\"282\">Lic. Victoria Alvarez<\/td>\n<td width=\"513\">marivikalvarez@gmail.com<\/td>\n<\/tr>\n<tr>\n<td width=\"622\">Anatom\u00eda vegetal &#8211; Microhistolog\u00eda<\/td>\n<td width=\"282\">Dra.\u00a0Sandra M, Feij\u00f3o<\/td>\n<td width=\"513\"><a href=\"mailto:sandrafe@speedy.com.ar%20154167673\">sandrafe@speedy.com.ar<\/a><\/td>\n<\/tr>\n<tr>\n<td width=\"622\">Anatom\u00eda vegetal &#8211; Plantas Medicinales<\/td>\n<td width=\"282\">Prof. Roxana Peneff<\/td>\n<td width=\"513\">lyr3@speedy.com.ar<\/td>\n<\/tr>\n<tr>\n<td width=\"622\"><\/td>\n<td width=\"513\"><\/td>\n<\/tr>\n<tr>\n<td width=\"622\">Biodiversidad &#8211; Ecolog\u00eda<\/td>\n<td width=\"282\">Prof. maria Yepes<\/td>\n<td width=\"513\"><a href=\"mailto:msyepes@yahoo.com\">msyepes@yahoo.com<\/a><\/td>\n<\/tr>\n<tr>\n<td width=\"622\">Biodiversidad &#8211; Ecolog\u00eda marina<\/td>\n<td width=\"282\">Mag. A. Gonzalez<\/td>\n<td width=\"513\"><a href=\"mailto:gonzalez_rt@hotmail.com\">gonzalez_rt@hotmail.com<\/a><\/td>\n<\/tr>\n<tr>\n<td width=\"622\">Bioecolog\u00eda marina bent\u00f3nica<\/td>\n<td width=\"282\">Lic. M. Riera<\/td>\n<td width=\"513\">marina_riera16@hotmail.com<\/td>\n<\/tr>\n<tr>\n<td width=\"622\">Biolog\u00eda de peces marinos<\/td>\n<td width=\"282\">Lic. M. Marcinkevicius<\/td>\n<td width=\"513\">msmarcin@gmail.com<\/td>\n<\/tr>\n<tr>\n<td width=\"622\"><\/td>\n<td width=\"513\"><\/td>\n<\/tr>\n<tr>\n<td width=\"622\">Biolog\u00eda reproductiva de plantas &#8211; Biodiversidad<\/td>\n<td width=\"282\">Dra. Maria E. Arce<\/td>\n<td width=\"513\">arcear@yahoo.com.ar\u00a0 Box 373<\/td>\n<\/tr>\n<tr>\n<td width=\"622\">Biolog\u00eda y ecolog\u00eda de crust\u00e1ceos dec\u00e1podos<\/td>\n<td width=\"282\">Dr. Martin Varisco<\/td>\n<td width=\"513\"><a href=\"mailto:martinvarisco@hotmail.com\">martinvarisco@hotmail.com<\/a><\/td>\n<\/tr>\n<tr>\n<td width=\"622\">Biolog\u00eda y ecolog\u00eda de equinodermos y moluscos<\/td>\n<td width=\"282\">Dr. Dami\u00e1n G. Gil<\/td>\n<td width=\"513\"><a href=\"mailto:gil_damian@hotmail.com\">gil_damian@hotmail.com<\/a><\/td>\n<\/tr>\n<tr>\n<td width=\"622\">Caracterizaci\u00f3n ambiental de los mallines en Patagonia<\/td>\n<td width=\"282\">Mag. G. Mendos<\/td>\n<td width=\"513\">mendos_mg@hotmail.com<\/td>\n<\/tr>\n<tr>\n<td width=\"622\">Cianobacterias: sistem\u00e1tica y ecolog\u00eda<\/td>\n<td width=\"282\">Mag. Hilda Zalazar<\/td>\n<td width=\"513\"><a href=\"mailto:hildazalazar@sinectis.com.ar\">hildazalazar@sinectis.com.ar<\/a><\/td>\n<\/tr>\n<tr>\n<td width=\"622\">Citogen\u00e9tica &#8211; Marcadores moleculares<\/td>\n<td width=\"282\">Mag. Elena Gonzalez<\/td>\n<td width=\"513\"><a href=\"mailto:piuquen10@yahoo.com.ar%20154124564\">piuquen10@yahoo.com.ar<\/a><\/td>\n<\/tr>\n<tr>\n<td width=\"622\">Cultivo <em>in vitro<\/em><\/td>\n<td width=\"282\">Mag. A. Berastegui<\/td>\n<td width=\"513\"><a href=\"mailto:microveg@unpata.edu.ar\">microveg@unpata.edu.ar<\/a><\/td>\n<\/tr>\n<tr>\n<td width=\"622\">Didactica espec\u00edfica de las Cs. Biol\u00f3gicas<\/td>\n<td width=\"282\">Prof. M. Benitez<\/td>\n<td width=\"513\"><a href=\"mailto:mirtabenitez2003@yahoo.com.ar\">mirtabenitez2003@yahoo.com.ar<\/a><\/td>\n<\/tr>\n<tr>\n<td width=\"622\">Dinosaurios de Cret\u00e1cico del Sur del Chubut<\/td>\n<td width=\"282\">Dr. Ruben Martinez<\/td>\n<td width=\"513\"><a href=\"mailto:rdfmartinez@yahoo.com\">rdfmartinez@yahoo.com<\/a><\/td>\n<\/tr>\n<tr>\n<td width=\"622\">Ecofisiolog\u00eda de plantas &#8211; Ecohidrolog\u00eda<\/td>\n<td width=\"282\">Dr. F. Scholz<\/td>\n<td width=\"513\"><a href=\"mailto:fgscholz@yahoo.com.ar%20%20154327152%20Box%20374\">fgscholz@yahoo.com.ar\u00a0 Box 374<\/a><\/td>\n<\/tr>\n<tr>\n<td width=\"622\">Ecofisiolog\u00eda de plantas &#8211; Bosque andino patag\u00f3nico<\/td>\n<td width=\"282\">Dra. A. Garr\u00e9<\/td>\n<td width=\"513\">analia_garre@hotmail.com Box 374<\/td>\n<\/tr>\n<tr>\n<td width=\"622\">Ecolog\u00eda bent\u00f3nica &#8211; Cirripedios<\/td>\n<td width=\"282\">Lic. P. Lanas<\/td>\n<td width=\"513\"><a href=\"mailto:paolalanas@uolsinectis.com\">paolalanas@uolsinectis.com<\/a><\/td>\n<\/tr>\n<tr>\n<td width=\"622\">Ecolog\u00eda de zonas \u00e1ridas &#8211; Teledetecci\u00f3n<\/td>\n<td width=\"282\">Dra. Barbara Rueter<\/td>\n<td width=\"513\"><a href=\"mailto:barbararue@yahoo.com.ar\">barbararue@yahoo.com.ar<\/a><\/td>\n<\/tr>\n<tr>\n<td width=\"622\">Ecolog\u00eda marina\u00a0 &#8211; Cultivo<em> in vitro: <\/em>microalgas-plantas<\/td>\n<td width=\"282\">Mag. Susana Perales<\/td>\n<td width=\"513\"><a href=\"mailto:peralessusana2@gmail.com\">peralessusana2@gmail.com<\/a><\/td>\n<\/tr>\n<tr>\n<td width=\"622\">Estudio biol\u00f3gico de especies potencialmente cultivables<\/td>\n<td width=\"282\">Dra. A. Rico<\/td>\n<td width=\"513\"><a href=\"mailto:aliciarico@yahoo.com.ar\">aliciarico@yahoo.com.ar<\/a><\/td>\n<\/tr>\n<tr>\n<td width=\"622\">Estudios sociales de la ciencia y la tecnolog\u00eda<\/td>\n<td width=\"282\">Prof. Cristian Silva<\/td>\n<td width=\"513\">silva_cristian@live.com.ar<\/td>\n<\/tr>\n<tr>\n<td width=\"622\">Fisiolog\u00eda del estr\u00e9s en plantas nativas y cultivables<\/td>\n<td width=\"282\">Dra. Nadia Arias<\/td>\n<td width=\"513\"><a href=\"mailto:ns_arias@yahoo.com.ar%20Box%20375%20GEBEF\">ns_arias@yahoo.com.ar Box 375<\/a><\/td>\n<\/tr>\n<tr>\n<td width=\"622\">Fitoplancton &#8211; Microalgas<\/td>\n<td width=\"282\">Mag. L. P\u00e9rez<\/td>\n<td width=\"513\"><a href=\"mailto:perezlulib@yahoo.com.ar\">perezlulib@yahoo.com.ar<\/a><\/td>\n<\/tr>\n<tr>\n<td width=\"622\">Fitorremediaci\u00f3n &#8211; Petr\u00f3leo<\/td>\n<td width=\"282\">Mag. Vivien Pentreath<\/td>\n<td width=\"513\"><a href=\"mailto:vivienpentreath@yahoo.com.ar\">vivienpentreath@yahoo.com.ar<\/a><\/td>\n<\/tr>\n<tr>\n<td width=\"622\">Leguminosas patag\u00f3nicas<\/td>\n<td width=\"282\">Dra. M. Stronati<\/td>\n<td width=\"513\"><a href=\"mailto:strom@unpata.edu.ar\">strom@unpata.edu.ar<\/a><\/td>\n<\/tr>\n<tr>\n<td width=\"622\">Malacolog\u00eda y acuicultura<\/td>\n<td width=\"282\">Lic. Javier Tolosano<\/td>\n<td width=\"513\">javiertolosano@gmail.com<\/td>\n<\/tr>\n<tr>\n<td width=\"622\">Malacolog\u00eda y gen\u00e9tica<\/td>\n<td width=\"282\">Lic. Paula Stoyanoff<\/td>\n<td width=\"513\">stoyanoff.paula@gmail.com<\/td>\n<\/tr>\n<tr>\n<td width=\"622\">Ornitolog\u00eda<\/td>\n<td width=\"282\">Lic. E. Laztra<\/td>\n<td width=\"513\"><a href=\"mailto:murgamg@yahoo.com.ar\/elaztra@gmail.com\">elaztra@gmail.com<\/a><\/td>\n<\/tr>\n<tr>\n<td width=\"622\">Plantas medicinales &#8211; Etnobot\u00e1nica<\/td>\n<td width=\"282\">Prof. E. Barrientos<\/td>\n<td width=\"513\">elrio@uolsinectis.com.ar<\/td>\n<\/tr>\n<tr>\n<td width=\"622\">Plantas medicinales &#8211; Fitoqu\u00edmica<\/td>\n<td width=\"282\">Dra. A. Gratti<\/td>\n<td width=\"513\"><a href=\"mailto:agratti@unpata.edu.ar\">agratti@unpata.edu.ar<\/a><\/td>\n<\/tr>\n<\/tbody>\n<\/table>\n","protected":false},"excerpt":{"rendered":"<p>A continuaci\u00f3n se listan las diferentes lineas de investigaci\u00f3n de los docentes del Depto de Biologia y Ambiente. Lineas de investigaci\u00f3n Investigador Contacto Algas marinas Lic. Victoria Alvarez marivikalvarez@gmail.com Anatom\u00eda vegetal &#8211; Microhistolog\u00eda Dra.\u00a0Sandra M, Feij\u00f3o sandrafe@speedy.com.ar Anatom\u00eda vegetal &#8211; Plantas Medicinales Prof. Roxana Peneff lyr3@speedy.com.ar Biodiversidad &#8211; Ecolog\u00eda Prof. maria Yepes msyepes@yahoo.com Biodiversidad &#8211; &hellip; <a href=\"https:\/\/www.fcn.unp.edu.ar\/dptobiologia\/index.php\/investigacion\/\" class=\"more-link\">Seguir leyendo <span class=\"screen-reader-text\">Investigaci\u00f3n<\/span> <span class=\"meta-nav\">&rarr;<\/span><\/a><\/p>\n","protected":false},"author":1,"featured_media":0,"parent":0,"menu_order":0,"comment_status":"closed","ping_status":"closed","template":"","meta":{"footnotes":""},"class_list":["post-9","page","type-page","status-publish","hentry"],"_links":{"self":[{"href":"https:\/\/www.fcn.unp.edu.ar\/dptobiologia\/index.php\/wp-json\/wp\/v2\/pages\/9","targetHints":{"allow":["GET"]}}],"collection":[{"href":"https:\/\/www.fcn.unp.edu.ar\/dptobiologia\/index.php\/wp-json\/wp\/v2\/pages"}],"about":[{"href":"https:\/\/www.fcn.unp.edu.ar\/dptobiologia\/index.php\/wp-json\/wp\/v2\/types\/page"}],"author":[{"embeddable":true,"href":"https:\/\/www.fcn.unp.edu.ar\/dptobiologia\/index.php\/wp-json\/wp\/v2\/users\/1"}],"replies":[{"embeddable":true,"href":"https:\/\/www.fcn.unp.edu.ar\/dptobiologia\/index.php\/wp-json\/wp\/v2\/comments?post=9"}],"version-history":[{"count":3,"href":"https:\/\/www.fcn.unp.edu.ar\/dptobiologia\/index.php\/wp-json\/wp\/v2\/pages\/9\/revisions"}],"predecessor-version":[{"id":211,"href":"https:\/\/www.fcn.unp.edu.ar\/dptobiologia\/index.php\/wp-json\/wp\/v2\/pages\/9\/revisions\/211"}],"wp:attachment":[{"href":"https:\/\/www.fcn.unp.edu.ar\/dptobiologia\/index.php\/wp-json\/wp\/v2\/media?parent=9"}],"curies":[{"name":"wp","href":"https:\/\/api.w.org\/{rel}","templated":true}]}}