{"id":236,"date":"2023-07-04T17:17:51","date_gmt":"2023-07-04T20:17:51","guid":{"rendered":"http:\/\/www.fcn.unp.edu.ar\/sitio\/epistemologia\/?page_id=236"},"modified":"2024-07-30T10:19:09","modified_gmt":"2024-07-30T13:19:09","slug":"presentacion-de-la-catedra","status":"publish","type":"page","link":"https:\/\/www.fcn.unp.edu.ar\/epistemologia\/index.php\/presentacion-de-la-catedra\/","title":{"rendered":"Presentaci\u00f3n"},"content":{"rendered":"\n<ul class=\"wp-block-list\">\n<li style=\"font-size:clamp(14px, 0.875rem + ((1vw - 3.2px) * 0.568), 19px);\">La c\u00e1tedra de Epistemolog\u00eda y Metodolog\u00eda de la Investigaci\u00f3n Cient\u00edfica y Tecnol\u00f3gica pertenece al Departamento de Farmacia, Facultad de Ciencias Naturales y Ciencias de la Salud (FCNyCS), de la Universidad Nacional de la Patagonia San Juan Bosco (UNPSJB). <\/li>\n\n\n\n<li>La asignatura forma parte del plan de estudio de las carreras <strong>Farmacia <\/strong>y <strong>Bioqu\u00edmica<\/strong>, y del plan de estudios anterior de Licenciatura en Qu\u00edmica y Geolog\u00eda, todas carreras de la FCNyCS, Sede Comodoro Rivadavia.<\/li>\n\n\n\n<li>Es una asignatura cuatrimestral de 60 de carga horaria total, dictada en el segundo cuatrimestre del ciclo lectivo.<\/li>\n<\/ul>\n\n\n\n<p><strong>HORARIOS DE CURSADA 2024:<\/strong><\/p>\n\n\n\n<ul class=\"wp-block-list\">\n<li>Lunes 10 a 12 h, aula 301<\/li>\n\n\n\n<li>Mi\u00e9rcoles 10 a 12 h, aula 13<\/li>\n<\/ul>\n\n\n\n<p><\/p>\n","protected":false},"excerpt":{"rendered":"<p>HORARIOS DE CURSADA 2024:<\/p>\n","protected":false},"author":2,"featured_media":0,"parent":0,"menu_order":0,"comment_status":"closed","ping_status":"closed","template":"","meta":{"footnotes":""},"class_list":["post-236","page","type-page","status-publish","hentry"],"_links":{"self":[{"href":"https:\/\/www.fcn.unp.edu.ar\/epistemologia\/index.php\/wp-json\/wp\/v2\/pages\/236","targetHints":{"allow":["GET"]}}],"collection":[{"href":"https:\/\/www.fcn.unp.edu.ar\/epistemologia\/index.php\/wp-json\/wp\/v2\/pages"}],"about":[{"href":"https:\/\/www.fcn.unp.edu.ar\/epistemologia\/index.php\/wp-json\/wp\/v2\/types\/page"}],"author":[{"embeddable":true,"href":"https:\/\/www.fcn.unp.edu.ar\/epistemologia\/index.php\/wp-json\/wp\/v2\/users\/2"}],"replies":[{"embeddable":true,"href":"https:\/\/www.fcn.unp.edu.ar\/epistemologia\/index.php\/wp-json\/wp\/v2\/comments?post=236"}],"version-history":[{"count":7,"href":"https:\/\/www.fcn.unp.edu.ar\/epistemologia\/index.php\/wp-json\/wp\/v2\/pages\/236\/revisions"}],"predecessor-version":[{"id":340,"href":"https:\/\/www.fcn.unp.edu.ar\/epistemologia\/index.php\/wp-json\/wp\/v2\/pages\/236\/revisions\/340"}],"wp:attachment":[{"href":"https:\/\/www.fcn.unp.edu.ar\/epistemologia\/index.php\/wp-json\/wp\/v2\/media?parent=236"}],"curies":[{"name":"wp","href":"https:\/\/api.w.org\/{rel}","templated":true}]}}