{"id":14,"date":"2016-08-26T16:01:44","date_gmt":"2016-08-26T16:01:44","guid":{"rendered":"http:\/\/www.fcn.unp.edu.ar\/sitio\/genetica\/?page_id=14"},"modified":"2019-08-08T21:32:23","modified_gmt":"2019-08-08T21:32:23","slug":"horarios-de-cursada-ciclo-lectivo-2017","status":"publish","type":"page","link":"https:\/\/www.fcn.unp.edu.ar\/genetica\/index.php\/horarios-de-cursada-ciclo-lectivo-2017\/","title":{"rendered":"Horarios de cursada &#8211; Ciclo lectivo 2019"},"content":{"rendered":"<div><span style=\"text-decoration: underline;\">Horarios de cursada<\/span><\/div>\n<div><\/div>\n<div><strong>Teor\u00edas:<\/strong> Mi\u00e9rcoles de 10 a 12 hs. (Clases No obligatorias). AULA 12<\/div>\n<div><strong>Trabajos Pr\u00e1cticos:<\/strong> Viernes de 17-20 hs. Clases obligatorias.&nbsp;Viernes 16:30-18.30 hs (comisi\u00f3n A); 18:30-20:30 hs (comisi\u00f3n B). Asistencia obligatoria. LABORATORIOS DE BIOLOGIA O AULA 203 SEG\u00daN EL TP.<\/div>\n<div><\/div>\n","protected":false},"excerpt":{"rendered":"<p>Horarios de cursada Teor\u00edas: Mi\u00e9rcoles de 10 a 12 hs. (Clases No obligatorias). AULA 12 Trabajos Pr\u00e1cticos: Viernes de 17-20 hs. Clases obligatorias.&nbsp;Viernes 16:30-18.30 hs (comisi\u00f3n A); 18:30-20:30 hs (comisi\u00f3n B). Asistencia obligatoria. LABORATORIOS DE BIOLOGIA O AULA 203 SEG\u00daN EL TP.<\/p>\n","protected":false},"author":1,"featured_media":0,"parent":0,"menu_order":0,"comment_status":"closed","ping_status":"closed","template":"","meta":{"footnotes":""},"class_list":["post-14","page","type-page","status-publish","hentry"],"_links":{"self":[{"href":"https:\/\/www.fcn.unp.edu.ar\/genetica\/index.php\/wp-json\/wp\/v2\/pages\/14","targetHints":{"allow":["GET"]}}],"collection":[{"href":"https:\/\/www.fcn.unp.edu.ar\/genetica\/index.php\/wp-json\/wp\/v2\/pages"}],"about":[{"href":"https:\/\/www.fcn.unp.edu.ar\/genetica\/index.php\/wp-json\/wp\/v2\/types\/page"}],"author":[{"embeddable":true,"href":"https:\/\/www.fcn.unp.edu.ar\/genetica\/index.php\/wp-json\/wp\/v2\/users\/1"}],"replies":[{"embeddable":true,"href":"https:\/\/www.fcn.unp.edu.ar\/genetica\/index.php\/wp-json\/wp\/v2\/comments?post=14"}],"version-history":[{"count":7,"href":"https:\/\/www.fcn.unp.edu.ar\/genetica\/index.php\/wp-json\/wp\/v2\/pages\/14\/revisions"}],"predecessor-version":[{"id":263,"href":"https:\/\/www.fcn.unp.edu.ar\/genetica\/index.php\/wp-json\/wp\/v2\/pages\/14\/revisions\/263"}],"wp:attachment":[{"href":"https:\/\/www.fcn.unp.edu.ar\/genetica\/index.php\/wp-json\/wp\/v2\/media?parent=14"}],"curies":[{"name":"wp","href":"https:\/\/api.w.org\/{rel}","templated":true}]}}