{"id":287,"date":"2020-03-30T20:22:16","date_gmt":"2020-03-30T20:22:16","guid":{"rendered":"http:\/\/www.fcn.unp.edu.ar\/sitio\/microgeneral\/?page_id=287"},"modified":"2020-03-30T20:22:16","modified_gmt":"2020-03-30T20:22:16","slug":"teoricos","status":"publish","type":"page","link":"https:\/\/www.fcn.unp.edu.ar\/microgeneral\/index.php\/teoricos\/","title":{"rendered":"Te\u00f3ricos"},"content":{"rendered":"\n<p>Estoy a sus disposici\u00f3n para consultas los d\u00edas jueves  skype en la siguiente direcci\u00f3n   Graciela Pucci todos los jueves de 11 hasta las 12,15h o por correo electr\u00f3nico, ceima@unpata.edu.ar<\/p>\n\n\n\n<p>Nos mudamos, las clases correspondiente a esta semana: Tema 4: FISIOLOG\u00cdA, METABOLISMO Y BIOS\u00cdNTESIS y Tema\u00a0\u00a05: NUTRICI\u00d3N, CULTIVO Y RECUENTO BACTERIANO \u00a0 est\u00e1n disponibles. Tiene que entrar a la p\u00e1gina de la universidad, campus virtual (aclaraci\u00f3n MICROBIOLOG\u00cdA) y se registran como alumnos. Dado que se puede subir videos de baja peso, son clases muy escuetas por eso se les sugiere leer los correspondientes capitulo del Brock Biolog\u00eda delos microorganismos y los jueves hacemos clase de consulta. Esta modalidad es nueva para la c\u00e1tedra , sepan disculpar las desprolijidades.<\/p>\n\n\n\n<p>Un cordial saludos<\/p>\n\n\n\n<p>Dra Graciela Pucci<\/p>\n","protected":false},"excerpt":{"rendered":"<p>Estoy a sus disposici\u00f3n para consultas los d\u00edas jueves skype en la siguiente direcci\u00f3n Graciela Pucci todos los jueves de 11 hasta las 12,15h o por correo electr\u00f3nico, ceima@unpata.edu.ar Nos mudamos, las clases correspondiente a esta semana: Tema 4: FISIOLOG\u00cdA, METABOLISMO Y BIOS\u00cdNTESIS y Tema\u00a0\u00a05: NUTRICI\u00d3N, CULTIVO Y RECUENTO BACTERIANO \u00a0 est\u00e1n disponibles. Tiene que &hellip; <a href=\"https:\/\/www.fcn.unp.edu.ar\/microgeneral\/index.php\/teoricos\/\" class=\"more-link\">Continuar leyendo<span class=\"screen-reader-text\"> \u00abTe\u00f3ricos\u00bb<\/span><\/a><\/p>\n","protected":false},"author":1,"featured_media":0,"parent":0,"menu_order":0,"comment_status":"closed","ping_status":"closed","template":"","meta":{"footnotes":""},"class_list":["post-287","page","type-page","status-publish","hentry"],"_links":{"self":[{"href":"https:\/\/www.fcn.unp.edu.ar\/microgeneral\/index.php\/wp-json\/wp\/v2\/pages\/287","targetHints":{"allow":["GET"]}}],"collection":[{"href":"https:\/\/www.fcn.unp.edu.ar\/microgeneral\/index.php\/wp-json\/wp\/v2\/pages"}],"about":[{"href":"https:\/\/www.fcn.unp.edu.ar\/microgeneral\/index.php\/wp-json\/wp\/v2\/types\/page"}],"author":[{"embeddable":true,"href":"https:\/\/www.fcn.unp.edu.ar\/microgeneral\/index.php\/wp-json\/wp\/v2\/users\/1"}],"replies":[{"embeddable":true,"href":"https:\/\/www.fcn.unp.edu.ar\/microgeneral\/index.php\/wp-json\/wp\/v2\/comments?post=287"}],"version-history":[{"count":1,"href":"https:\/\/www.fcn.unp.edu.ar\/microgeneral\/index.php\/wp-json\/wp\/v2\/pages\/287\/revisions"}],"predecessor-version":[{"id":288,"href":"https:\/\/www.fcn.unp.edu.ar\/microgeneral\/index.php\/wp-json\/wp\/v2\/pages\/287\/revisions\/288"}],"wp:attachment":[{"href":"https:\/\/www.fcn.unp.edu.ar\/microgeneral\/index.php\/wp-json\/wp\/v2\/media?parent=287"}],"curies":[{"name":"wp","href":"https:\/\/api.w.org\/{rel}","templated":true}]}}