{"id":6,"date":"2017-02-10T16:56:58","date_gmt":"2017-02-10T16:56:58","guid":{"rendered":"http:\/\/www.fcn.unp.edu.ar\/sitio\/microgeneral\/?page_id=6"},"modified":"2020-02-13T12:15:45","modified_gmt":"2020-02-13T12:15:45","slug":"trabajos-practicos","status":"publish","type":"page","link":"https:\/\/www.fcn.unp.edu.ar\/microgeneral\/index.php\/trabajos-practicos\/","title":{"rendered":"Trabajos Pr\u00e1cticos"},"content":{"rendered":"<p><a href=\"http:\/\/www.fcn.unp.edu.ar\/sitio\/microgeneral\/wp-content\/uploads\/2019\/03\/Reglamento-MG-2019.pdf\">*-Reglamento MG 2019<\/a><\/p>\n<p><a href=\"http:\/\/www.fcn.unp.edu.ar\/sitio\/microgeneral\/wp-content\/uploads\/2019\/03\/01-INTR-MICROBIOL.pdf\">01-INTRODUCCI\u00d3N<\/a><\/p>\n<p><a href=\"http:\/\/www.fcn.unp.edu.ar\/sitio\/microgeneral\/wp-content\/uploads\/2019\/03\/Redacci\u00f3n-de-informe-2019.pdf\">00-Redacci\u00f3n de informe 2020<\/a><\/p>\n<p><a href=\"http:\/\/www.fcn.unp.edu.ar\/sitio\/microgeneral\/wp-content\/uploads\/2017\/02\/02-MICROSCOPIA.pdf\">02-MICROSCOP\u00cdA<\/a><\/p>\n<p><a href=\"http:\/\/www.fcn.unp.edu.ar\/sitio\/microgeneral\/wp-content\/uploads\/2017\/02\/03-COLORACIONES.pdf\">03-COLORACIONES<\/a><\/p>\n<p><a href=\"http:\/\/www.fcn.unp.edu.ar\/sitio\/microgeneral\/wp-content\/uploads\/2017\/02\/03-b-ESTERILIZACI\u00d3N-2017.pdf\">03-ESTERILIZACI\u00d3N<\/a><\/p>\n<p><a href=\"http:\/\/www.fcn.unp.edu.ar\/sitio\/microgeneral\/wp-content\/uploads\/2017\/02\/03-COLORACIONES.pdf\">04-<\/a><a href=\"http:\/\/www.fcn.unp.edu.ar\/sitio\/microgeneral\/wp-content\/uploads\/2017\/02\/04-CULTIVO-DE-BACTERIAS.pdf\">CULTIVO DE BACTERIAS<\/a><\/p>\n<p><a href=\"http:\/\/www.fcn.unp.edu.ar\/sitio\/microgeneral\/wp-content\/uploads\/2017\/02\/06-RECUENTOS-2017.pdf\">06-RECUENTOS<\/a><\/p>\n<p><a href=\"http:\/\/www.fcn.unp.edu.ar\/sitio\/microgeneral\/wp-content\/uploads\/2017\/02\/07-Metabolismo-Identificacion-y-taxonom\u00eda.pdf\">07-METABOLISMO, IDENTIFICACI\u00d3N Y TAXONOM\u00cdA<\/a><\/p>\n<p><a href=\"http:\/\/www.fcn.unp.edu.ar\/sitio\/microgeneral\/wp-content\/uploads\/2020\/02\/08-MICOLOGIAACTUALIZADO.docx\">08-MICOLOG\u00cdA<\/a><\/p>\n<p><a href=\"http:\/\/www.fcn.unp.edu.ar\/sitio\/microgeneral\/wp-content\/uploads\/2017\/02\/09-Determinaci\u00f3n-de-la-sensibilidad-de-un-microorganismo-a-agentes-con-bioactividad-por-los-m\u00e9todos-de-difusi\u00f3n-en-agar.pdf\">09-SENSIBILIDAD ANTIBI\u00d3TICA<\/a><\/p>\n<p><a href=\"http:\/\/www.fcn.unp.edu.ar\/sitio\/microgeneral\/wp-content\/uploads\/2020\/02\/KITS-COMERCIALES-2020.docx\">10-KITS COMERCIALES <\/a><\/p>\n<p><a href=\"http:\/\/www.fcn.unp.edu.ar\/sitio\/microgeneral\/wp-content\/uploads\/2017\/02\/10-anexo-MEDIOS-DE-CULTIVO.pdf\">11- anexo -MEDIOS DE CULTIVO<\/a><\/p>\n\n\n<p><\/p>\n","protected":false},"excerpt":{"rendered":"<p>*-Reglamento MG 2019 01-INTRODUCCI\u00d3N 00-Redacci\u00f3n de informe 2020 02-MICROSCOP\u00cdA 03-COLORACIONES 03-ESTERILIZACI\u00d3N 04-CULTIVO DE BACTERIAS 06-RECUENTOS 07-METABOLISMO, IDENTIFICACI\u00d3N Y TAXONOM\u00cdA 08-MICOLOG\u00cdA 09-SENSIBILIDAD ANTIBI\u00d3TICA 10-KITS COMERCIALES 11- anexo -MEDIOS DE CULTIVO<\/p>\n","protected":false},"author":1,"featured_media":0,"parent":0,"menu_order":0,"comment_status":"closed","ping_status":"closed","template":"","meta":{"footnotes":""},"class_list":["post-6","page","type-page","status-publish","hentry"],"_links":{"self":[{"href":"https:\/\/www.fcn.unp.edu.ar\/microgeneral\/index.php\/wp-json\/wp\/v2\/pages\/6","targetHints":{"allow":["GET"]}}],"collection":[{"href":"https:\/\/www.fcn.unp.edu.ar\/microgeneral\/index.php\/wp-json\/wp\/v2\/pages"}],"about":[{"href":"https:\/\/www.fcn.unp.edu.ar\/microgeneral\/index.php\/wp-json\/wp\/v2\/types\/page"}],"author":[{"embeddable":true,"href":"https:\/\/www.fcn.unp.edu.ar\/microgeneral\/index.php\/wp-json\/wp\/v2\/users\/1"}],"replies":[{"embeddable":true,"href":"https:\/\/www.fcn.unp.edu.ar\/microgeneral\/index.php\/wp-json\/wp\/v2\/comments?post=6"}],"version-history":[{"count":11,"href":"https:\/\/www.fcn.unp.edu.ar\/microgeneral\/index.php\/wp-json\/wp\/v2\/pages\/6\/revisions"}],"predecessor-version":[{"id":276,"href":"https:\/\/www.fcn.unp.edu.ar\/microgeneral\/index.php\/wp-json\/wp\/v2\/pages\/6\/revisions\/276"}],"wp:attachment":[{"href":"https:\/\/www.fcn.unp.edu.ar\/microgeneral\/index.php\/wp-json\/wp\/v2\/media?parent=6"}],"curies":[{"name":"wp","href":"https:\/\/api.w.org\/{rel}","templated":true}]}}