{"id":2,"date":"2015-09-30T15:08:09","date_gmt":"2015-09-30T15:08:09","guid":{"rendered":"http:\/\/www.fcn.unp.edu.ar\/sitio\/naturalia\/?page_id=2"},"modified":"2025-12-24T02:54:45","modified_gmt":"2025-12-24T02:54:45","slug":"pagina-ejemplo","status":"publish","type":"page","link":"https:\/\/www.fcn.unp.edu.ar\/naturalia\/index.php\/pagina-ejemplo\/","title":{"rendered":"Nuevos n\u00fameros de la revista"},"content":{"rendered":"\n<div class=\"wp-block-query is-layout-flow wp-block-query-is-layout-flow\">\n<div class=\"wp-block-group\"><div class=\"wp-block-group__inner-container is-layout-constrained wp-block-group-is-layout-constrained\"><ul class=\"wp-block-post-template is-layout-flow wp-block-post-template-is-layout-flow\"><li class=\"wp-block-post post-603 post type-post status-publish format-standard has-post-thumbnail hentry\">\n<h2 class=\"wp-block-post-title\"><a href=\"https:\/\/www.fcn.unp.edu.ar\/naturalia\/index.php\/2025\/12\/24\/naturalia-volumen-21\/\" target=\"_self\" >Naturalia Patag\u00f3nica Volumen 21 &#8211; 2025<\/a><\/h2>\n\n<div class=\"entry-content wp-block-post-content is-layout-flow wp-block-post-content-is-layout-flow\">\n<p><strong>Estimados lectores<\/strong><\/p>\n\n\n\n<p><strong>Con esta publicaci\u00f3n se realiza la entrega del Volumen 21 de nuestra revista&nbsp;<em>Naturalia Patag\u00f3nica<\/em>, desde su relanzamiento en el a\u00f1o 2002. Este n\u00famero incluye cuatro art\u00edculos originales y tres res\u00famenes de tesis doctorales realizados por docentes e investigadores de nuestra Facultad.<\/strong><\/p>\n\n\n\n<p><strong>Agradecemos desde ya el trabajo y la decisi\u00f3n de los investigadores de optar por nuestra revista para la publicaci\u00f3n de sus investigaciones.&nbsp;<\/strong><\/p>\n\n\n\n<div data-wp-interactive=\"core\/file\" class=\"wp-block-file\"><object data-wp-bind--hidden=\"!state.hasPdfPreview\" hidden class=\"wp-block-file__embed\" data=\"https:\/\/www.fcn.unp.edu.ar\/sitio\/naturalia\/wp-content\/uploads\/2025\/12\/NATURALIA-patagonica-Vol-21-2025.pdf\" type=\"application\/pdf\" style=\"width:100%;height:600px\" aria-label=\"Incrustado de NATURALIA patagonica -Vol 21 -2025.\"><\/object><a id=\"wp-block-file--media-049f0297-7df6-41a7-85c6-5b5bad368751\" href=\"https:\/\/www.fcn.unp.edu.ar\/sitio\/naturalia\/wp-content\/uploads\/2025\/12\/NATURALIA-patagonica-Vol-21-2025.pdf\">NATURALIA patagonica -Vol 21 -2025<\/a><a href=\"https:\/\/www.fcn.unp.edu.ar\/sitio\/naturalia\/wp-content\/uploads\/2025\/12\/NATURALIA-patagonica-Vol-21-2025.pdf\" class=\"wp-block-file__button wp-element-button\" download aria-describedby=\"wp-block-file--media-049f0297-7df6-41a7-85c6-5b5bad368751\">Descarga<\/a><\/div>\n<\/div>\n\n\n<div class=\"wp-block-columns is-layout-flex wp-container-core-columns-is-layout-1 wp-block-columns-is-layout-flex\">\n<div class=\"wp-block-column is-layout-flow wp-block-column-is-layout-flow\" style=\"flex-basis:100%\"><\/div>\n<\/div>\n\n\n\n<ul class=\"wp-block-list\">\n<li><\/li>\n<\/ul>\n\n<\/li><li class=\"wp-block-post post-595 post type-post status-publish format-standard has-post-thumbnail hentry\">\n<h2 class=\"wp-block-post-title\"><a href=\"https:\/\/www.fcn.unp.edu.ar\/naturalia\/index.php\/2025\/06\/09\/naturalia-patagonica-volumen-20-2025\/\" target=\"_self\" >Naturalia Patag\u00f3nica Volumen 20 &#8211; 2025<\/a><\/h2>\n\n<div class=\"entry-content wp-block-post-content is-layout-flow wp-block-post-content-is-layout-flow\">\n<p><strong>Con esta publicaci\u00f3n se realiza la entrega del Volumen 20 de nuestra revista\u00a0<em>Naturalia patag\u00f3nica<\/em>, desde su relanzamiento en el a\u00f1o 2002. Este n\u00famero especial incluye los res\u00famenes de las conferencias y posters del II Encuentro Iberoamericano de Investigaci\u00f3n en Ciencias Farmac\u00e9uticas y XIX Jornadas D\u00eda del Farmac\u00e9utico 2024.<\/strong><\/p>\n\n\n\n<div data-wp-interactive=\"core\/file\" class=\"wp-block-file\"><object data-wp-bind--hidden=\"!state.hasPdfPreview\" hidden class=\"wp-block-file__embed\" data=\"https:\/\/www.fcn.unp.edu.ar\/sitio\/naturalia\/wp-content\/uploads\/2025\/06\/Naturalia-Numero-20-1.pdf\" type=\"application\/pdf\" style=\"width:100%;height:600px\" aria-label=\"Incrustado de Naturalia N\u00famero 20.\"><\/object><a id=\"wp-block-file--media-1fd6664d-9faa-4663-8fc4-79a3e3139cfc\" href=\"https:\/\/www.fcn.unp.edu.ar\/sitio\/naturalia\/wp-content\/uploads\/2025\/06\/Naturalia-Numero-20-1.pdf\">Naturalia N\u00famero 20<\/a><a href=\"https:\/\/www.fcn.unp.edu.ar\/sitio\/naturalia\/wp-content\/uploads\/2025\/06\/Naturalia-Numero-20-1.pdf\" class=\"wp-block-file__button wp-element-button\" download aria-describedby=\"wp-block-file--media-1fd6664d-9faa-4663-8fc4-79a3e3139cfc\">Descarga<\/a><\/div>\n<\/div>\n\n\n<div class=\"wp-block-columns is-layout-flex wp-container-core-columns-is-layout-2 wp-block-columns-is-layout-flex\">\n<div class=\"wp-block-column is-layout-flow wp-block-column-is-layout-flow\" style=\"flex-basis:100%\"><\/div>\n<\/div>\n\n\n\n<ul class=\"wp-block-list\">\n<li><\/li>\n<\/ul>\n\n<\/li><li class=\"wp-block-post post-586 post type-post status-publish format-standard has-post-thumbnail hentry\">\n<h2 class=\"wp-block-post-title\"><a href=\"https:\/\/www.fcn.unp.edu.ar\/naturalia\/index.php\/2025\/06\/09\/naturalia-patagonica-vol-19\/\" target=\"_self\" >Naturalia Patag\u00f3nica Volumen 19<\/a><\/h2>\n\n<div class=\"entry-content wp-block-post-content is-layout-flow wp-block-post-content-is-layout-flow\">\n<p class=\"has-x-large-font-size\"><strong>En edici\u00f3n<\/strong><\/p>\n\n\n\n<p><\/p>\n<\/div>\n\n\n<div class=\"wp-block-columns is-layout-flex wp-container-core-columns-is-layout-3 wp-block-columns-is-layout-flex\">\n<div class=\"wp-block-column is-layout-flow wp-block-column-is-layout-flow\" style=\"flex-basis:100%\"><\/div>\n<\/div>\n\n\n\n<ul class=\"wp-block-list\">\n<li><\/li>\n<\/ul>\n\n<\/li><\/ul><\/div><\/div>\n<\/div>\n\n\n\n<div class=\"wp-block-query is-layout-flow wp-block-query-is-layout-flow\"><\/div>\n","protected":false},"excerpt":{"rendered":"","protected":false},"author":1,"featured_media":637,"parent":0,"menu_order":0,"comment_status":"closed","ping_status":"open","template":"","meta":{"footnotes":""},"class_list":["post-2","page","type-page","status-publish","has-post-thumbnail","hentry"],"_links":{"self":[{"href":"https:\/\/www.fcn.unp.edu.ar\/naturalia\/index.php\/wp-json\/wp\/v2\/pages\/2","targetHints":{"allow":["GET"]}}],"collection":[{"href":"https:\/\/www.fcn.unp.edu.ar\/naturalia\/index.php\/wp-json\/wp\/v2\/pages"}],"about":[{"href":"https:\/\/www.fcn.unp.edu.ar\/naturalia\/index.php\/wp-json\/wp\/v2\/types\/page"}],"author":[{"embeddable":true,"href":"https:\/\/www.fcn.unp.edu.ar\/naturalia\/index.php\/wp-json\/wp\/v2\/users\/1"}],"replies":[{"embeddable":true,"href":"https:\/\/www.fcn.unp.edu.ar\/naturalia\/index.php\/wp-json\/wp\/v2\/comments?post=2"}],"version-history":[{"count":12,"href":"https:\/\/www.fcn.unp.edu.ar\/naturalia\/index.php\/wp-json\/wp\/v2\/pages\/2\/revisions"}],"predecessor-version":[{"id":380,"href":"https:\/\/www.fcn.unp.edu.ar\/naturalia\/index.php\/wp-json\/wp\/v2\/pages\/2\/revisions\/380"}],"wp:featuredmedia":[{"embeddable":true,"href":"https:\/\/www.fcn.unp.edu.ar\/naturalia\/index.php\/wp-json\/wp\/v2\/media\/637"}],"wp:attachment":[{"href":"https:\/\/www.fcn.unp.edu.ar\/naturalia\/index.php\/wp-json\/wp\/v2\/media?parent=2"}],"curies":[{"name":"wp","href":"https:\/\/api.w.org\/{rel}","templated":true}]}}