{"id":7,"date":"2015-10-01T14:04:50","date_gmt":"2015-10-01T14:04:50","guid":{"rendered":"http:\/\/www.fcn.unp.edu.ar\/sitio\/naturalia\/?page_id=7"},"modified":"2025-12-24T03:53:31","modified_gmt":"2025-12-24T03:53:31","slug":"comite-de-direccion","status":"publish","type":"page","link":"https:\/\/www.fcn.unp.edu.ar\/naturalia\/index.php\/comite-de-direccion\/","title":{"rendered":"Director y Comit\u00e9 Editor"},"content":{"rendered":"<h4 style=\"padding-left: 120px;\"><strong><a href=\"http:\/\/www.fcn.unp.edu.ar\/sitio\/naturalia\/wp-content\/uploads\/2023\/11\/comite.png\"><img loading=\"lazy\" decoding=\"async\" class=\" wp-image-539 alignright\" src=\"http:\/\/www.fcn.unp.edu.ar\/sitio\/naturalia\/wp-content\/uploads\/2023\/11\/comite-225x300.png\" alt=\"\" width=\"169\" height=\"226\" srcset=\"https:\/\/www.fcn.unp.edu.ar\/naturalia\/wp-content\/uploads\/2023\/11\/comite-225x300.png 225w, https:\/\/www.fcn.unp.edu.ar\/naturalia\/wp-content\/uploads\/2023\/11\/comite.png 314w\" sizes=\"auto, (max-width: 169px) 100vw, 169px\" \/><\/a><\/strong>Director<strong><br \/>Dr. Osvaldo Le\u00f3n C\u00f3rdoba<br \/><\/strong><\/h4>\n<h4 style=\"padding-left: 120px;\">Secretaria<strong> de Redacci\u00f3n<br \/>Dra. Mar\u00eda Luj\u00e1n Flores<\/strong><\/h4>\n<h4 style=\"padding-left: 120px;\"><strong>&nbsp;<\/strong><\/h4>\n\n\n<h4 class=\"wp-block-heading has-background\" style=\"background:linear-gradient(90deg,rgb(255,245,203) 0%,rgb(182,227,212) 50%,rgb(51,167,181) 100%)\">Editor<\/h4>\n\n\n\n<p class=\"has-medium-font-size\"><strong>Dr. Osvaldo Le\u00f3n C\u00f3rdoba<\/strong><\/p>\n\n\n\n<h5 class=\"wp-block-heading has-pale-ocean-gradient-background has-background\" id=\"block-eaf11c76-051c-4b17-aa07-a9648e2f020e\"><strong>Comit\u00e9 Editor<\/strong><\/h5>\n\n\n\n<h5 class=\"wp-block-heading\" id=\"block-eaf11c76-051c-4b17-aa07-a9648e2f020e\"><strong>Dra. Graciela Pinto Vitorino<br>Dra. Miriam Delma Escobar Daza<br>Dr. Augusto Crespi-Abril<br>Dra. Adriana Alicia Gallardo<br>Dra. Daniela Beatriz Ureta<br>Dra. Nadia Soledad Arias<br>Mg. Ra\u00fal Paulo Henny<br>Esp. N\u00e9stor Andr\u00e9s Acosta<br>Oc. Guillermo Caille<br>Dra. Rosa Mar\u00eda Manzo<\/strong><\/h5>\n\n\n\n<h5 class=\"wp-block-heading has-pale-ocean-gradient-background has-background\">Evaluadores<\/h5>\n\n\n\n<h5 class=\"wp-block-heading\" id=\"block-606cc2d6-fd01-4879-b0e5-e3aaf8e15bac\"><strong>Dr. Mart\u00edn A. Hern\u00e1ndez<br>Dra. Elisa Petenatti<br>Dr. Carlos Arturo Stortz<br>Dra. Susana Gorzalczany<br>Dra. Mar\u00eda Luj\u00e1n Flores<br>Dra. Nora M. Andrea Ponce<br>Dr. Mart\u00edn D. Novoa<br>Dra. Nadia Arias<br>Dr. Osvaldo Le\u00f3n C\u00f3rdoba<br>Dra. Alicia Boraso<br>Dra. Mar\u00eda Cristina Matulewicz<br>Dra. Adriana Broussalis<\/strong><\/h5>\n\n\n\n<p><\/p>\n","protected":false},"excerpt":{"rendered":"<p>DirectorDr. Osvaldo Le\u00f3n C\u00f3rdoba Secretaria de Redacci\u00f3nDra. Mar\u00eda Luj\u00e1n Flores &nbsp; Editor Dr. Osvaldo Le\u00f3n C\u00f3rdoba Comit\u00e9 Editor Dra. Graciela Pinto VitorinoDra. Miriam Delma Escobar DazaDr. Augusto Crespi-AbrilDra. Adriana Alicia GallardoDra. Daniela Beatriz UretaDra. Nadia Soledad AriasMg. Ra\u00fal Paulo HennyEsp. N\u00e9stor Andr\u00e9s AcostaOc. Guillermo CailleDra. Rosa Mar\u00eda Manzo Evaluadores Dr. Mart\u00edn A. Hern\u00e1ndezDra. Elisa PetenattiDr. [&hellip;]<\/p>\n","protected":false},"author":1,"featured_media":539,"parent":0,"menu_order":0,"comment_status":"closed","ping_status":"closed","template":"","meta":{"footnotes":""},"class_list":["post-7","page","type-page","status-publish","has-post-thumbnail","hentry"],"_links":{"self":[{"href":"https:\/\/www.fcn.unp.edu.ar\/naturalia\/index.php\/wp-json\/wp\/v2\/pages\/7","targetHints":{"allow":["GET"]}}],"collection":[{"href":"https:\/\/www.fcn.unp.edu.ar\/naturalia\/index.php\/wp-json\/wp\/v2\/pages"}],"about":[{"href":"https:\/\/www.fcn.unp.edu.ar\/naturalia\/index.php\/wp-json\/wp\/v2\/types\/page"}],"author":[{"embeddable":true,"href":"https:\/\/www.fcn.unp.edu.ar\/naturalia\/index.php\/wp-json\/wp\/v2\/users\/1"}],"replies":[{"embeddable":true,"href":"https:\/\/www.fcn.unp.edu.ar\/naturalia\/index.php\/wp-json\/wp\/v2\/comments?post=7"}],"version-history":[{"count":15,"href":"https:\/\/www.fcn.unp.edu.ar\/naturalia\/index.php\/wp-json\/wp\/v2\/pages\/7\/revisions"}],"predecessor-version":[{"id":644,"href":"https:\/\/www.fcn.unp.edu.ar\/naturalia\/index.php\/wp-json\/wp\/v2\/pages\/7\/revisions\/644"}],"wp:featuredmedia":[{"embeddable":true,"href":"https:\/\/www.fcn.unp.edu.ar\/naturalia\/index.php\/wp-json\/wp\/v2\/media\/539"}],"wp:attachment":[{"href":"https:\/\/www.fcn.unp.edu.ar\/naturalia\/index.php\/wp-json\/wp\/v2\/media?parent=7"}],"curies":[{"name":"wp","href":"https:\/\/api.w.org\/{rel}","templated":true}]}}