{"id":76,"date":"2018-03-12T10:42:07","date_gmt":"2018-03-12T10:42:07","guid":{"rendered":"http:\/\/www.fcn.unp.edu.ar\/sitio\/naturalia\/?page_id=76"},"modified":"2025-12-24T03:54:08","modified_gmt":"2025-12-24T03:54:08","slug":"coleccion","status":"publish","type":"page","link":"https:\/\/www.fcn.unp.edu.ar\/naturalia\/index.php\/coleccion\/","title":{"rendered":"Colecci\u00f3n"},"content":{"rendered":"<p>En esta secci\u00f3n pueden encontrar los n\u00fameros antiguos de la revista.\u00a0 Esperamos que los disfruten.<\/p>\n<ul>\n<li><a href=\"http:\/\/www.fcn.unp.edu.ar\/sitio\/naturalia\/coleccion\/Naturalia Patag\u00f3nica Vol 1 2002.pdf\">Naturalia Patag\u00f3nica Vol 1 2002<\/a><\/li>\n<li><a href=\"http:\/\/www.fcn.unp.edu.ar\/sitio\/naturalia\/coleccion\/Naturalia Patag\u00f3nica Vol 2 (1) 2005.pdf\">Naturalia Patag\u00f3nica Vol 2 (1) 2005<\/a><\/li>\n<li><a href=\"http:\/\/www.fcn.unp.edu.ar\/sitio\/naturalia\/coleccion\/Naturalia Patag\u00f3nica Vol 3 (1) 2006.pdf\">Naturalia Patag\u00f3nica Vol 3 (1) 2006<\/a><\/li>\n<li><a href=\"http:\/\/www.fcn.unp.edu.ar\/sitio\/naturalia\/coleccion\/Naturalia Patag\u00f3nica Vol 3 (2) 2007.pdf\">Naturalia Patag\u00f3nica Vol 3 (2) 2007<\/a><\/li>\n<li><a href=\"http:\/\/www.fcn.unp.edu.ar\/sitio\/naturalia\/coleccion\/Naturalia Patag\u00f3nica Vol 4 (1) 2008.pdf\">Naturalia Patag\u00f3nica Vol 4 (1) 2008<\/a><\/li>\n<li><a href=\"http:\/\/www.fcn.unp.edu.ar\/sitio\/naturalia\/coleccion\/Naturalia Patag\u00f3nica Vol 4 (2) 2009.pdf\">Naturalia Patag\u00f3nica Vol 4 (2) 2009<\/a><\/li>\n<li><a href=\"http:\/\/www.fcn.unp.edu.ar\/sitio\/naturalia\/coleccion\/Naturalia Patag\u00f3nica Vol 5 (1) 2009.pdf\">Naturalia Patag\u00f3nica Vol 5 (1) 2009<\/a><\/li>\n<li><a href=\"http:\/\/www.fcn.unp.edu.ar\/sitio\/naturalia\/coleccion\/Naturalia Patag\u00f3nica Vol 6 2012-2013.pdf\">Naturalia Patag\u00f3nica Vol 6 2012-2013<\/a><\/li>\n<li><a href=\"http:\/\/www.fcn.unp.edu.ar\/sitio\/naturalia\/coleccion\/Naturalia Patag\u00f3nica Vol 7 2015.pdf\">Naturalia Patag\u00f3nica Vol 7 2015<\/a><\/li>\n<li><a href=\"http:\/\/www.fcn.unp.edu.ar\/sitio\/naturalia\/coleccion\/Naturalia Patag\u00f3nica Vol 8 2016.pdf\">Naturalia Patag\u00f3nica Vol 8 2016<\/a><\/li>\n<li><a href=\"http:\/\/www.fcn.unp.edu.ar\/sitio\/naturalia\/coleccion\/Naturalia Patagonica Vol 9 2016.pdf\">Naturalia Patagonica Vol 9 2016<\/a><\/li>\n<li><a href=\"http:\/\/www.fcn.unp.edu.ar\/sitio\/naturalia\/wp-content\/uploads\/2018\/09\/Naturalia-Patagonica-Vol-10-2018.pdf\">Naturalia Patagonica Vol 10 2018<\/a><\/li>\n<li><a href=\"http:\/\/www.fcn.unp.edu.ar\/sitio\/naturalia\/wp-content\/uploads\/2018\/12\/Naturalia-Patag\u00f3nica-Vol-11-2018.pdf\">Naturalia Patag\u00f3nica Vol 11 2018\u00a0<\/a><\/li>\n<li><a href=\"http:\/\/www.fcn.unp.edu.ar\/sitio\/naturalia\/wp-content\/uploads\/2019\/03\/Naturalia-patagonica-Volumen-12-2019.pdf\">Naturalia Patag\u00f3nica Vol 12 2019<\/a><\/li>\n<li><a href=\"http:\/\/www.fcn.unp.edu.ar\/sitio\/naturalia\/wp-content\/uploads\/2019\/06\/Naturalia-Patagonica-Volumen-13-2019.pdf\">Naturalia Patag\u00f3nica Vol 13 2019<\/a><\/li>\n<li><a href=\"http:\/\/www.fcn.unp.edu.ar\/sitio\/naturalia\/wp-content\/uploads\/2020\/02\/Naturalia-Patagonica-Numero-Especial-14.pdf\">Naturalia Patag\u00f3nica Vol 14 2019<\/a><\/li>\n<li><a href=\"http:\/\/www.fcn.unp.edu.ar\/sitio\/naturalia\/wp-content\/uploads\/2019\/Naturalia%20Patagonia%20volumen%2015.pdf\">Naturalia Patag\u00f3nica Vol 15 2019<\/a><\/li>\n<li><a href=\"http:\/\/www.fcn.unp.edu.ar\/sitio\/naturalia\/index.php\/2021\/03\/30\/naturalia-patagonica-volumen-16-2020\/\">Naturalia Patagonica \u2013 Volumen 16- 2020<\/a><\/li>\n<li><a href=\"http:\/\/www.fcn.unp.edu.ar\/sitio\/naturalia\/index.php\/2022\/02\/03\/naturalia-patagonica-volumen-17-2021\/\">Naturalia patag\u00f3nica \u2013 Volumen 17- 2021<\/a><\/li>\n<li><a href=\"https:\/\/www.fcn.unp.edu.ar\/sitio\/naturalia\/index.php\/2023\/11\/18\/naturalia-patagonica-volumen-18-2023\/\">Naturalia Patag\u00f3nica Volumen 18 &#8211; 2023<\/a><\/li>\n<li>Naturalia Patag\u00f3nica Volumen 19 &#8211; EN EDICI\u00d3N<\/li>\n<li><a href=\"https:\/\/www.fcn.unp.edu.ar\/sitio\/naturalia\/index.php\/2025\/06\/09\/naturalia-patagonica-volumen-20-2025\/\">Naturalia Patag\u00f3nica Volumen 20 &#8211; 2025<\/a><\/li>\n<li><a href=\"https:\/\/www.fcn.unp.edu.ar\/sitio\/naturalia\/index.php\/2025\/12\/24\/naturalia-volumen-21\/\">Naturalia Patag\u00f3nica Volumen 21 &#8211; 2025<\/a><\/li>\n<\/ul>\n<h3><strong>Naturalia Patag\u00f3nica Primera\u00a0<\/strong>\u00c9poca<\/h3>\n<h4>Naturalia Patag\u00f3nica Serie Ciencias Biol\u00f3gicas<\/h4>\n<ul>\n<li><a href=\"http:\/\/www.fcn.unp.edu.ar\/sitio\/naturalia\/coleccion\/Primera_Epoca\/Ciencias_Biologicas\/Naturalia Serie Ciencias Biol\u00f3gicas Vol 1 (1) 1993.pdf\">Naturalia Serie Ciencias Biol\u00f3gicas Vol 1 (1) 1993<\/a><\/li>\n<li><a href=\"http:\/\/www.fcn.unp.edu.ar\/sitio\/naturalia\/coleccion\/Primera_Epoca\/Ciencias_Biologicas\/Naturalia Serie Ciencias Biol\u00f3gicas Vol 1 (2) 1993.pdf\">Naturalia Serie Ciencias Biol\u00f3gicas Vol 1 (2) 1993<\/a><\/li>\n<li><a href=\"http:\/\/www.fcn.unp.edu.ar\/sitio\/naturalia\/coleccion\/Primera_Epoca\/Ciencias_Biologicas\/Naturalia Serie Ciencias Biol\u00f3gicas Vol 2 (1-2) 1994.pdf\">Naturalia Serie Ciencias Biol\u00f3gicas Vol 2 (1-2) 1994<\/a><\/li>\n<li><a href=\"http:\/\/www.fcn.unp.edu.ar\/sitio\/naturalia\/coleccion\/Primera_Epoca\/Ciencias_Biologicas\/Naturalia Serie Ciencias Biol\u00f3gicas Vol 3 (1-2) 1995.pdf\">Naturalia Serie Ciencias Biol\u00f3gicas Vol 3 (1-2) 1995<\/a><\/li>\n<li><a href=\"http:\/\/www.fcn.unp.edu.ar\/sitio\/naturalia\/coleccion\/Primera_Epoca\/Ciencias_Biologicas\/Naturalia Serie Ciencias Biol\u00f3gicas Vol 4 (1-2) 1996.pdf\">Naturalia Serie Ciencias Biol\u00f3gicas Vol 4 (1-2) 1996<\/a><\/li>\n<li><a href=\"http:\/\/www.fcn.unp.edu.ar\/sitio\/naturalia\/coleccion\/Primera_Epoca\/Ciencias_Biologicas\/Naturalia Serie Ciencias Biol\u00f3gicas Vol 5 (1-2) 1997.pdf\">Naturalia Serie Ciencias Biol\u00f3gicas Vol 5 (1-2) 1997<\/a><\/li>\n<li><a href=\"http:\/\/www.fcn.unp.edu.ar\/sitio\/naturalia\/coleccion\/Primera_Epoca\/Ciencias_Biologicas\/Naturalia Serie Ciencias Biol\u00f3gicas Vol 6 (1-2) 1998.pdf\">Naturalia Serie Ciencias Biol\u00f3gicas Vol 6 (1-2) 1998<\/a><\/li>\n<\/ul>\n<h4>Naturalia Patag\u00f3nica Serie Ciencias de la Tierra<\/h4>\n<ul>\n<li><a href=\"http:\/\/www.fcn.unp.edu.ar\/sitio\/naturalia\/coleccion\/Primera_Epoca\/Ciencias_de_la_Tierra\/Naturalia Serie Ciencias de la Tierra Vol 1 (1) 1991.pdf\">Naturalia Serie Ciencias de la Tierra Vol 1 (1) 1991<\/a><\/li>\n<li><a href=\"http:\/\/www.fcn.unp.edu.ar\/sitio\/naturalia\/coleccion\/Primera_Epoca\/Ciencias_de_la_Tierra\/Naturalia Serie Ciencias de la Tierra Vol 2 1994.pdf\">Naturalia Serie Ciencias de la Tierra Vol 2 1994<\/a><\/li>\n<li><a href=\"http:\/\/www.fcn.unp.edu.ar\/sitio\/naturalia\/coleccion\/Primera_Epoca\/Ciencias_de_la_Tierra\/Naturalia Serie Ciencias de la Tierra Vol 3 1995.pdf\">Naturalia Serie Ciencias de la Tierra Vol 3 1995<\/a><\/li>\n<li><a href=\"http:\/\/www.fcn.unp.edu.ar\/sitio\/naturalia\/coleccion\/Primera_Epoca\/Ciencias_de_la_Tierra\/Naturalia Serie Ciencias de la Tierra Vol 4 1996.pdf\">Naturalia Serie Ciencias de la Tierra Vol 4 1996<\/a><\/li>\n<\/ul>\n<h4>Naturalia Patag\u00f3nica Serie Reporte T\u00e9cnico<\/h4>\n<ul>\n<li><a href=\"http:\/\/www.fcn.unp.edu.ar\/sitio\/naturalia\/coleccion\/Primera_Epoca\/Reporte_Tecnico\/Naturalia Serie Reporte T\u00e9cnico 1 1993.pdf\">Naturalia Serie Reporte T\u00e9cnico 1 1993<\/a><\/li>\n<li><a href=\"http:\/\/www.fcn.unp.edu.ar\/sitio\/naturalia\/coleccion\/Primera_Epoca\/Reporte_Tecnico\/Naturalia Serie Reporte T\u00e9cnico 2 1999.pdf\">Naturalia Serie Reporte T\u00e9cnico 2 1999<\/a><\/li>\n<\/ul>\n","protected":false},"excerpt":{"rendered":"<p>En esta secci\u00f3n pueden encontrar los n\u00fameros antiguos de la revista.\u00a0 Esperamos que los disfruten. Naturalia Patag\u00f3nica Vol 1 2002 Naturalia Patag\u00f3nica Vol 2 (1) 2005 Naturalia Patag\u00f3nica Vol 3 (1) 2006 Naturalia Patag\u00f3nica Vol 3 (2) 2007 Naturalia Patag\u00f3nica Vol 4 (1) 2008 Naturalia Patag\u00f3nica Vol 4 (2) 2009 Naturalia Patag\u00f3nica Vol 5 (1) [&hellip;]<\/p>\n","protected":false},"author":1,"featured_media":643,"parent":0,"menu_order":6,"comment_status":"closed","ping_status":"closed","template":"","meta":{"footnotes":""},"class_list":["post-76","page","type-page","status-publish","has-post-thumbnail","hentry"],"_links":{"self":[{"href":"https:\/\/www.fcn.unp.edu.ar\/naturalia\/index.php\/wp-json\/wp\/v2\/pages\/76","targetHints":{"allow":["GET"]}}],"collection":[{"href":"https:\/\/www.fcn.unp.edu.ar\/naturalia\/index.php\/wp-json\/wp\/v2\/pages"}],"about":[{"href":"https:\/\/www.fcn.unp.edu.ar\/naturalia\/index.php\/wp-json\/wp\/v2\/types\/page"}],"author":[{"embeddable":true,"href":"https:\/\/www.fcn.unp.edu.ar\/naturalia\/index.php\/wp-json\/wp\/v2\/users\/1"}],"replies":[{"embeddable":true,"href":"https:\/\/www.fcn.unp.edu.ar\/naturalia\/index.php\/wp-json\/wp\/v2\/comments?post=76"}],"version-history":[{"count":8,"href":"https:\/\/www.fcn.unp.edu.ar\/naturalia\/index.php\/wp-json\/wp\/v2\/pages\/76\/revisions"}],"predecessor-version":[{"id":641,"href":"https:\/\/www.fcn.unp.edu.ar\/naturalia\/index.php\/wp-json\/wp\/v2\/pages\/76\/revisions\/641"}],"wp:featuredmedia":[{"embeddable":true,"href":"https:\/\/www.fcn.unp.edu.ar\/naturalia\/index.php\/wp-json\/wp\/v2\/media\/643"}],"wp:attachment":[{"href":"https:\/\/www.fcn.unp.edu.ar\/naturalia\/index.php\/wp-json\/wp\/v2\/media?parent=76"}],"curies":[{"name":"wp","href":"https:\/\/api.w.org\/{rel}","templated":true}]}}