{"id":2,"date":"2011-04-25T13:48:00","date_gmt":"2011-04-25T13:48:00","guid":{"rendered":"http:\/\/www.fcn.unp.edu.ar\/sitio\/quimiometria\/?page_id=2"},"modified":"2019-03-18T20:33:11","modified_gmt":"2019-03-18T20:33:11","slug":"pagina-ejemplo","status":"publish","type":"page","link":"https:\/\/www.fcn.unp.edu.ar\/quimiometria\/","title":{"rendered":"Informaci\u00f3n"},"content":{"rendered":"<p>Esta p\u00e1gina contiene informaci\u00f3n y material para el cursado de la asignatura Quimiometr\u00eda para la carrera de Licenciatura en Qu\u00edmica de la Facultad de Ciencias Naturales de la Universidad Nacional de la Patagonia San Juan Bosco.<\/p>\n<p>La asignatura se dicta en el primer cuatrimestre en los siguientes horarios:<\/p>\n<p><strong>Clases te\u00f3ricas<\/strong>: lunes\u00a0 y viernes de 14:00 a 15:30<\/p>\n<p><strong>Clases pr\u00e1cticas<\/strong>: lunes y viernes de 15:30 a 17:00<\/p>\n<p>Aula 209 los d\u00edas lunes y aula 8 del Anexo los d\u00edas viernes.<\/p>\n","protected":false},"excerpt":{"rendered":"<p>Esta p\u00e1gina contiene informaci\u00f3n y material para el cursado de la asignatura Quimiometr\u00eda para la carrera de Licenciatura en Qu\u00edmica de la Facultad de Ciencias Naturales de la Universidad Nacional de la Patagonia San Juan Bosco. La asignatura se dicta &hellip; <a href=\"https:\/\/www.fcn.unp.edu.ar\/quimiometria\/\">Sigue leyendo <span class=\"meta-nav\">&rarr;<\/span><\/a><\/p>\n","protected":false},"author":1,"featured_media":0,"parent":0,"menu_order":0,"comment_status":"open","ping_status":"open","template":"","meta":{"footnotes":""},"class_list":["post-2","page","type-page","status-publish","hentry"],"_links":{"self":[{"href":"https:\/\/www.fcn.unp.edu.ar\/quimiometria\/index.php?rest_route=\/wp\/v2\/pages\/2","targetHints":{"allow":["GET"]}}],"collection":[{"href":"https:\/\/www.fcn.unp.edu.ar\/quimiometria\/index.php?rest_route=\/wp\/v2\/pages"}],"about":[{"href":"https:\/\/www.fcn.unp.edu.ar\/quimiometria\/index.php?rest_route=\/wp\/v2\/types\/page"}],"author":[{"embeddable":true,"href":"https:\/\/www.fcn.unp.edu.ar\/quimiometria\/index.php?rest_route=\/wp\/v2\/users\/1"}],"replies":[{"embeddable":true,"href":"https:\/\/www.fcn.unp.edu.ar\/quimiometria\/index.php?rest_route=%2Fwp%2Fv2%2Fcomments&post=2"}],"version-history":[{"count":18,"href":"https:\/\/www.fcn.unp.edu.ar\/quimiometria\/index.php?rest_route=\/wp\/v2\/pages\/2\/revisions"}],"predecessor-version":[{"id":938,"href":"https:\/\/www.fcn.unp.edu.ar\/quimiometria\/index.php?rest_route=\/wp\/v2\/pages\/2\/revisions\/938"}],"wp:attachment":[{"href":"https:\/\/www.fcn.unp.edu.ar\/quimiometria\/index.php?rest_route=%2Fwp%2Fv2%2Fmedia&parent=2"}],"curies":[{"name":"wp","href":"https:\/\/api.w.org\/{rel}","templated":true}]}}