{"id":854,"date":"2018-05-11T16:55:02","date_gmt":"2018-05-11T16:55:02","guid":{"rendered":"http:\/\/www.fcn.unp.edu.ar\/sitio\/quimiometria\/?page_id=854"},"modified":"2020-07-04T17:29:11","modified_gmt":"2020-07-04T17:29:11","slug":"novedades","status":"publish","type":"page","link":"https:\/\/www.fcn.unp.edu.ar\/quimiometria\/?page_id=854","title":{"rendered":"Novedades"},"content":{"rendered":"\n<p><\/p>\n\n\n\n<p>Desde la c\u00e1tedra se ha establecido un nuevo cronograma para la entrega de actividades v\u00eda correo electr\u00f3nico a la direcci\u00f3n: <strong>lopezdocencia@gmail.com.<\/strong>                                                                                                      Los Cuestionarios y Problemas correspondientes a cada unidad vista hasta el 13-03-2020 inclusive, se pueden descargar de esta p\u00e1gina.                                                  <\/p>\n\n\n\n<p>Para la realizaci\u00f3n de las gu\u00edas cuentan con la bibliograf\u00eda compartida v\u00eda google drive.  <\/p>\n\n\n\n<p>**<strong> Primer Cronograma de entrega<\/strong><\/p>\n\n\n\n<p><strong>Unidad Dise\u00f1o de Experimentos<\/strong><\/p>\n\n\n\n<ul class=\"wp-block-list\"><li>21-03-2020. Entrega del cuestionario Introducci\u00f3n<\/li><li>24-03-2020. Entrega del cuestionario Dise\u00f1o de Experimentos (Pregunta 1 hasta 8 inclusive)<\/li><li>27-03-2020. Entrega de problemas Dise\u00f1o de Experimentos (Ejercicio 1 hasta 6 inclusive). <\/li><\/ul>\n\n\n\n<p>**<strong> Recomendaci\u00f3n<\/strong>: en particular para la unidad de Dise\u00f1o de Experimentos se recomienda la lectura de: <\/p>\n\n\n\n<p>1- Cap\u00edtulo 5: Dise\u00f1o de un experimento (MeetMinitab.pdf)<\/p>\n\n\n\n<p>2- Cap\u00edtulo 1: Introducci\u00f3n al dise\u00f1o de experimentos, Cap\u00edtulo 5: Dise\u00f1os Factoriales y Cap\u00edtulo 6: Dise\u00f1os Factoriales 2^k.  (GutierrezPulido.pdf)<\/p>\n\n\n\n<p>3- Cap\u00edtulo 7: Dise\u00f1o de experimentos y optimizaci\u00f3n.  (Miller&amp;Miller.pdf)<\/p>\n\n\n\n<p>** <strong>Las actividades deber\u00e1n ser enviadas en formato .pdf y adem\u00e1s deber\u00e1n adjuntarse todos los proyectos generados con el programa Minitab.<\/strong><\/p>\n\n\n\n<p>** <strong>Segundo Cronograma de entrega<\/strong><\/p>\n\n\n\n<p><strong>Unidad Dise\u00f1o de Experimentos<\/strong><\/p>\n\n\n\n<p>Con los te\u00f3ricos: Dise\u00f1o factoriales fraccionarios I (parte I y II) y Dise\u00f1os factoriales fraccionarios II y los videos de la p\u00e1gina podr\u00e1n resolver los ejercicios 7 al 10 (inclusive) del TP Problemas Dise\u00f1o de Experimentos.<\/p>\n\n\n\n<p>Fecha de entrega 6-04-2020. <\/p>\n\n\n\n<p>** los ejercicios deber\u00e1n resolverse en forma manual (sin uso del programa Minitab) y ser enviados en formato .pdf a la direcci\u00f3n de email arriba descripta.<\/p>\n\n\n\n<p><strong>** Tercer Cronograma de entrega<\/strong><\/p>\n\n\n\n<p><strong>Unidad Dise\u00f1o de Experimentos<\/strong><\/p>\n\n\n\n<p>Con el te\u00f3rico de Superficie de respuesta y los videos de la p\u00e1gina podr\u00e1n resolver los ejercicios 11 al 13 (inclusive) del TP DOE ejercicios. <\/p>\n\n\n\n<p>10-04-2020 entrega de problemas 11 al 13 del TP DOE ejercicios.<\/p>\n\n\n\n<p>10-04-2020 entrega de preguntas 9 a 14 (inclusive) del TP DOE cuestionario<\/p>\n\n\n\n<p>** Las actividades deber\u00e1n ser enviadas en formato .pdf y adem\u00e1s deber\u00e1n adjuntarse todos los proyectos generados con el programa Minitab.<\/p>\n\n\n\n<p><strong>**Cuarto Cronograma de entrega- Vamos resolviendo&#8230;<\/strong><\/p>\n\n\n\n<p><strong>Unidad Reconocimiento de Pautas. <\/strong><\/p>\n\n\n\n<p>Resolver ejercicios 1, 2 a-b), 4a) y 5a) a partir del te\u00f3rico Introducci\u00f3n al an\u00e1lisis multivariado. Guardar los proyectos minitab de cada ejercicio para ir completando mas adelante con los incisos posteriores. <\/p>\n\n\n\n<p>Importante: los datos para cada problema est\u00e1n en formato .txt, en la carpeta Datos Reconocimiento de Pautas. La carpeta esta comprimida, por lo tanto la descargan y la descomprimen con alg\u00fan programa. En  mi caso uso 7-Zip para comprimir y descomprimir carpetas. Este programa es de uso gratuito.<\/p>\n\n\n\n<p><strong>** Quinto Cronograma de entrega<\/strong><\/p>\n\n\n\n<p>Resolver ejercicios  2 c,d,e), 4b-e), 5b-c), 7b,c), 8a), 10), 11a,b,c) a partir del te\u00f3rico An\u00e1lisis de Componentes Principales. Guardar los proyectos minitab de cada ejercicio para ir completando mas adelante con los incisos posteriores. <\/p>\n\n\n\n<p>Fecha de entrega de los ejercicios correspondientes al 4to y 5to cronograma: 7 de Mayo de 2020.<\/p>\n\n\n\n<p>** Sexto Cronograma de entrega<\/p>\n\n\n\n<p>Resolver el ejercicio 7a) a partir del te\u00f3rico An\u00e1lisis de Conglomerados.  Tambi\u00e9n aplicar an\u00e1lisis de conglomerados a los datos de los ejercicios 3 y 8 para corroborar lo que han obtenido aplicando an\u00e1lisis de componentes principales.   Fecha de entrega 25 de Mayo de 2020<\/p>\n\n\n\n<p>*<strong>* S\u00e9ptimo Cronograma de entrega<\/strong><\/p>\n\n\n\n<p>Vamos terminando la Unidad de Reconocimiento de Pautas. Resolver los ejercicios 6), 8.2) y 8.3), 11c) y 11d), 12a) y 12b), utilizando An\u00e1lisis discriminante en Minitab. Fecha de entrega 01 de Junio de 2020. <\/p>\n\n\n\n<p>** <strong>Octavo Cronograma de entrega<\/strong><\/p>\n\n\n\n<p><strong>Unidad Calibraci\u00f3n<\/strong><\/p>\n\n\n\n<p>Vamos comenzando con la aplicaci\u00f3n de rutinas en el programa Matlab. A partir del t\u00e9orico calibraci\u00f3n univariada I (parte I y II) y el tutorial ejecuci\u00f3n de rutinas en Matlab , resolver los ejercicios 1 y 2 de la gu\u00eda de problemas Calibraci\u00f3n. <\/p>\n\n\n\n<p>Fecha de entrega 8 de Junio de 2020. <\/p>\n\n\n\n<p><strong>** Noveno Cronograma de entrega<\/strong><\/p>\n\n\n\n<p>Unidad Calibraci\u00f3n<\/p>\n\n\n\n<p>Resolver los ejercicios 3, 4 y 5 de la gu\u00eda de problemas de calibraci\u00f3n, con los te\u00f3ricos calibraci\u00f3n univariada I (parte I y II) y calibraci\u00f3n univariada II. <\/p>\n\n\n\n<p>Fecha de entrega 15 de Junio 2020.<\/p>\n\n\n\n<p><strong>**D\u00e9cimo Cronograma de entrega<\/strong><\/p>\n\n\n\n<p> <strong>Unidad Calibraci\u00f3n <\/strong><\/p>\n\n\n\n<p> Resolver el ejercicio 6 de la gu\u00eda de problemas de calibraci\u00f3n, con el te\u00f3rico calibraci\u00f3n bivariada. Adem\u00e1s del informe, enviar los archivos .txt que construyen para correr las rutinas.<\/p>\n\n\n\n<p>Fecha de entrega 26 de Junio de 2020<\/p>\n\n\n\n<p><strong>**Anteultimo Cronograma de entrega<\/strong><\/p>\n\n\n\n<p><strong>Unidad Calibraci\u00f3n <\/strong><\/p>\n\n\n\n<p> Resolver los ejercicios 7 y 8 de la gu\u00eda de problemas de calibraci\u00f3n, con el te\u00f3rico calibraci\u00f3n multivariada. Adem\u00e1s del informe, enviar los archivos .txt que construyen para correr las rutinas. <\/p>\n\n\n\n<p>Fecha de entrega 2 de Julio de 202<strong>*<\/strong><\/p>\n\n\n\n<p><strong>** \u00daltimo cronograma de entrega<\/strong><\/p>\n\n\n\n<p><strong>Unidad Calibraci\u00f3n<\/strong><\/p>\n\n\n\n<p> Resolver los ejercicios 9, 10 y 11 de la gu\u00eda de problemas de calibraci\u00f3n, con el te\u00f3rico calibraci\u00f3n multivariada II. Adem\u00e1s del informe, enviar los archivos .txt que construyen para correr las rutinas.  <\/p>\n\n\n\n<p>Fecha de entrega 8 de Julio de 2020<\/p>\n","protected":false},"excerpt":{"rendered":"<p>Desde la c\u00e1tedra se ha establecido un nuevo cronograma para la entrega de actividades v\u00eda correo electr\u00f3nico a la direcci\u00f3n: lopezdocencia@gmail.com. Los Cuestionarios y Problemas correspondientes a cada unidad vista hasta el 13-03-2020 inclusive, se pueden descargar de esta p\u00e1gina. &hellip; <a href=\"https:\/\/www.fcn.unp.edu.ar\/quimiometria\/?page_id=854\">Sigue leyendo <span class=\"meta-nav\">&rarr;<\/span><\/a><\/p>\n","protected":false},"author":1,"featured_media":0,"parent":0,"menu_order":0,"comment_status":"closed","ping_status":"closed","template":"","meta":{"footnotes":""},"class_list":["post-854","page","type-page","status-publish","hentry"],"_links":{"self":[{"href":"https:\/\/www.fcn.unp.edu.ar\/quimiometria\/index.php?rest_route=\/wp\/v2\/pages\/854","targetHints":{"allow":["GET"]}}],"collection":[{"href":"https:\/\/www.fcn.unp.edu.ar\/quimiometria\/index.php?rest_route=\/wp\/v2\/pages"}],"about":[{"href":"https:\/\/www.fcn.unp.edu.ar\/quimiometria\/index.php?rest_route=\/wp\/v2\/types\/page"}],"author":[{"embeddable":true,"href":"https:\/\/www.fcn.unp.edu.ar\/quimiometria\/index.php?rest_route=\/wp\/v2\/users\/1"}],"replies":[{"embeddable":true,"href":"https:\/\/www.fcn.unp.edu.ar\/quimiometria\/index.php?rest_route=%2Fwp%2Fv2%2Fcomments&post=854"}],"version-history":[{"count":51,"href":"https:\/\/www.fcn.unp.edu.ar\/quimiometria\/index.php?rest_route=\/wp\/v2\/pages\/854\/revisions"}],"predecessor-version":[{"id":1195,"href":"https:\/\/www.fcn.unp.edu.ar\/quimiometria\/index.php?rest_route=\/wp\/v2\/pages\/854\/revisions\/1195"}],"wp:attachment":[{"href":"https:\/\/www.fcn.unp.edu.ar\/quimiometria\/index.php?rest_route=%2Fwp%2Fv2%2Fmedia&parent=854"}],"curies":[{"name":"wp","href":"https:\/\/api.w.org\/{rel}","templated":true}]}}