{"id":1075,"date":"2010-07-30T00:30:03","date_gmt":"2010-07-30T03:30:03","guid":{"rendered":"http:\/\/www.fcn.unp.edu.ar\/sitio\/farmacognosia\/?page_id=1075"},"modified":"2019-05-26T02:45:54","modified_gmt":"2019-05-26T05:45:54","slug":"1075-2","status":"publish","type":"page","link":"https:\/\/www.fcn.unp.edu.ar\/sitio\/farmacognosia\/?page_id=1075","title":{"rendered":"NACIONAL"},"content":{"rendered":"\n<p>2018<\/p>\n\n\n\n<p><a href=\"http:\/\/ddndic.com\/\">    <\/a><em>Drug Discovery for Neglected Diseases International Congress 2018. 4<sup>th<\/sup> Scientific Meeting of ResNet NPND, Buenos Aires, Argentina. <\/em><a href=\"http:\/\/ddndic.com\/\">         http:\/\/ddndic.com\/<\/a><\/p>\n\n\n\n<p><em>1\u00ba Jornada Nacional de Ense\u00f1anza de Farmacia y Bioqu\u00edmica, <\/em>C\u00f3rdoba, Argentina, 09\/2018.<\/p>\n\n\n\n<p><a href=\"https:\/\/www.uccor.edu.ar\/archivos\/documentos\/Ciencias%20Quimicas\/1ras-Jornadas-Nacionales-de-Ensenanza-de-Farmacia-y-Bioquimica.pdf\">https:\/\/www.uccor.edu.ar\/archivos\/documentos\/Ciencias%20Quimicas\/1ras-Jornadas-Nacionales-de-Ensenanza-de-Farmacia-y-Bioquimica.pdf<\/a><\/p>\n\n\n\n<p><em>X J. Nac. de Ciencias del Mar 2018, XVIII Coloquio Nac. De Oceanograf\u00eda, <\/em>CABA, Argentina, 08\/2018.<\/p>\n\n\n\n<p><a href=\"http:\/\/ibbea.fcen.uba.ar\/x-jornadas-nacionales-de-ciencias-del-mar-xviii-coloquio-nacional-de-oceanografia-3\/\">http:\/\/ibbea.fcen.uba.ar\/x-jornadas-nacionales-de-ciencias-del-mar-xviii-coloquio-nacional-de-oceanografia-3\/<\/a><\/p>\n\n\n\n<p><\/p>\n","protected":false},"excerpt":{"rendered":"<p>2018 Drug Discovery for Neglected Diseases International Congress 2018. 4th Scientific Meeting of ResNet NPND, Buenos Aires, Argentina. http:\/\/ddndic.com\/ 1\u00ba Jornada Nacional de Ense\u00f1anza de Farmacia y Bioqu\u00edmica, C\u00f3rdoba, Argentina, 09\/2018. https:\/\/www.uccor.edu.ar\/archivos\/documentos\/Ciencias%20Quimicas\/1ras-Jornadas-Nacionales-de-Ensenanza-de-Farmacia-y-Bioquimica.pdf X J. Nac. de Ciencias del Mar 2018, XVIII Coloquio Nac. De Oceanograf\u00eda, CABA, Argentina, 08\/2018. http:\/\/ibbea.fcen.uba.ar\/x-jornadas-nacionales-de-ciencias-del-mar-xviii-coloquio-nacional-de-oceanografia-3\/<\/p>\n","protected":false},"author":1,"featured_media":0,"parent":1059,"menu_order":0,"comment_status":"open","ping_status":"open","template":"","meta":{"footnotes":""},"class_list":["post-1075","page","type-page","status-publish","hentry","nodate","item-wrap"],"_links":{"self":[{"href":"https:\/\/www.fcn.unp.edu.ar\/sitio\/farmacognosia\/index.php?rest_route=\/wp\/v2\/pages\/1075","targetHints":{"allow":["GET"]}}],"collection":[{"href":"https:\/\/www.fcn.unp.edu.ar\/sitio\/farmacognosia\/index.php?rest_route=\/wp\/v2\/pages"}],"about":[{"href":"https:\/\/www.fcn.unp.edu.ar\/sitio\/farmacognosia\/index.php?rest_route=\/wp\/v2\/types\/page"}],"author":[{"embeddable":true,"href":"https:\/\/www.fcn.unp.edu.ar\/sitio\/farmacognosia\/index.php?rest_route=\/wp\/v2\/users\/1"}],"replies":[{"embeddable":true,"href":"https:\/\/www.fcn.unp.edu.ar\/sitio\/farmacognosia\/index.php?rest_route=%2Fwp%2Fv2%2Fcomments&post=1075"}],"version-history":[{"count":9,"href":"https:\/\/www.fcn.unp.edu.ar\/sitio\/farmacognosia\/index.php?rest_route=\/wp\/v2\/pages\/1075\/revisions"}],"predecessor-version":[{"id":1752,"href":"https:\/\/www.fcn.unp.edu.ar\/sitio\/farmacognosia\/index.php?rest_route=\/wp\/v2\/pages\/1075\/revisions\/1752"}],"up":[{"embeddable":true,"href":"https:\/\/www.fcn.unp.edu.ar\/sitio\/farmacognosia\/index.php?rest_route=\/wp\/v2\/pages\/1059"}],"wp:attachment":[{"href":"https:\/\/www.fcn.unp.edu.ar\/sitio\/farmacognosia\/index.php?rest_route=%2Fwp%2Fv2%2Fmedia&parent=1075"}],"curies":[{"name":"wp","href":"https:\/\/api.w.org\/{rel}","templated":true}]}}