{"id":1564,"date":"2017-03-08T20:28:30","date_gmt":"2017-03-08T23:28:30","guid":{"rendered":"http:\/\/www.fcn.unp.edu.ar\/sitio\/farmacognosia\/?page_id=1564"},"modified":"2023-05-15T17:11:45","modified_gmt":"2023-05-15T20:11:45","slug":"cuerpo-docente","status":"publish","type":"page","link":"https:\/\/www.fcn.unp.edu.ar\/sitio\/farmacognosia\/?page_id=1564","title":{"rendered":"CUERPO DOCENTE"},"content":{"rendered":"<ul>\n<li><hr \/>\n<h5><strong>Prof. Titular. Ord. Dra. Mar\u00eda Luj\u00e1n Flores (DE)<\/strong><\/h5>\n<\/li>\n<li>\n<h5><strong>J.T.P. Reg. Dra. Miriam Escobar Daza (DS)<\/strong><\/h5>\n<\/li>\n<li>\n<h5><strong>Aux. 1\u00b0 Farm. Diana Quezada (DS)<\/strong><\/h5>\n<\/li>\n<li>\n<h5><strong>Aux. 1\u00b0 Farm. y Bioq. Mar\u00eda Soledad Namuncur\u00e1 (DS)<\/strong><\/h5>\n<\/li>\n<\/ul>\n<h5 style=\"text-align: justify; line-height: 18.65pt; background: white; margin: 15.0pt 0cm .0001pt 0cm;\"><span style=\"font-size: 15.5pt; color: black;\">El equipo docente del \u00e1rea farmacognosia desarrolla adem\u00e1s actividades docentes de postgrado, con el dictado de cursos estables incluidos en el plan de estudios de las carreras de doctorado de la facultad de ciencias Naturales y ciencias de la Salud, direcci\u00f3n de tesis de doctorado en farmacia y de la<\/span><span class=\"apple-converted-space\"><span style=\"font-size: 15.5pt; color: blue; text-transform: uppercase;\">\u00a0<\/span><\/span><span style=\"font-size: 15.5pt;\">carrera de doctorado en farmacia<span style=\"text-transform: uppercase;\">.<\/span><\/span><\/h5>\n\n\n<p><\/p>\n","protected":false},"excerpt":{"rendered":"<p>Prof. Titular. Ord. Dra. Mar\u00eda Luj\u00e1n Flores (DE) J.T.P. Reg. Dra. Miriam Escobar Daza (DS) Aux. 1\u00b0 Farm. Diana Quezada (DS) Aux. 1\u00b0 Farm. y Bioq. Mar\u00eda Soledad Namuncur\u00e1 (DS) El equipo docente del \u00e1rea farmacognosia desarrolla adem\u00e1s actividades docentes de postgrado, con el dictado de cursos estables incluidos en el plan de estudios de &hellip; <\/p>\n<p><a class=\"more-link btn\" href=\"https:\/\/www.fcn.unp.edu.ar\/sitio\/farmacognosia\/?page_id=1564\">Seguir leyendo<\/a><\/p>\n","protected":false},"author":1,"featured_media":0,"parent":1555,"menu_order":1,"comment_status":"closed","ping_status":"closed","template":"","meta":{"footnotes":""},"class_list":["post-1564","page","type-page","status-publish","hentry","nodate","item-wrap"],"_links":{"self":[{"href":"https:\/\/www.fcn.unp.edu.ar\/sitio\/farmacognosia\/index.php?rest_route=\/wp\/v2\/pages\/1564","targetHints":{"allow":["GET"]}}],"collection":[{"href":"https:\/\/www.fcn.unp.edu.ar\/sitio\/farmacognosia\/index.php?rest_route=\/wp\/v2\/pages"}],"about":[{"href":"https:\/\/www.fcn.unp.edu.ar\/sitio\/farmacognosia\/index.php?rest_route=\/wp\/v2\/types\/page"}],"author":[{"embeddable":true,"href":"https:\/\/www.fcn.unp.edu.ar\/sitio\/farmacognosia\/index.php?rest_route=\/wp\/v2\/users\/1"}],"replies":[{"embeddable":true,"href":"https:\/\/www.fcn.unp.edu.ar\/sitio\/farmacognosia\/index.php?rest_route=%2Fwp%2Fv2%2Fcomments&post=1564"}],"version-history":[{"count":7,"href":"https:\/\/www.fcn.unp.edu.ar\/sitio\/farmacognosia\/index.php?rest_route=\/wp\/v2\/pages\/1564\/revisions"}],"predecessor-version":[{"id":1868,"href":"https:\/\/www.fcn.unp.edu.ar\/sitio\/farmacognosia\/index.php?rest_route=\/wp\/v2\/pages\/1564\/revisions\/1868"}],"up":[{"embeddable":true,"href":"https:\/\/www.fcn.unp.edu.ar\/sitio\/farmacognosia\/index.php?rest_route=\/wp\/v2\/pages\/1555"}],"wp:attachment":[{"href":"https:\/\/www.fcn.unp.edu.ar\/sitio\/farmacognosia\/index.php?rest_route=%2Fwp%2Fv2%2Fmedia&parent=1564"}],"curies":[{"name":"wp","href":"https:\/\/api.w.org\/{rel}","templated":true}]}}