{"id":158,"date":"2009-05-20T08:01:22","date_gmt":"2009-05-20T11:01:22","guid":{"rendered":"http:\/\/www.fcn.unp.edu.ar\/sitio\/farmacognosia\/?page_id=158"},"modified":"2022-03-31T23:55:47","modified_gmt":"2022-04-01T02:55:47","slug":"investigacion-2","status":"publish","type":"page","link":"https:\/\/www.fcn.unp.edu.ar\/sitio\/farmacognosia\/?page_id=158","title":{"rendered":"INVESTIGACION"},"content":{"rendered":"<p style=\"text-align: justify;\"><strong><img loading=\"lazy\" decoding=\"async\" class=\"alignright size-thumbnail wp-image-1479\" src=\"http:\/\/www.fcn.unp.edu.ar\/sitio\/farmacognosia\/wp-content\/uploads\/2009\/05\/logo-cridecit-150x150.png\" alt=\"logo cridecit\" width=\"150\" height=\"150\">Las&nbsp;<\/strong><a href=\"http:\/\/www.fcn.unp.edu.ar\/sitio\/farmacognosia\/?page_id=158\"><strong>actividades de investigaci\u00f3n<\/strong><strong>&nbsp;<\/strong><\/a><strong>comprenden aspectos farmacogn\u00f3sticos de la biodiversidad marina y terrestre de la regi\u00f3n patag\u00f3nica argentina, particularmente del Golfo San Jorge y del Distrito correspondiente, priorizando aquellos recursos naturales utilizados en Salud por etnias nativas tales como los Tehuelches. Como ocurre en otros lugares del mundo en que el mar forma parte de la vida cotidiana de sus habitantes, nuestra Instituci\u00f3n se halla ubicada en una zona costera, por lo que hemos consolidado un grupo de trabajo en Farmacognosia Marina, lo que genera adem\u00e1s de investigaciones originales y desarrollo de tesis, la incorporaci\u00f3n de esta tem\u00e1tica a la Curr\u00edcula de la Carrera de Farmacia, generando as\u00ed un espacio novedoso de aprendizaje para los futuros profesionales.<\/strong><\/p>\n<p style=\"text-align: center;\"><span style=\"color: #000000;\"><a href=\"http:\/\/www.fcn.unp.edu.ar\/sitio\/farmacognosia\/?page_id=440\" target=\"_self\" rel=\"noopener noreferrer\"><img loading=\"lazy\" decoding=\"async\" class=\"size-full wp-image-430 aligncenter\" title=\"investigadores\" src=\"http:\/\/www.fcn.unp.edu.ar\/sitio\/farmacognosia\/wp-content\/uploads\/2009\/05\/investigadores.jpg\" alt=\"investigadores\" width=\"172\" height=\"69\"><\/a><\/span><\/p>\n<p style=\"text-align: center;\"><a href=\"http:\/\/www.fcn.unp.edu.ar\/sitio\/farmacognosia\/?page_id=262\" target=\"_self\" rel=\"noopener noreferrer\"><img loading=\"lazy\" decoding=\"async\" class=\"size-full wp-image-433 aligncenter\" title=\"proyectos2\" src=\"http:\/\/www.fcn.unp.edu.ar\/sitio\/farmacognosia\/wp-content\/uploads\/2009\/05\/proyectos2.jpg\" alt=\"proyectos2\" width=\"174\" height=\"64\"><\/a><\/p>\n<p style=\"text-align: center;\">\n<p style=\"text-align: center;\"><a href=\"http:\/\/www.fcn.unp.edu.ar\/sitio\/farmacognosia\/?page_id=1059\" target=\"_self\" rel=\"noopener noreferrer\"><img loading=\"lazy\" decoding=\"async\" class=\"size-full wp-image-610 aligncenter\" title=\"presentaciones\" src=\"http:\/\/www.fcn.unp.edu.ar\/sitio\/farmacognosia\/wp-content\/uploads\/2009\/05\/presentaciones1.jpg\" alt=\"\" width=\"175\" height=\"65\"><\/a><\/p>\n<p style=\"text-align: center;\">\n<p style=\"text-align: center;\">&nbsp;<a href=\"http:\/\/www.fcn.unp.edu.ar\/sitio\/farmacognosia\/?page_id=929\"><img loading=\"lazy\" decoding=\"async\" class=\"size-full wp-image-924 aligncenter\" title=\"publica\" src=\"http:\/\/www.fcn.unp.edu.ar\/sitio\/farmacognosia\/wp-content\/uploads\/2009\/05\/publica.jpg\" alt=\"\" width=\"178\" height=\"69\"><\/a><\/p>\n<p>.<\/p>\n","protected":false},"excerpt":{"rendered":"<p>Las&nbsp;actividades de investigaci\u00f3n&nbsp;comprenden aspectos farmacogn\u00f3sticos de la biodiversidad marina y terrestre de la regi\u00f3n patag\u00f3nica argentina, particularmente del Golfo San Jorge y del Distrito correspondiente, priorizando aquellos recursos naturales utilizados en Salud por etnias nativas tales como los Tehuelches. Como ocurre en otros lugares del mundo en que el mar forma parte de la vida &hellip; <\/p>\n<p><a class=\"more-link btn\" href=\"https:\/\/www.fcn.unp.edu.ar\/sitio\/farmacognosia\/?page_id=158\">Seguir leyendo<\/a><\/p>\n","protected":false},"author":1,"featured_media":0,"parent":0,"menu_order":3,"comment_status":"closed","ping_status":"closed","template":"","meta":{"footnotes":""},"class_list":["post-158","page","type-page","status-publish","hentry","nodate","item-wrap"],"_links":{"self":[{"href":"https:\/\/www.fcn.unp.edu.ar\/sitio\/farmacognosia\/index.php?rest_route=\/wp\/v2\/pages\/158","targetHints":{"allow":["GET"]}}],"collection":[{"href":"https:\/\/www.fcn.unp.edu.ar\/sitio\/farmacognosia\/index.php?rest_route=\/wp\/v2\/pages"}],"about":[{"href":"https:\/\/www.fcn.unp.edu.ar\/sitio\/farmacognosia\/index.php?rest_route=\/wp\/v2\/types\/page"}],"author":[{"embeddable":true,"href":"https:\/\/www.fcn.unp.edu.ar\/sitio\/farmacognosia\/index.php?rest_route=\/wp\/v2\/users\/1"}],"replies":[{"embeddable":true,"href":"https:\/\/www.fcn.unp.edu.ar\/sitio\/farmacognosia\/index.php?rest_route=%2Fwp%2Fv2%2Fcomments&post=158"}],"version-history":[{"count":19,"href":"https:\/\/www.fcn.unp.edu.ar\/sitio\/farmacognosia\/index.php?rest_route=\/wp\/v2\/pages\/158\/revisions"}],"predecessor-version":[{"id":1854,"href":"https:\/\/www.fcn.unp.edu.ar\/sitio\/farmacognosia\/index.php?rest_route=\/wp\/v2\/pages\/158\/revisions\/1854"}],"wp:attachment":[{"href":"https:\/\/www.fcn.unp.edu.ar\/sitio\/farmacognosia\/index.php?rest_route=%2Fwp%2Fv2%2Fmedia&parent=158"}],"curies":[{"name":"wp","href":"https:\/\/api.w.org\/{rel}","templated":true}]}}