{"id":262,"date":"2009-07-09T06:53:05","date_gmt":"2009-07-09T09:53:05","guid":{"rendered":"http:\/\/www.fcn.unp.edu.ar\/sitio\/farmacognosia\/?page_id=262"},"modified":"2022-04-01T17:47:36","modified_gmt":"2022-04-01T20:47:36","slug":"proyectos-de-investigacion","status":"publish","type":"page","link":"https:\/\/www.fcn.unp.edu.ar\/sitio\/farmacognosia\/?page_id=262","title":{"rendered":"Proyectos de investigaci\u00f3n"},"content":{"rendered":"<p>&#8211; Recursos Vegetales del Borde Costero y Patagonia Sur como fuente de productos de importancia medicinal: 2\u00b0 PARTE &#8211; Metabol\u00f3mica y aplicaci\u00f3n. Inicio 01\/01\/2021 y finaliza el 30\/12\/2023. PI UNPSJB. Director: Dra. Mar\u00eda Luj\u00e1n Flores.<\/p>\n<p>&#8211; Estudio Integral farmacogn\u00f3stico con miras a la obtenci\u00f3n a la obtenci\u00f3n y puesta en valor de productos de algas y plantas costeras de la regi\u00f3n central del Golfo San Jorge, Patagonia Argentina. Inicio 04\/2021, finaliza 03\/2024. C\u00f3digo PICT 2019- 03865. FONCYT-ANPCYT Argentina.<\/p>\n","protected":false},"excerpt":{"rendered":"<p>&#8211; Recursos Vegetales del Borde Costero y Patagonia Sur como fuente de productos de importancia medicinal: 2\u00b0 PARTE &#8211; Metabol\u00f3mica y aplicaci\u00f3n. Inicio 01\/01\/2021 y finaliza el 30\/12\/2023. PI UNPSJB. Director: Dra. Mar\u00eda Luj\u00e1n Flores. &#8211; Estudio Integral farmacogn\u00f3stico con miras a la obtenci\u00f3n a la obtenci\u00f3n y puesta en valor de productos de algas &hellip; <\/p>\n<p><a class=\"more-link btn\" href=\"https:\/\/www.fcn.unp.edu.ar\/sitio\/farmacognosia\/?page_id=262\">Seguir leyendo<\/a><\/p>\n","protected":false},"author":1,"featured_media":0,"parent":158,"menu_order":0,"comment_status":"closed","ping_status":"closed","template":"","meta":{"footnotes":""},"class_list":["post-262","page","type-page","status-publish","hentry","nodate","item-wrap"],"_links":{"self":[{"href":"https:\/\/www.fcn.unp.edu.ar\/sitio\/farmacognosia\/index.php?rest_route=\/wp\/v2\/pages\/262","targetHints":{"allow":["GET"]}}],"collection":[{"href":"https:\/\/www.fcn.unp.edu.ar\/sitio\/farmacognosia\/index.php?rest_route=\/wp\/v2\/pages"}],"about":[{"href":"https:\/\/www.fcn.unp.edu.ar\/sitio\/farmacognosia\/index.php?rest_route=\/wp\/v2\/types\/page"}],"author":[{"embeddable":true,"href":"https:\/\/www.fcn.unp.edu.ar\/sitio\/farmacognosia\/index.php?rest_route=\/wp\/v2\/users\/1"}],"replies":[{"embeddable":true,"href":"https:\/\/www.fcn.unp.edu.ar\/sitio\/farmacognosia\/index.php?rest_route=%2Fwp%2Fv2%2Fcomments&post=262"}],"version-history":[{"count":2,"href":"https:\/\/www.fcn.unp.edu.ar\/sitio\/farmacognosia\/index.php?rest_route=\/wp\/v2\/pages\/262\/revisions"}],"predecessor-version":[{"id":1861,"href":"https:\/\/www.fcn.unp.edu.ar\/sitio\/farmacognosia\/index.php?rest_route=\/wp\/v2\/pages\/262\/revisions\/1861"}],"up":[{"embeddable":true,"href":"https:\/\/www.fcn.unp.edu.ar\/sitio\/farmacognosia\/index.php?rest_route=\/wp\/v2\/pages\/158"}],"wp:attachment":[{"href":"https:\/\/www.fcn.unp.edu.ar\/sitio\/farmacognosia\/index.php?rest_route=%2Fwp%2Fv2%2Fmedia&parent=262"}],"curies":[{"name":"wp","href":"https:\/\/api.w.org\/{rel}","templated":true}]}}