{"id":529,"date":"2009-07-29T09:35:38","date_gmt":"2009-07-29T12:35:38","guid":{"rendered":"http:\/\/www.fcn.unp.edu.ar\/sitio\/farmacognosia\/?page_id=529"},"modified":"2019-05-26T04:50:15","modified_gmt":"2019-05-26T07:50:15","slug":"vinculacion-con-la-comunidad","status":"publish","type":"page","link":"https:\/\/www.fcn.unp.edu.ar\/sitio\/farmacognosia\/?page_id=529","title":{"rendered":"Vinculaci\u00f3n con la comunidad"},"content":{"rendered":"<p style=\"text-align: justify;\"><strong>Las&nbsp;<\/strong><a href=\"http:\/\/www.fcn.unp.edu.ar\/sitio\/farmacognosia\/?page_id=35\"><strong>actividades de extensi\u00f3n<\/strong><strong>&nbsp;<\/strong><\/a><strong>se direccionan a vincular Universidad \u2013 Comunidad, lo cual permite tanto al profesional Farmac\u00e9utico como al alumno de grado y de postgrado realzar su funci\u00f3n como educador sanitario e integrante del equipo de atenci\u00f3n primaria de la salud generando un enriquecimiento mutuo.<\/strong><\/p>\n\n\n<p>2019<\/p>\n\n\n\n<div class=\"wp-block-file\"><a href=\"http:\/\/www.fcn.unp.edu.ar\/sitio\/farmacognosia\/wp-content\/uploads\/2019\/05\/30-de-mayo-EXISTE-AUTOMEDICACION-CON-PLANTAS-MEDICINALES.pdf\">30 de mayo EXISTE AUTOMEDICACION CON PLANTAS MEDICINALES<\/a><a href=\"http:\/\/www.fcn.unp.edu.ar\/sitio\/farmacognosia\/wp-content\/uploads\/2019\/05\/30-de-mayo-EXISTE-AUTOMEDICACION-CON-PLANTAS-MEDICINALES.pdf\" class=\"wp-block-file__button\" download>Descarga<\/a><\/div>\n\n\n\n<p> <br>22 de mayo 2019  La Uni te Recibe <\/p>\n","protected":false},"excerpt":{"rendered":"<p>Las&nbsp;actividades de extensi\u00f3n&nbsp;se direccionan a vincular Universidad \u2013 Comunidad, lo cual permite tanto al profesional Farmac\u00e9utico como al alumno de grado y de postgrado realzar su funci\u00f3n como educador sanitario e integrante del equipo de atenci\u00f3n primaria de la salud generando un enriquecimiento mutuo. 2019 22 de mayo 2019 La Uni te Recibe<\/p>\n","protected":false},"author":1,"featured_media":0,"parent":35,"menu_order":0,"comment_status":"closed","ping_status":"closed","template":"","meta":{"footnotes":""},"class_list":["post-529","page","type-page","status-publish","hentry","nodate","item-wrap"],"_links":{"self":[{"href":"https:\/\/www.fcn.unp.edu.ar\/sitio\/farmacognosia\/index.php?rest_route=\/wp\/v2\/pages\/529","targetHints":{"allow":["GET"]}}],"collection":[{"href":"https:\/\/www.fcn.unp.edu.ar\/sitio\/farmacognosia\/index.php?rest_route=\/wp\/v2\/pages"}],"about":[{"href":"https:\/\/www.fcn.unp.edu.ar\/sitio\/farmacognosia\/index.php?rest_route=\/wp\/v2\/types\/page"}],"author":[{"embeddable":true,"href":"https:\/\/www.fcn.unp.edu.ar\/sitio\/farmacognosia\/index.php?rest_route=\/wp\/v2\/users\/1"}],"replies":[{"embeddable":true,"href":"https:\/\/www.fcn.unp.edu.ar\/sitio\/farmacognosia\/index.php?rest_route=%2Fwp%2Fv2%2Fcomments&post=529"}],"version-history":[{"count":7,"href":"https:\/\/www.fcn.unp.edu.ar\/sitio\/farmacognosia\/index.php?rest_route=\/wp\/v2\/pages\/529\/revisions"}],"predecessor-version":[{"id":1761,"href":"https:\/\/www.fcn.unp.edu.ar\/sitio\/farmacognosia\/index.php?rest_route=\/wp\/v2\/pages\/529\/revisions\/1761"}],"up":[{"embeddable":true,"href":"https:\/\/www.fcn.unp.edu.ar\/sitio\/farmacognosia\/index.php?rest_route=\/wp\/v2\/pages\/35"}],"wp:attachment":[{"href":"https:\/\/www.fcn.unp.edu.ar\/sitio\/farmacognosia\/index.php?rest_route=%2Fwp%2Fv2%2Fmedia&parent=529"}],"curies":[{"name":"wp","href":"https:\/\/api.w.org\/{rel}","templated":true}]}}