{"id":579,"date":"2010-01-02T18:26:19","date_gmt":"2010-01-02T21:26:19","guid":{"rendered":"http:\/\/www.fcn.unp.edu.ar\/sitio\/farmacognosia\/?page_id=579"},"modified":"2019-05-26T02:52:15","modified_gmt":"2019-05-26T05:52:15","slug":"presentaciones-en-eventos-cientificos","status":"publish","type":"page","link":"https:\/\/www.fcn.unp.edu.ar\/sitio\/farmacognosia\/?page_id=579","title":{"rendered":"INTERNACIONAL"},"content":{"rendered":"\n<p>2019<\/p>\n\n\n\n<p><strong>XXII Reuni\u00f3n de la Comisi\u00f3n Permanente, la XV Asamblea General y el VIII Congreso Iberoamericano de Ciencias Farmac\u00e9uticas, COIFFA 2019. Se realizar\u00e1n<\/strong>\u00a0del\u00a0<strong>1 al 4 de julio de 2019\u00a0<\/strong><\/p>\n\n\n\n<p><a href=\"https:\/\/www.uv.mx\/qfb\/general\/viii-congreso-iberoamericano-de-ciencias-farmaceuticas-coiffa-2019\/\">https:\/\/www.uv.mx\/qfb\/general\/viii-congreso-iberoamericano-de-ciencias-farmaceuticas-coiffa-2019\/<\/a><\/p>\n\n\n\n<p><\/p>\n","protected":false},"excerpt":{"rendered":"<p>2019 XXII Reuni\u00f3n de la Comisi\u00f3n Permanente, la XV Asamblea General y el VIII Congreso Iberoamericano de Ciencias Farmac\u00e9uticas, COIFFA 2019. Se realizar\u00e1n\u00a0del\u00a01 al 4 de julio de 2019\u00a0 https:\/\/www.uv.mx\/qfb\/general\/viii-congreso-iberoamericano-de-ciencias-farmaceuticas-coiffa-2019\/<\/p>\n","protected":false},"author":1,"featured_media":0,"parent":1059,"menu_order":4,"comment_status":"open","ping_status":"open","template":"","meta":{"footnotes":""},"class_list":["post-579","page","type-page","status-publish","hentry","nodate","item-wrap"],"_links":{"self":[{"href":"https:\/\/www.fcn.unp.edu.ar\/sitio\/farmacognosia\/index.php?rest_route=\/wp\/v2\/pages\/579","targetHints":{"allow":["GET"]}}],"collection":[{"href":"https:\/\/www.fcn.unp.edu.ar\/sitio\/farmacognosia\/index.php?rest_route=\/wp\/v2\/pages"}],"about":[{"href":"https:\/\/www.fcn.unp.edu.ar\/sitio\/farmacognosia\/index.php?rest_route=\/wp\/v2\/types\/page"}],"author":[{"embeddable":true,"href":"https:\/\/www.fcn.unp.edu.ar\/sitio\/farmacognosia\/index.php?rest_route=\/wp\/v2\/users\/1"}],"replies":[{"embeddable":true,"href":"https:\/\/www.fcn.unp.edu.ar\/sitio\/farmacognosia\/index.php?rest_route=%2Fwp%2Fv2%2Fcomments&post=579"}],"version-history":[{"count":9,"href":"https:\/\/www.fcn.unp.edu.ar\/sitio\/farmacognosia\/index.php?rest_route=\/wp\/v2\/pages\/579\/revisions"}],"predecessor-version":[{"id":1754,"href":"https:\/\/www.fcn.unp.edu.ar\/sitio\/farmacognosia\/index.php?rest_route=\/wp\/v2\/pages\/579\/revisions\/1754"}],"up":[{"embeddable":true,"href":"https:\/\/www.fcn.unp.edu.ar\/sitio\/farmacognosia\/index.php?rest_route=\/wp\/v2\/pages\/1059"}],"wp:attachment":[{"href":"https:\/\/www.fcn.unp.edu.ar\/sitio\/farmacognosia\/index.php?rest_route=%2Fwp%2Fv2%2Fmedia&parent=579"}],"curies":[{"name":"wp","href":"https:\/\/api.w.org\/{rel}","templated":true}]}}