{"id":345,"date":"2010-03-02T17:59:39","date_gmt":"2010-03-02T20:59:39","guid":{"rendered":"http:\/\/www.fcn.unp.edu.ar\/sitio\/tecnofarma\/?page_id=345"},"modified":"2024-03-15T14:56:29","modified_gmt":"2024-03-15T17:56:29","slug":"equipo-de-catedra","status":"publish","type":"page","link":"https:\/\/www.fcn.unp.edu.ar\/sitio\/tecnofarma\/?page_id=345","title":{"rendered":"Equipo de C\u00e1tedra"},"content":{"rendered":"<table border=\"5\">\n<tbody>\n<tr>\n<td><img loading=\"lazy\" decoding=\"async\" src=\"http:\/\/www.fcn.unp.edu.ar\/sitio\/tecnofarma\/wp-content\/uploads\/2010\/03\/Foto-Moni.jpg\" alt=\"\" width=\"132\" height=\"168\" \/><\/td>\n<td><strong><span style=\"text-decoration: underline;\">M\u00f3nica Das Neves Guerreiro<\/span><\/strong><\/p>\n<p><span style=\"text-decoration: underline;\">T\u00edtulo de grado:<\/span> Farmac\u00e9utica egresada de la Universidad Nacional de la Patagonia San Juan Bosco.<\/p>\n<p><span style=\"text-decoration: underline;\">Cargo:<\/span> Profesor adjunto interino, en la c\u00e1tedra Tecnolog\u00eda Farmac\u00e9utica I, Universidad Nacional de la Patagonia San Juan Bosco.<\/p>\n<p><span style=\"text-decoration: underline;\">Direcci\u00f3n electr\u00f3nica:<\/span> modanegue@gmail.com<\/td>\n<\/tr>\n<\/tbody>\n<\/table>\n<table border=\"5\">\n<tbody>\n<tr>\n<td><img loading=\"lazy\" decoding=\"async\" src=\"http:\/\/www.fcn.unp.edu.ar\/sitio\/tecnofarma\/wp-content\/uploads\/2015\/03\/20150318_122303-1.jpg\" alt=\"\" width=\"132\" height=\"168\" \/><\/td>\n<td><strong><span style=\"text-decoration: underline;\">Liliana Rementeria<\/span><\/strong><\/p>\n<p><span style=\"text-decoration: underline;\">T\u00edtulo de grado:<\/span> Farmac\u00e9utica egresada de la Universidad Nacional de la Patagonia San Juan Bosco.<\/p>\n<p><span style=\"text-decoration: underline;\">Cargo:<\/span> Jefe de Trabajos Pr\u00e1cticos interino, en la c\u00e1tedra Tecnolog\u00eda Farmac\u00e9utica I, Universidad Nacional de la Patagonia San Juan Bosco.<\/p>\n<p>Auxiliar de primera interino, en la c\u00e1tedra Tecnolog\u00eda Farmac\u00e9utica II, Universidad Nacional de la Patagonia San Juan Bosco.<\/p>\n<p><span style=\"text-decoration: underline;\">Direcci\u00f3n electr\u00f3nica:<\/span>lmargarementeria@gmail.com<\/td>\n<\/tr>\n<\/tbody>\n<\/table>\n<table border=\"5\">\n<tbody>\n<tr>\n<td><img loading=\"lazy\" decoding=\"async\" src=\"http:\/\/www.fcn.unp.edu.ar\/sitio\/tecnofarma\/wp-content\/uploads\/2015\/03\/20150318_133420-1.jpg\" alt=\"\" width=\"132\" height=\"168\" \/><\/td>\n<td><strong><span style=\"text-decoration: underline;\">Miguel Ruiz<\/span><\/strong><\/p>\n<p><span style=\"text-decoration: underline;\">T\u00edtulo de grado:<\/span> Farmac\u00e9utico egresado de la Universidad Nacional de la Patagonia San Juan Bosco.<\/p>\n<p><span style=\"text-decoration: underline;\">Cargo:<\/span> Auxiliar de primera interino, en la c\u00e1tedra Tecnolog\u00eda Farmac\u00e9utica I, Universidad Nacional de la Patagonia San Juan Bosco.<\/p>\n<p><span style=\"text-decoration: underline;\">Direcci\u00f3n electr\u00f3nica<\/span>: migue_ruiz3@hotmail.com<\/td>\n<\/tr>\n<\/tbody>\n<\/table>\n<table border=\"5\">\n<tbody>\n<tr>\n<td><\/td>\n<td><\/td>\n<\/tr>\n<\/tbody>\n<\/table>\n<table border=\"5\">\n<tbody>\n<tr>\n<td><\/td>\n<td><strong><span style=\"text-decoration: underline;\">\u00a0<\/span><\/strong><\/td>\n<\/tr>\n<\/tbody>\n<\/table>\n","protected":false},"excerpt":{"rendered":"<p>M\u00f3nica Das Neves Guerreiro T\u00edtulo de grado: Farmac\u00e9utica egresada de la Universidad Nacional de la Patagonia San Juan Bosco. Cargo: Profesor adjunto interino, en la c\u00e1tedra Tecnolog\u00eda Farmac\u00e9utica I, Universidad Nacional de la Patagonia San Juan Bosco. Direcci\u00f3n electr\u00f3nica: modanegue@gmail.com Liliana Rementeria T\u00edtulo de grado: Farmac\u00e9utica egresada de la Universidad Nacional de la Patagonia San [&hellip;]<\/p>\n","protected":false},"author":1,"featured_media":0,"parent":461,"menu_order":5,"comment_status":"closed","ping_status":"closed","template":"","meta":{"footnotes":""},"class_list":["post-345","page","type-page","status-publish","hentry"],"_links":{"self":[{"href":"https:\/\/www.fcn.unp.edu.ar\/sitio\/tecnofarma\/index.php?rest_route=\/wp\/v2\/pages\/345","targetHints":{"allow":["GET"]}}],"collection":[{"href":"https:\/\/www.fcn.unp.edu.ar\/sitio\/tecnofarma\/index.php?rest_route=\/wp\/v2\/pages"}],"about":[{"href":"https:\/\/www.fcn.unp.edu.ar\/sitio\/tecnofarma\/index.php?rest_route=\/wp\/v2\/types\/page"}],"author":[{"embeddable":true,"href":"https:\/\/www.fcn.unp.edu.ar\/sitio\/tecnofarma\/index.php?rest_route=\/wp\/v2\/users\/1"}],"replies":[{"embeddable":true,"href":"https:\/\/www.fcn.unp.edu.ar\/sitio\/tecnofarma\/index.php?rest_route=%2Fwp%2Fv2%2Fcomments&post=345"}],"version-history":[{"count":44,"href":"https:\/\/www.fcn.unp.edu.ar\/sitio\/tecnofarma\/index.php?rest_route=\/wp\/v2\/pages\/345\/revisions"}],"predecessor-version":[{"id":1659,"href":"https:\/\/www.fcn.unp.edu.ar\/sitio\/tecnofarma\/index.php?rest_route=\/wp\/v2\/pages\/345\/revisions\/1659"}],"up":[{"embeddable":true,"href":"https:\/\/www.fcn.unp.edu.ar\/sitio\/tecnofarma\/index.php?rest_route=\/wp\/v2\/pages\/461"}],"wp:attachment":[{"href":"https:\/\/www.fcn.unp.edu.ar\/sitio\/tecnofarma\/index.php?rest_route=%2Fwp%2Fv2%2Fmedia&parent=345"}],"curies":[{"name":"wp","href":"https:\/\/api.w.org\/{rel}","templated":true}]}}